{"id":887,"date":"2023-03-12T16:33:45","date_gmt":"2023-03-12T16:33:45","guid":{"rendered":"http:\/\/www.katlanabilirtentefiyatlari.com\/?post_type=product&#038;p=887"},"modified":"2023-03-12T16:34:50","modified_gmt":"2023-03-12T16:34:50","slug":"clk-3x3-garden-bungalov-cabana-bahce-cadiri-katlanir-gazebo-tente-13","status":"publish","type":"product","link":"http:\/\/www.katlanabilirtentefiyatlari.com\/index.php\/urun\/clk-3x3-garden-bungalov-cabana-bahce-cadiri-katlanir-gazebo-tente-13\/","title":{"rendered":"CLK 3&#215;3 Garden Bungalov Cabana Bah\u00e7e \u00c7ad\u0131r\u0131 Katlan\u0131r Gazebo Tente 13"},"content":{"rendered":"<h2 style=\"text-align: center;\">CLK 3&#215;3 Katlanabilir Bah\u00e7e G\u00f6lgelik \u00c7ad\u0131r\u0131 (Bungalov Serisi)<\/h2>\n<h3><strong>CLK Cabana 3&#215;3 Garden Bah\u00e7e \u00c7ad\u0131r\u0131 Gazebo Katlan\u0131r Tente \u0130malat\u0131 ve Sat\u0131\u015f\u0131<\/strong><\/h3>\n<h3>CLK GARDEN<\/h3>\n<p>4 tasar\u0131mc\u0131m\u0131z perdeli yeni katlanabilir tente Bungalov bah\u00e7e serisi ile stil ve gizlilik i\u00e7in en iyi gazebo \u00e7ad\u0131r\u0131 \u00fcretti. En iyi ta\u015f\u0131nabilir l\u00fcks olan katlanabilir tente, paslanmaya kar\u015f\u0131 dayan\u0131kl\u0131 ve tek par\u00e7a kolay kurulumun yan\u0131 s\u0131ra sekt\u00f6rdeki en g\u00fc\u00e7l\u00fc \u00e7er\u00e7eveye sahiptir. CLK Garden bah\u00e7e \u00e7ad\u0131r\u0131 premium \u00e7\u00f6z\u00fcm boyal\u0131 akrilik \u00fcst ve perdeler y\u00fcksek s\u0131cakl\u0131klara, ultraviyole \u0131\u015f\u0131\u011fa, suya ve g\u00fcne\u015fin solmas\u0131na kar\u015f\u0131 dayan\u0131kl\u0131d\u0131r.<\/p>\n<div class=\"content-left\">\n<p><strong>\u00d6zellikleri:<\/strong><\/p>\n<ul class=\"bulletz\">\n<li>30mm \u00e7elik , 40 mm \u00e7elik, 40 mm al\u00fcminyum, 52 mm al\u00fcminyum profil se\u00e7enekleri<\/li>\n<li>9 Metrekare G\u00f6lgeli Alan<\/li>\n<li>Artan Hava Ak\u0131\u015f\u0131 ve R\u00fczgar Direnci i\u00e7in Havaland\u0131rmal\u0131 \u00dcst<\/li>\n<li>3 Kademe Y\u00fckseklik Ayar\u0131<\/li>\n<li>Daha Fazla Dayan\u0131kl\u0131l\u0131k i\u00e7in Takviyeli Kuma\u015f K\u00f6\u015feler<\/li>\n<li>2 Y\u0131l Garanti<\/li>\n<li><span style=\"font-size: medium;\">Renk: T\u00fcm renklerde imalat se\u00e7ene\u011fi<\/span><\/li>\n<li><span style=\"font-size: medium;\">Perdeler s\u00fcs ama\u00e7l\u0131d\u0131r kapanmaz<\/span><\/li>\n<li>Kuma\u015f : Oxford su ge\u00e7irmez kuma\u015f Uv koruyuculu<\/li>\n<\/ul>\n<h3>\u0130leti\u015fim:<\/h3>\n<div>Ankara: 0 312 429 02 09<\/div>\n<div><\/div>\n<div>\u0130stanbul: 0 216 599 03 53<\/div>\n<div><\/div>\n<div>\u0130zmir: 0 850 885 13 65<\/div>\n<div><\/div>\n<div>Bursa: 0 850 885 20 19<\/div>\n<div><\/div>\n<div>Antalya: 0 850 885 20 29<\/div>\n<div><\/div>\n<div>Adana: 0 850 885 19 89<\/div>\n<div><\/div>\n<div>\u0130zmit-Kocaeli: 0 850 885 13 65<\/div>\n<div><\/div>\n<div><strong>T\u00fcrkiye geneli sipari\u015f hatt\u0131: 0 533 925 36 78<\/strong><\/div>\n<div><\/div>\n<div>E-mail: <a href=\"mailto:info@clkticaret.com\"><strong>info@clkticaret.com<\/strong><\/a><\/div>\n<\/div>\n","protected":false},"excerpt":{"rendered":"<p>CLK 3&#215;3 Katlanabilir Bah\u00e7e G\u00f6lgelik \u00c7ad\u0131r\u0131 (Bungalov Serisi) CLK Cabana 3&#215;3 Garden Bah\u00e7e \u00c7ad\u0131r\u0131 Gazebo Katlan\u0131r Tente \u0130malat\u0131 ve Sat\u0131\u015f\u0131 CLK GARDEN 4 tasar\u0131mc\u0131m\u0131z perdeli&#8230;<\/p>\n","protected":false},"featured_media":996,"comment_status":"open","ping_status":"closed","template":"","meta":{"om_disable_all_campaigns":false,"_monsterinsights_skip_tracking":false,"_monsterinsights_sitenote_active":false,"_monsterinsights_sitenote_note":"","_monsterinsights_sitenote_category":0},"product_brand":[],"product_cat":[376,377,378,379,380,381,382,383],"product_tag":[384,385,386,387,388,389,390,391],"class_list":{"0":"post-887","1":"product","2":"type-product","3":"status-publish","4":"has-post-thumbnail","6":"product_cat-clk-3x3-garden-bahce-cadiri","7":"product_cat-clk-3x3-gazebo-katlanir-bahce-cadiri-garden","8":"product_cat-clk-3x3-katlanabilir-gazebo-golgelik-bahce-cadiri-tente","9":"product_cat-clk-3x3-katlanir-golgelik-bahce-tentesi","10":"product_cat-clk-bungalov-bahce-cadiri","11":"product_cat-clk-cabana-otel-havuz-plaj-cadiri","12":"product_cat-garden-cadir","13":"product_cat-otel-cadiri","14":"product_tag-clk-3x3-cabana-otel-cadiri","15":"product_tag-clk-3x3-garden-bahce-cadiri","16":"product_tag-clk-3x3-gazebo-cabana-cadir","17":"product_tag-clk-garden","18":"product_tag-clk-garden-bahce-cadiri","19":"product_tag-clk-garden-model-cadir","20":"product_tag-golgelik-tente","21":"product_tag-katlanir-gazebocadir","23":"first","24":"instock","25":"shipping-taxable","26":"product-type-simple"},"aioseo_notices":[],"_links":{"self":[{"href":"http:\/\/www.katlanabilirtentefiyatlari.com\/index.php\/wp-json\/wp\/v2\/product\/887","targetHints":{"allow":["GET"]}}],"collection":[{"href":"http:\/\/www.katlanabilirtentefiyatlari.com\/index.php\/wp-json\/wp\/v2\/product"}],"about":[{"href":"http:\/\/www.katlanabilirtentefiyatlari.com\/index.php\/wp-json\/wp\/v2\/types\/product"}],"replies":[{"embeddable":true,"href":"http:\/\/www.katlanabilirtentefiyatlari.com\/index.php\/wp-json\/wp\/v2\/comments?post=887"}],"wp:featuredmedia":[{"embeddable":true,"href":"http:\/\/www.katlanabilirtentefiyatlari.com\/index.php\/wp-json\/wp\/v2\/media\/996"}],"wp:attachment":[{"href":"http:\/\/www.katlanabilirtentefiyatlari.com\/index.php\/wp-json\/wp\/v2\/media?parent=887"}],"wp:term":[{"taxonomy":"product_brand","embeddable":true,"href":"http:\/\/www.katlanabilirtentefiyatlari.com\/index.php\/wp-json\/wp\/v2\/product_brand?post=887"},{"taxonomy":"product_cat","embeddable":true,"href":"http:\/\/www.katlanabilirtentefiyatlari.com\/index.php\/wp-json\/wp\/v2\/product_cat?post=887"},{"taxonomy":"product_tag","embeddable":true,"href":"http:\/\/www.katlanabilirtentefiyatlari.com\/index.php\/wp-json\/wp\/v2\/product_tag?post=887"}],"curies":[{"name":"wp","href":"https:\/\/api.w.org\/{rel}","templated":true}]}}