{"id":2732,"date":"2023-03-12T18:18:23","date_gmt":"2023-03-12T18:18:23","guid":{"rendered":"http:\/\/www.katlanabilirtentefiyatlari.com\/?post_type=product&#038;p=2732"},"modified":"2023-03-12T18:20:46","modified_gmt":"2023-03-12T18:20:46","slug":"clk-4x4-katlanabilir-tente-gazebo-cadir-arka-kapali-perdeli-stand-tanitim-golgelik-cardak-makasli-cadirlar","status":"publish","type":"product","link":"http:\/\/www.katlanabilirtentefiyatlari.com\/index.php\/urun\/clk-4x4-katlanabilir-tente-gazebo-cadir-arka-kapali-perdeli-stand-tanitim-golgelik-cardak-makasli-cadirlar\/","title":{"rendered":"CLK 4&#215;4 Katlanabilir Tente Gazebo \u00c7ad\u0131r Arka Kapal\u0131 Perdeli Stand Tan\u0131t\u0131m G\u00f6lgelik \u00c7ardak Makasl\u0131 \u00c7ad\u0131rlar"},"content":{"rendered":"<h2 style=\"text-align: center;\">CLK 4&#215;4 Katlanabilir Tente Gazebo \u00c7ad\u0131r Arka Kapal\u0131 Perdeli Stand Tan\u0131t\u0131m G\u00f6lgelik \u00c7ardak Makasl\u0131 \u00c7ad\u0131rlar<\/h2>\n<h2 style=\"text-align: center;\">T\u00fcrkiye&#8217;de Tek \u0130malat\u00e7\u0131 Firma CLK Ticaret Garantisi<\/h2>\n<h3 style=\"text-align: center;\"><strong>\u0130LET\u0130\u015e\u0130M: 0 533 925 36 78\u00a0<\/strong><\/h3>\n<p><a href=\"http:\/\/www.gazebocadir.com.tr\/wp-content\/uploads\/2023\/01\/clk-4x4-gazebo-cadir-portatif-tente-stand-tanitim-cadiri-makasli-cardak-saks-mavi-arka-kapali.jpg\"><img loading=\"lazy\" decoding=\"async\" class=\"aligncenter size-medium wp-image-3128\" src=\"http:\/\/www.gazebocadir.com.tr\/wp-content\/uploads\/2023\/01\/clk-4x4-gazebo-cadir-portatif-tente-stand-tanitim-cadiri-makasli-cardak-saks-mavi-arka-kapali-300x200.jpg\" alt=\"\" width=\"300\" height=\"200\" \/><\/a><\/p>\n<h3>1 Kenar Kapal\u0131 Perdeli Stand Tan\u0131t\u0131m \u00c7ad\u0131r\u0131 4&#215;4 Gazebo Tente<\/h3>\n<div>\u0130malat\u00e7\u0131 firma\u00a0CLK T\u0130CARET\u00a0g\u00fcvencesi ile %100 su ge\u00e7irmez Oxford kuma\u015f ile \u00fcretilmi\u015f, branda ve iskelet garantili katlanabilir gazebo \u00e7ad\u0131rlar\u0131.<\/div>\n<div><\/div>\n<div>Paket \u0130\u00e7eri\u011fi:\u00a0\u00a0Gazebo Tavan Kuma\u015f\u0131 + 40 mm \u00c7elik \u0130skelet veya 52 mm Al\u00fcminyum Profil + 4 mt Arka Duvar Perde<\/div>\n<div>Not:\u00a0\u00c7ad\u0131r 4 Kenar\u0131nda c\u0131rt sistemi mevcuttur, duvar\u0131 s\u00f6kerek istedi\u011finiz kenarda kullanabilirsiniz.<\/div>\n<ul>\n<li>17 Farkl\u0131 Branda (Kuma\u015f) Renk Se\u00e7ene\u011fi<\/li>\n<li>%100 Su Ge\u00e7irmez Tavan<\/li>\n<li>Ayaklar\u0131nda yere sabitlemek i\u00e7in delikler bulunmaktad\u0131r, ayr\u0131ca \u00e7ad\u0131r brandas\u0131n\u0131n 4 kenar\u0131nda ip ile yere sabitlemek i\u00e7in halka bulunmaktad\u0131r.<\/li>\n<li>Kullan\u0131m Alanlar\u0131: Kamp, Bah\u00e7e, Piknik, G\u00f6lgelik, Outdoor, Organizasyon, Stand, Pazar gibi t\u00fcm alanlarda kullanabilece\u011finiz en sa\u011flam katlanabilir gazebo \u00e7ad\u0131r imalat\u0131n\u0131 yapan tek firma\u00a0CLK Gazebo \u00c7ad\u0131r.<\/li>\n<\/ul>\n<div><strong>Teknik \u00d6zellikler<\/strong><\/div>\n<div>D\u0131\u015f Profil \u00d6l\u00e7\u00fcleri (Bacaklar): 40mm alt\u0131gen \u00e7elik profil x 1.2mm kal\u0131nl\u0131k<\/div>\n<div>\u0130\u00e7 Profil (Bacaklar) : 30mm x 1.2 mm<\/div>\n<div>\u00c7apraz Makas Borular: 25x15x1.2 mm<\/div>\n<div>Profil Rengi : Siyah<\/div>\n<div>Kapal\u0131 Boyutu: 25x25x200 cm<\/div>\n<div>A\u00e7\u0131k Boyutu: 400x400x (h) 190-220 cm (3 Kademe Y\u00fckseklik Ayar\u0131)<\/div>\n<div>Kaplad\u0131\u011f\u0131 Alan : 16 m2<\/div>\n<div>Branda Dahil : 45 kg<\/div>\n<div>En Y\u00fcksek Nokta Kubbe Y\u00fcksekli\u011fi: 320 cm<\/div>\n","protected":false},"excerpt":{"rendered":"<h2 style=\"text-align: center;\">CLK 4&#215;4 Katlanabilir Tente Gazebo \u00c7ad\u0131r Arka Kapal\u0131 Perdeli Stand Tan\u0131t\u0131m G\u00f6lgelik \u00c7ardak Makasl\u0131 \u00c7ad\u0131rlar<\/h2>\n<h2 style=\"text-align: center;\">T\u00fcrkiye&#8217;de Tek \u0130malat\u00e7\u0131 Firma CLK Ticaret Garantisi<\/h2>\n<h3 style=\"text-align: center;\"><strong>\u0130LET\u0130\u015e\u0130M: 0 533 925 36 78\u00a0<\/strong><\/h3>\n","protected":false},"featured_media":2885,"comment_status":"closed","ping_status":"closed","template":"","meta":{"om_disable_all_campaigns":false,"_monsterinsights_skip_tracking":false,"_monsterinsights_sitenote_active":false,"_monsterinsights_sitenote_note":"","_monsterinsights_sitenote_category":0},"product_brand":[],"product_cat":[1571,1572,1587,1544,1545,1546,1588,1589,190,1547,1548,1549,1550,1551,1552,191,1553,825,192,1554],"product_tag":[1557,1558,1559,543,195,1560,1561,197,1563,1596,1347],"class_list":{"0":"post-2732","1":"product","2":"type-product","3":"status-publish","4":"has-post-thumbnail","6":"product_cat-4x4-40-mm-celik-profil-gazebo-tente","7":"product_cat-4x4-52-mm-aluminyum-gazebo-cadir","8":"product_cat-4x4-aluminyum-gazebo-cadir","9":"product_cat-4x4-gazebo-cadir","10":"product_cat-4x4-gazebo-cadir-tente","11":"product_cat-4x4-gazebo-stand-cadiri","12":"product_cat-4x4-katlanabilir-tente","13":"product_cat-4x4-makasli-golgelik-gazebo","14":"product_cat-4x4-metre-gazebo-katlanabilir-tente","15":"product_cat-4x4-metre-katlanabilir-gazebo-cadir-tente","16":"product_cat-4x4-portatif-tente","17":"product_cat-clk-4x4-40-mm-celik-gazebo-cadir","18":"product_cat-clk-4x4-52-mm-aluminyum-gazebo-cadir","19":"product_cat-clk-4x4-gazebo-cadir-tente","20":"product_cat-clk-4x4-gazebo-stand-cadiri","21":"product_cat-clk-4x4-katlanabilir-gazebo-cadir","22":"product_cat-clk-4x4-katlanabilir-gazebo-cadir-tente","23":"product_cat-clk-4x4-logo-baskili-semsiye","24":"product_cat-clk-4x4-metre-gazebo-tente-cadir","25":"product_cat-clk-4x4-portatif-gazebo-cadir","26":"product_tag-4x4-40-mm-celik-profil-gazebo-cadir","27":"product_tag-4x4-52-mm-aluminyum-gazebo-cadir","28":"product_tag-4x4-aluminyum-gazebo-katlanir-cadir","29":"product_tag-4x4-aluminyum-semsiye","30":"product_tag-4x4-baskili-cadir","31":"product_tag-4x4-cadir","32":"product_tag-4x4-etkinlik-cadiri","33":"product_tag-4x4-gazebo-cadir","34":"product_tag-4x4-gazebo-semsiye","35":"product_tag-4x4-portatif-cardak","36":"product_tag-gazebo-stand-cadiri","38":"first","39":"instock","40":"shipping-taxable","41":"product-type-simple"},"aioseo_notices":[],"_links":{"self":[{"href":"http:\/\/www.katlanabilirtentefiyatlari.com\/index.php\/wp-json\/wp\/v2\/product\/2732","targetHints":{"allow":["GET"]}}],"collection":[{"href":"http:\/\/www.katlanabilirtentefiyatlari.com\/index.php\/wp-json\/wp\/v2\/product"}],"about":[{"href":"http:\/\/www.katlanabilirtentefiyatlari.com\/index.php\/wp-json\/wp\/v2\/types\/product"}],"replies":[{"embeddable":true,"href":"http:\/\/www.katlanabilirtentefiyatlari.com\/index.php\/wp-json\/wp\/v2\/comments?post=2732"}],"wp:featuredmedia":[{"embeddable":true,"href":"http:\/\/www.katlanabilirtentefiyatlari.com\/index.php\/wp-json\/wp\/v2\/media\/2885"}],"wp:attachment":[{"href":"http:\/\/www.katlanabilirtentefiyatlari.com\/index.php\/wp-json\/wp\/v2\/media?parent=2732"}],"wp:term":[{"taxonomy":"product_brand","embeddable":true,"href":"http:\/\/www.katlanabilirtentefiyatlari.com\/index.php\/wp-json\/wp\/v2\/product_brand?post=2732"},{"taxonomy":"product_cat","embeddable":true,"href":"http:\/\/www.katlanabilirtentefiyatlari.com\/index.php\/wp-json\/wp\/v2\/product_cat?post=2732"},{"taxonomy":"product_tag","embeddable":true,"href":"http:\/\/www.katlanabilirtentefiyatlari.com\/index.php\/wp-json\/wp\/v2\/product_tag?post=2732"}],"curies":[{"name":"wp","href":"https:\/\/api.w.org\/{rel}","templated":true}]}}