{"id":2731,"date":"2023-03-12T18:18:22","date_gmt":"2023-03-12T18:18:22","guid":{"rendered":"http:\/\/www.katlanabilirtentefiyatlari.com\/?post_type=product&#038;p=2731"},"modified":"2023-03-12T18:20:25","modified_gmt":"2023-03-12T18:20:25","slug":"clk-4x4-gazebo-katlanir-tente-portatif-stand-reklam-tanitim-cadiri-makasli-orumcek-cardak-golgelik-semsiye","status":"publish","type":"product","link":"http:\/\/www.katlanabilirtentefiyatlari.com\/index.php\/urun\/clk-4x4-gazebo-katlanir-tente-portatif-stand-reklam-tanitim-cadiri-makasli-orumcek-cardak-golgelik-semsiye\/","title":{"rendered":"CLK 4&#215;4 Gazebo Katlan\u0131r Tente Portatif Stand Reklam Tan\u0131t\u0131m \u00c7ad\u0131r\u0131 Makasl\u0131 \u00d6r\u00fcmcek \u00c7ardak G\u00f6lgelik \u015eemsiye"},"content":{"rendered":"<h2 style=\"text-align: center;\">CLK 4&#215;4 Gazebo Katlan\u0131r Tente Portatif Stand Reklam Tan\u0131t\u0131m \u00c7ad\u0131r\u0131 Makasl\u0131 \u00d6r\u00fcmcek \u00c7ardak G\u00f6lgelik \u015eemsiye<\/h2>\n<h2 style=\"text-align: center;\">T\u00fcrkiye&#8217;de Tek \u0130malat\u00e7\u0131 Firma CLK Ticaret Garantisi<\/h2>\n<h3 style=\"text-align: center;\"><strong>\u0130LET\u0130\u015e\u0130M: 0 533 925 36 78\u00a0<\/strong><\/h3>\n<p><a href=\"http:\/\/www.gazebocadir.com.tr\/wp-content\/uploads\/2023\/01\/clk-4x4-gazebo-katlanir-cadir-portatif-tente-akordiyon-cardak-stand-cadiri-beyaz.jpg\" rel=\"attachment wp-att-3117\"><img loading=\"lazy\" decoding=\"async\" class=\"aligncenter wp-image-3117 \" src=\"http:\/\/www.gazebocadir.com.tr\/wp-content\/uploads\/2023\/01\/clk-4x4-gazebo-katlanir-cadir-portatif-tente-akordiyon-cardak-stand-cadiri-beyaz.jpg\" alt=\"\" width=\"606\" height=\"404\" \/><\/a><\/p>\n<h3>4&#215;4 mt 40 mm \u00c7elik Profil veya 4&#215;4 52 mm Al\u00fcminyum &#8211; %100 Yerli \u0130malat CLK<\/h3>\n<div>\u0130malat\u00e7\u0131 firma\u00a0CLK T\u0130CARET\u00a0g\u00fcvencesi ile %100 su ge\u00e7irmez Oxford kuma\u015f ile \u00fcretilmi\u015f, branda ve iskelet garantili katlanabilir gazebo \u00e7ad\u0131rlar\u0131.<\/div>\n<div><\/div>\n<div>Paket \u0130\u00e7eri\u011fi:\u00a0\u00a0Gazebo Tavan Kuma\u015f\u0131 Krem Renk + 40 mm Alt\u0131gen \u00c7elik \u0130skelet veya 52 mm Al\u00fcminyum Sekizgen iskelet<\/div>\n<ul>\n<li>%100 Su Ge\u00e7irmez Tavan<\/li>\n<li>Ayaklar\u0131nda yere sabitlemek i\u00e7in delikler bulunmaktad\u0131r,<\/li>\n<li>Kullan\u0131m Alanlar\u0131: Kamp, Bah\u00e7e, Piknik, G\u00f6lgelik, Outdoor, Organizasyon, Stand, Pazar gibi t\u00fcm alanlarda kullanabilece\u011finiz en sa\u011flam katlanabilir gazebo \u00e7ad\u0131r imalat\u0131n\u0131 yapan tek firma\u00a0CLK Gazebo \u00c7ad\u0131r.<\/li>\n<\/ul>\n<div><strong>Teknik \u00d6zellikler<\/strong><\/div>\n<div>D\u0131\u015f Profil \u00d6l\u00e7\u00fcleri (Bacaklar): 40 mm alt\u0131gen 1.2\u00a0 mm kal\u0131nl\u0131k<\/div>\n<div>\u0130\u00e7 Profil (Bacaklar) : 30x30x1,2 mm<\/div>\n<div>\u00c7apraz Makas Borular: 25x15x1,2 mm<\/div>\n<div>Profil Rengi : Siyah<\/div>\n<div>Kapal\u0131 Boyutu: 25x25x200 cm<\/div>\n<div>A\u00e7\u0131k Boyutu: 400x400x (h) 190-220 cm (3 Kademe Y\u00fckseklik Ayar\u0131)<\/div>\n<div>Kaplad\u0131\u011f\u0131 Alan : 16 m2<\/div>\n<div>Branda Dahil 38 kg<\/div>\n<div>En Y\u00fcksek Nokta Kubbe Y\u00fcksekli\u011fi: 320 cm<\/div>\n<div>\n<div>\n<h3>\u0130leti\u015fim:<\/h3>\n<div><strong>Ankara<\/strong>: 0 312 429 02 09<\/div>\n<div><strong>\u0130stanbul Anadolu Yakas\u0131<\/strong>: 0 216 599 03 53<\/div>\n<div><strong>\u0130stanbul Avrupa Yakas\u0131<\/strong>: 0 850 885 13 65<\/div>\n<div><strong>\u0130zmir<\/strong>: 0 850 885 20 19<\/div>\n<div><strong>Bursa<\/strong>: 0 850 885 20 29<\/div>\n<div><strong>Antalya<\/strong>: 0 850 885 19 89<\/div>\n<div><strong>\u0130zmit<\/strong>&#8211;<strong>Kocaeli<\/strong>: 0 850 885 09 05<\/div>\n<div><strong>T\u00fcrkiye<\/strong> <strong>Geneli<\/strong> <strong>Sat\u0131\u015f Hatt\u0131<\/strong>: 0 533 925 36 78 (Whatsapp)<\/div>\n<div><strong>E<\/strong>&#8211;<strong>Mail<\/strong>: <a href=\"mailto:info@gazebocadir.com.tr\"><strong>info@gazebocadir.com.tr<\/strong><\/a><\/div>\n<div><\/div>\n<\/div>\n<div>\u0130ste\u011fe \u00f6zel dijital bask\u0131 se\u00e7ene\u011fi reklaml\u0131 \u00e7ad\u0131r \u00e7ardak tente, al\u00fcminyum ve \u00e7elik profil se\u00e7enekleri gazebo g\u00f6lgelik, h\u0131zl\u0131 kurulum CLK gazebo tente \u015femsiye imalat ve sat\u0131\u015f\u0131.<\/div>\n<\/div>\n","protected":false},"excerpt":{"rendered":"<h2 style=\"text-align: center;\">CLK 4&#215;4 Gazebo Katlan\u0131r Tente Portatif Stand Reklam Tan\u0131t\u0131m \u00c7ad\u0131r\u0131 Makasl\u0131 \u00d6r\u00fcmcek \u00c7ardak G\u00f6lgelik \u015eemsiye<\/h2>\n<h2 style=\"text-align: center;\">T\u00fcrkiye&#8217;de Tek \u0130malat\u00e7\u0131 Firma CLK Ticaret Garantisi<\/h2>\n<h3 style=\"text-align: center;\"><strong>\u0130LET\u0130\u015e\u0130M: 0 533 925 36 78\u00a0<\/strong><\/h3>\n","protected":false},"featured_media":2865,"comment_status":"closed","ping_status":"closed","template":"","meta":{"om_disable_all_campaigns":false,"_monsterinsights_skip_tracking":false,"_monsterinsights_sitenote_active":false,"_monsterinsights_sitenote_note":"","_monsterinsights_sitenote_category":0},"product_brand":[],"product_cat":[1571,1572,1587,1544,1545,1546,1588,1589,190,1547,1590,1548,1549,1550,499,1551,1552,191,1553,192,193,1554],"product_tag":[1557,1558,1559,195,1560,1595,1304,1155,127,1212,283,130,284],"class_list":{"0":"post-2731","1":"product","2":"type-product","3":"status-publish","4":"has-post-thumbnail","6":"product_cat-4x4-40-mm-celik-profil-gazebo-tente","7":"product_cat-4x4-52-mm-aluminyum-gazebo-cadir","8":"product_cat-4x4-aluminyum-gazebo-cadir","9":"product_cat-4x4-gazebo-cadir","10":"product_cat-4x4-gazebo-cadir-tente","11":"product_cat-4x4-gazebo-stand-cadiri","12":"product_cat-4x4-katlanabilir-tente","13":"product_cat-4x4-makasli-golgelik-gazebo","14":"product_cat-4x4-metre-gazebo-katlanabilir-tente","15":"product_cat-4x4-metre-katlanabilir-gazebo-cadir-tente","16":"product_cat-4x4-portatif-akordiyon-tente","17":"product_cat-4x4-portatif-tente","18":"product_cat-clk-4x4-40-mm-celik-gazebo-cadir","19":"product_cat-clk-4x4-52-mm-aluminyum-gazebo-cadir","20":"product_cat-clk-4x4-baskili-tente","21":"product_cat-clk-4x4-gazebo-cadir-tente","22":"product_cat-clk-4x4-gazebo-stand-cadiri","23":"product_cat-clk-4x4-katlanabilir-gazebo-cadir","24":"product_cat-clk-4x4-katlanabilir-gazebo-cadir-tente","25":"product_cat-clk-4x4-metre-gazebo-tente-cadir","26":"product_cat-clk-4x4-metre-gazebo-tente-portatif-cardak","27":"product_cat-clk-4x4-portatif-gazebo-cadir","28":"product_tag-4x4-40-mm-celik-profil-gazebo-cadir","29":"product_tag-4x4-52-mm-aluminyum-gazebo-cadir","30":"product_tag-4x4-aluminyum-gazebo-katlanir-cadir","31":"product_tag-4x4-baskili-cadir","32":"product_tag-4x4-cadir","33":"product_tag-gazebo-portatif-tente","34":"product_tag-gazebo-tente","35":"product_tag-makasli-cadir","36":"product_tag-orumcek-cadir","37":"product_tag-portatif-cadir","38":"product_tag-reklam-cadiri","39":"product_tag-stand-cadiri","40":"product_tag-tanitim-cadiri","42":"first","43":"instock","44":"shipping-taxable","45":"product-type-simple"},"aioseo_notices":[],"_links":{"self":[{"href":"http:\/\/www.katlanabilirtentefiyatlari.com\/index.php\/wp-json\/wp\/v2\/product\/2731","targetHints":{"allow":["GET"]}}],"collection":[{"href":"http:\/\/www.katlanabilirtentefiyatlari.com\/index.php\/wp-json\/wp\/v2\/product"}],"about":[{"href":"http:\/\/www.katlanabilirtentefiyatlari.com\/index.php\/wp-json\/wp\/v2\/types\/product"}],"replies":[{"embeddable":true,"href":"http:\/\/www.katlanabilirtentefiyatlari.com\/index.php\/wp-json\/wp\/v2\/comments?post=2731"}],"wp:featuredmedia":[{"embeddable":true,"href":"http:\/\/www.katlanabilirtentefiyatlari.com\/index.php\/wp-json\/wp\/v2\/media\/2865"}],"wp:attachment":[{"href":"http:\/\/www.katlanabilirtentefiyatlari.com\/index.php\/wp-json\/wp\/v2\/media?parent=2731"}],"wp:term":[{"taxonomy":"product_brand","embeddable":true,"href":"http:\/\/www.katlanabilirtentefiyatlari.com\/index.php\/wp-json\/wp\/v2\/product_brand?post=2731"},{"taxonomy":"product_cat","embeddable":true,"href":"http:\/\/www.katlanabilirtentefiyatlari.com\/index.php\/wp-json\/wp\/v2\/product_cat?post=2731"},{"taxonomy":"product_tag","embeddable":true,"href":"http:\/\/www.katlanabilirtentefiyatlari.com\/index.php\/wp-json\/wp\/v2\/product_tag?post=2731"}],"curies":[{"name":"wp","href":"https:\/\/api.w.org\/{rel}","templated":true}]}}