{"id":2693,"date":"2023-03-12T18:17:49","date_gmt":"2023-03-12T18:17:49","guid":{"rendered":"http:\/\/www.katlanabilirtentefiyatlari.com\/?post_type=product&#038;p=2693"},"modified":"2023-03-12T18:19:51","modified_gmt":"2023-03-12T18:19:51","slug":"clk-4x4-katlanabilir-tente-gazebo-cadir-makasli-cardak-portatif-tanitim-stand-cadirlari","status":"publish","type":"product","link":"http:\/\/www.katlanabilirtentefiyatlari.com\/index.php\/urun\/clk-4x4-katlanabilir-tente-gazebo-cadir-makasli-cardak-portatif-tanitim-stand-cadirlari\/","title":{"rendered":"CLK 4&#215;4 Katlanabilir Tente Gazebo \u00c7ad\u0131r Makasl\u0131 \u00c7ardak Portatif Tan\u0131t\u0131m Stand \u00c7ad\u0131rlar\u0131"},"content":{"rendered":"<h2 style=\"text-align: center;\">CLK 4&#215;4 Katlanabilir Tente Gazebo \u00c7ad\u0131r Makasl\u0131 \u00c7ardak Portatif Tan\u0131t\u0131m Stand \u00c7ad\u0131rlar\u0131<\/h2>\n<h2 style=\"text-align: center;\">T\u00fcrkiye&#8217;de Tek \u0130malat\u00e7\u0131 Firma CLK Ticaret Garantisi<\/h2>\n<h3 style=\"text-align: center;\"><strong>\u0130LET\u0130\u015e\u0130M: 0 533 925 36 78\u00a0<\/strong><\/h3>\n<p><a href=\"http:\/\/www.gazebocadir.com.tr\/wp-content\/uploads\/2023\/01\/clk-4x4-gazebo-portatif-makasli-cardak-cadir-golgelik-tente-3x3-bordo-3-yani-kapali-on-kapili-.jpg\" rel=\"attachment wp-att-3079\"><img loading=\"lazy\" decoding=\"async\" class=\"aligncenter wp-image-3079 \" src=\"http:\/\/www.gazebocadir.com.tr\/wp-content\/uploads\/2023\/01\/clk-4x4-gazebo-portatif-makasli-cardak-cadir-golgelik-tente-3x3-bordo-3-yani-kapali-on-kapili-.jpg\" alt=\"\" width=\"606\" height=\"404\" \/><\/a><\/p>\n<h3>CLK 4&#215;4 mt 40 mm \u00c7elik Profil veya 52mm Al\u00fcminyum Profil, Yerli \u0130malat<\/h3>\n<h3>3 Kenar Kapal\u0131 + 1 Kap\u0131l\u0131<\/h3>\n<div>\u0130malat\u00e7\u0131 firma\u00a0CLK T\u0130CARET\u00a0g\u00fcvencesi ile %100 su ge\u00e7irmez Oxford kuma\u015f ile \u00fcretilmi\u015f, branda ve iskelet garantili katlanabilir gazebo \u00e7ad\u0131rlar\u0131.<\/div>\n<div><\/div>\n<div><\/div>\n<div><strong>Paket \u0130\u00e7eri\u011fi:<\/strong>\u00a0\u00a0Gazebo Tavan Kuma\u015f\u0131 + 40 mm \u00c7elik \u0130skelet veya 52 mm Al\u00fcminyum Gazebo \u00c7ad\u0131r + 3 Adet 3 mt Yan Duvar + 1 Adet 4 mt Kap\u0131l\u0131 Yan Duvar<\/div>\n<div>Kap\u0131 Detay:\u00a090x180cm<\/div>\n<div><\/div>\n<div>Not:\u00a0\u00c7ad\u0131r 4 Kenar\u0131nda c\u0131rt sistemi mevcuttur, duvar\u0131 s\u00f6kerek istedi\u011finiz kenarda kullanabilirsiniz.<\/div>\n<ul>\n<li>17 Farkl\u0131 Branda (Kuma\u015f) Renk Se\u00e7ene\u011fi<\/li>\n<li>%100 Su Ge\u00e7irmez Tavan<\/li>\n<li>Ayaklar\u0131nda yere sabitlemek i\u00e7in delikler bulunmaktad\u0131r, ayr\u0131ca \u00e7ad\u0131r brandas\u0131n\u0131n 4 kenar\u0131nda ip ile yere sabitlemek i\u00e7in halka bulunmaktad\u0131r.<\/li>\n<li>Kullan\u0131m Alanlar\u0131: Kamp, Bah\u00e7e, Piknik, G\u00f6lgelik, Outdoor, Organizasyon, Stand, Pazar gibi t\u00fcm alanlarda kullanabilece\u011finiz en sa\u011flam katlanabilir gazebo \u00e7ad\u0131r imalat\u0131n\u0131 yapan tek firma\u00a0CLK Gazebo \u00c7ad\u0131r.<\/li>\n<\/ul>\n<div><strong>Teknik \u00d6zellikler<\/strong><\/div>\n<div>D\u0131\u015f Profil \u00d6l\u00e7\u00fcleri (Bacaklar): 40mm alt\u0131gen \u00e7elik profil 1.2mm kal\u0131nl\u0131k<\/div>\n<div>\u0130\u00e7 Profil (Bacaklar) : 30&#215;1.2 mm<\/div>\n<div>\u00c7apraz Makas Borular: 25x15x1.2 mm<\/div>\n<div>Profil Rengi : Siyah<\/div>\n<div>Kapal\u0131 Boyutu: 25x25x200 cm<\/div>\n<div>A\u00e7\u0131k Boyutu: 300x300x (h) 190-220 cm (3 Kademe Y\u00fckseklik Ayar\u0131)<\/div>\n<div>Kaplad\u0131\u011f\u0131 Alan :16 m2<\/div>\n<div>Branda Dahil: 55 kg<\/div>\n<div>En Y\u00fcksek Nokta Kubbe Y\u00fcksekli\u011fi: 320 cm<\/div>\n<div><\/div>\n<div>\n<div><strong>Profil Se\u00e7enekleri: 40&#215;1,2 mm alt\u0131gen \u00e7elik profil, 52&#215;1,5 mm sekizgen al\u00fcminyum profil<\/strong><\/div>\n<div>\n<div>\n<h3>\u0130leti\u015fim:<\/h3>\n<div><strong>Ankara<\/strong>: 0 312 429 02 09<\/div>\n<div><strong>\u0130stanbul Anadolu Yakas\u0131<\/strong>: 0 216 599 03 53<\/div>\n<div><strong>\u0130stanbul Avrupa Yakas\u0131<\/strong>: 0 850 885 13 65<\/div>\n<div><strong>\u0130zmir<\/strong>: 0 850 885 20 19<\/div>\n<div><strong>Bursa<\/strong>: 0 850 885 20 29<\/div>\n<div><strong>Antalya<\/strong>: 0 850 885 19 89<\/div>\n<div><strong>\u0130zmit<\/strong>&#8211;<strong>Kocaeli<\/strong>: 0 850 885 09 05<\/div>\n<div><strong>T\u00fcrkiye<\/strong> <strong>Geneli<\/strong> <strong>Sat\u0131\u015f Hatt\u0131<\/strong>: 0 533 925 36 78 (Whatsapp)<\/div>\n<div><strong>E<\/strong>&#8211;<strong>Mail<\/strong>: <a href=\"mailto:info@gazebocadir.com.tr\"><strong>info@gazebocadir.com.tr<\/strong><\/a><\/div>\n<div><\/div>\n<\/div>\n<div>\u0130ste\u011fe \u00f6zel dijital bask\u0131 se\u00e7ene\u011fi reklaml\u0131 \u00e7ad\u0131r \u00e7ardak tente, al\u00fcminyum ve \u00e7elik profil se\u00e7enekleri gazebo g\u00f6lgelik, h\u0131zl\u0131 kurulum CLK gazebo tente \u015femsiye imalat ve sat\u0131\u015f\u0131.<\/div>\n<\/div>\n<\/div>\n","protected":false},"excerpt":{"rendered":"<h2 style=\"text-align: center;\">LK 4&#215;4 Katlanabilir Tente Gazebo \u00c7ad\u0131r Makasl\u0131 \u00c7ardak Portatif Tan\u0131t\u0131m Stand \u00c7ad\u0131rlar\u0131<\/h2>\n<h2 style=\"text-align: center;\">T\u00fcrkiye&#8217;de Tek \u0130malat\u00e7\u0131 Firma CLK Ticaret Garantisi<\/h2>\n<h3 style=\"text-align: center;\"><strong>\u0130LET\u0130\u015e\u0130M: 0 533 925 36 78\u00a0<\/strong><\/h3>\n","protected":false},"featured_media":2827,"comment_status":"closed","ping_status":"closed","template":"","meta":{"om_disable_all_campaigns":false,"_monsterinsights_skip_tracking":false,"_monsterinsights_sitenote_active":false,"_monsterinsights_sitenote_note":"","_monsterinsights_sitenote_category":0},"product_brand":[],"product_cat":[1571,1572,1587,1544,1545,1546,1588,1589,190,1547,1548,1549,1550,498,499,1551,1552,191,1553,193,1554],"product_tag":[1591,1557,1558,1559,1560,1561,197,1578,200,1581,121,1592,1155,128,130],"class_list":{"0":"post-2693","1":"product","2":"type-product","3":"status-publish","4":"has-post-thumbnail","6":"product_cat-4x4-40-mm-celik-profil-gazebo-tente","7":"product_cat-4x4-52-mm-aluminyum-gazebo-cadir","8":"product_cat-4x4-aluminyum-gazebo-cadir","9":"product_cat-4x4-gazebo-cadir","10":"product_cat-4x4-gazebo-cadir-tente","11":"product_cat-4x4-gazebo-stand-cadiri","12":"product_cat-4x4-katlanabilir-tente","13":"product_cat-4x4-makasli-golgelik-gazebo","14":"product_cat-4x4-metre-gazebo-katlanabilir-tente","15":"product_cat-4x4-metre-katlanabilir-gazebo-cadir-tente","16":"product_cat-4x4-portatif-tente","17":"product_cat-clk-4x4-40-mm-celik-gazebo-cadir","18":"product_cat-clk-4x4-52-mm-aluminyum-gazebo-cadir","19":"product_cat-clk-4x4-baskili-gazebo-cadir-tente","20":"product_cat-clk-4x4-baskili-tente","21":"product_cat-clk-4x4-gazebo-cadir-tente","22":"product_cat-clk-4x4-gazebo-stand-cadiri","23":"product_cat-clk-4x4-katlanabilir-gazebo-cadir","24":"product_cat-clk-4x4-katlanabilir-gazebo-cadir-tente","25":"product_cat-clk-4x4-metre-gazebo-tente-portatif-cardak","26":"product_cat-clk-4x4-portatif-gazebo-cadir","27":"product_tag-40-mm-cadir","28":"product_tag-4x4-40-mm-celik-profil-gazebo-cadir","29":"product_tag-4x4-52-mm-aluminyum-gazebo-cadir","30":"product_tag-4x4-aluminyum-gazebo-katlanir-cadir","31":"product_tag-4x4-cadir","32":"product_tag-4x4-etkinlik-cadiri","33":"product_tag-4x4-gazebo-cadir","34":"product_tag-4x4-gazebo-stand-cadiri","35":"product_tag-4x4-katlanabilir-tente","36":"product_tag-52-mm-gazebo-cadir","37":"product_tag-etkinlik-cadiri","38":"product_tag-katlanir-golgelik","39":"product_tag-makasli-cadir","40":"product_tag-portatif-cardak","41":"product_tag-stand-cadiri","43":"first","44":"instock","45":"shipping-taxable","46":"product-type-simple"},"aioseo_notices":[],"_links":{"self":[{"href":"http:\/\/www.katlanabilirtentefiyatlari.com\/index.php\/wp-json\/wp\/v2\/product\/2693","targetHints":{"allow":["GET"]}}],"collection":[{"href":"http:\/\/www.katlanabilirtentefiyatlari.com\/index.php\/wp-json\/wp\/v2\/product"}],"about":[{"href":"http:\/\/www.katlanabilirtentefiyatlari.com\/index.php\/wp-json\/wp\/v2\/types\/product"}],"replies":[{"embeddable":true,"href":"http:\/\/www.katlanabilirtentefiyatlari.com\/index.php\/wp-json\/wp\/v2\/comments?post=2693"}],"wp:featuredmedia":[{"embeddable":true,"href":"http:\/\/www.katlanabilirtentefiyatlari.com\/index.php\/wp-json\/wp\/v2\/media\/2827"}],"wp:attachment":[{"href":"http:\/\/www.katlanabilirtentefiyatlari.com\/index.php\/wp-json\/wp\/v2\/media?parent=2693"}],"wp:term":[{"taxonomy":"product_brand","embeddable":true,"href":"http:\/\/www.katlanabilirtentefiyatlari.com\/index.php\/wp-json\/wp\/v2\/product_brand?post=2693"},{"taxonomy":"product_cat","embeddable":true,"href":"http:\/\/www.katlanabilirtentefiyatlari.com\/index.php\/wp-json\/wp\/v2\/product_cat?post=2693"},{"taxonomy":"product_tag","embeddable":true,"href":"http:\/\/www.katlanabilirtentefiyatlari.com\/index.php\/wp-json\/wp\/v2\/product_tag?post=2693"}],"curies":[{"name":"wp","href":"https:\/\/api.w.org\/{rel}","templated":true}]}}