{"id":2599,"date":"2023-03-12T18:16:40","date_gmt":"2023-03-12T18:16:40","guid":{"rendered":"http:\/\/www.katlanabilirtentefiyatlari.com\/?post_type=product&#038;p=2599"},"modified":"2023-03-12T18:18:44","modified_gmt":"2023-03-12T18:18:44","slug":"clk-4x4-katlanabilir-tente-gazebo-cadir-pencereli-golgelik-4x4-gazebo-makasli-portatif-cardak","status":"publish","type":"product","link":"http:\/\/www.katlanabilirtentefiyatlari.com\/index.php\/urun\/clk-4x4-katlanabilir-tente-gazebo-cadir-pencereli-golgelik-4x4-gazebo-makasli-portatif-cardak\/","title":{"rendered":"CLK 4&#215;4 Katlanabilir Tente Gazebo \u00c7ad\u0131r Pencereli G\u00f6lgelik 4&#215;4 Gazebo Makasl\u0131 Portatif \u00c7ardak"},"content":{"rendered":"<h2 style=\"text-align: center;\">CLK 4&#215;4 Katlanabilir Tente Gazebo \u00c7ad\u0131r Pencereli G\u00f6lgelik 4&#215;4 Gazebo Makasl\u0131 Portatif \u00c7ardak<\/h2>\n<h2 style=\"text-align: center;\">T\u00fcrkiye&#8217;de Tek \u0130malat\u00e7\u0131 Firma CLK Ticaret Garantisi<\/h2>\n<h3 style=\"text-align: center;\"><strong>\u0130LET\u0130\u015e\u0130M: 0 533 925 36 78\u00a0<\/strong><\/h3>\n<p><a href=\"http:\/\/www.gazebocadir.com.tr\/?attachment_id=2991\" rel=\"attachment wp-att-2991\"><img loading=\"lazy\" decoding=\"async\" class=\"aligncenter size-medium wp-image-2991\" src=\"http:\/\/www.gazebocadir.com.tr\/wp-content\/uploads\/2023\/01\/4x4-gazebo-katlanabilir-stand-cadiri-makasli-portatif-golgelik-tente-katlanabilir-portatif-cardak-clk-4x4-kirmizi-2-yan-camli-ucuz-fiyat-300x200.jpg\" alt=\"\" width=\"300\" height=\"200\" \/><\/a><\/p>\n<div>\u0130malat\u00e7\u0131 firma\u00a0CLK T\u0130CARET\u00a0g\u00fcvencesi ile %100 su ge\u00e7irmez Oxford kuma\u015f ile \u00fcretilmi\u015f, branda ve iskelet garantili katlanabilir gazebo \u00e7ad\u0131rlar\u0131.<\/div>\n<div><\/div>\n<div>Paket \u0130\u00e7eri\u011fi:\u00a0\u00a0Gazebo Tavan Kuma\u015f\u0131 + 40 mm \u00c7elik \u0130skelet veya 52 mm Al\u00fcminyum \u0130skelet+ 1 adet 4 mt Arka Duvar + 2 adet 4 mt Yan Duvar Pencereli<\/div>\n<div>Pencere Detay:\u00a0105&#215;105 cm Kare<\/div>\n<div><\/div>\n<div>Not:\u00a0\u00c7ad\u0131r 4 Kenar\u0131nda c\u0131rt sistemi mevcuttur, duvar\u0131 s\u00f6kerek istedi\u011finiz kenarda kullanabilirsiniz.<\/div>\n<ul>\n<li>17 Farkl\u0131 Branda (Kuma\u015f) Renk Se\u00e7ene\u011fi<\/li>\n<li>%100 Su Ge\u00e7irmez Tavan<\/li>\n<li>Ayaklar\u0131nda yere sabitlemek i\u00e7in delikler bulunmaktad\u0131r, ayr\u0131ca \u00e7ad\u0131r brandas\u0131n\u0131n 4 kenar\u0131nda ip ile yere sabitlemek i\u00e7in halka bulunmaktad\u0131r.<\/li>\n<li>Kullan\u0131m Alanlar\u0131: Kamp, Bah\u00e7e, Piknik, G\u00f6lgelik, Outdoor, Organizasyon, Stand, Pazar gibi t\u00fcm alanlarda kullanabilece\u011finiz en sa\u011flam katlanabilir gazebo \u00e7ad\u0131r imalat\u0131n\u0131 yapan tek firma\u00a0CLK Gazebo \u00c7ad\u0131r.<\/li>\n<\/ul>\n<h4>Teknik \u00d6zellikler<\/h4>\n<div>D\u0131\u015f Profil \u00d6l\u00e7\u00fcleri (Bacaklar): 40mm alt\u0131gen \u00e7elik profil 1.2mm kal\u0131nl\u0131k<\/div>\n<div>\u0130\u00e7 Profil (Bacaklar) : 30&#215;1.2 mm<\/div>\n<div>\u00c7apraz Makas Borular: 25x15x1.2 mm<\/div>\n<div>Profil Rengi : Siyah<\/div>\n<div>Kapal\u0131 Boyutu: 25x25x200 cm<\/div>\n<div>A\u00e7\u0131k Boyutu: 300x300x (h) 190-220 cm (3 Kademe Y\u00fckseklik Ayar\u0131)<\/div>\n<div>Kaplad\u0131\u011f\u0131 Alan : 16 m2<\/div>\n<div>Branda Dahil: 55 kg<\/div>\n<div>En Y\u00fcksek Nokta Kubbe Y\u00fcksekli\u011fi: 320 cm<\/div>\n<div><\/div>\n<div>\n<div><strong>Profil Se\u00e7enekleri: 40&#215;1,2 mm alt\u0131gen \u00e7elik profil, 52&#215;1,5 mm sekizgen al\u00fcminyum profil<\/strong><\/div>\n<div>\n<div>\n<h3>\u0130leti\u015fim:<\/h3>\n<div><strong>Ankara<\/strong>: 0 312 429 02 09<\/div>\n<div><strong>\u0130stanbul Anadolu Yakas\u0131<\/strong>: 0 216 599 03 53<\/div>\n<div><strong>\u0130stanbul Avrupa Yakas\u0131<\/strong>: 0 850 885 13 65<\/div>\n<div><strong>\u0130zmir<\/strong>: 0 850 885 20 19<\/div>\n<div><strong>Bursa<\/strong>: 0 850 885 20 29<\/div>\n<div><strong>Antalya<\/strong>: 0 850 885 19 89<\/div>\n<div><strong>\u0130zmit<\/strong>&#8211;<strong>Kocaeli<\/strong>: 0 850 885 09 05<\/div>\n<div><strong>T\u00fcrkiye<\/strong> <strong>Geneli<\/strong> <strong>Sat\u0131\u015f Hatt\u0131<\/strong>: 0 533 925 36 78 (Whatsapp)<\/div>\n<div><strong>E<\/strong>&#8211;<strong>Mail<\/strong>: <a href=\"mailto:info@gazebocadir.com.tr\"><strong>info@gazebocadir.com.tr<\/strong><\/a><\/div>\n<\/div>\n<div>\u0130ste\u011fe \u00f6zel dijital bask\u0131 se\u00e7ene\u011fi reklaml\u0131 \u00e7ad\u0131r \u00e7ardak tente, al\u00fcminyum ve \u00e7elik profil se\u00e7enekleri gazebo g\u00f6lgelik, h\u0131zl\u0131 kurulum CLK gazebo tente \u015femsiye imalat ve sat\u0131\u015f\u0131.<\/div>\n<\/div>\n<\/div>\n","protected":false},"excerpt":{"rendered":"<h2 style=\"text-align: center;\">CLK 4&#215;4 Katlanabilir Tente Gazebo \u00c7ad\u0131r Pencereli G\u00f6lgelik 4&#215;4 Gazebo Makasl\u0131 Portatif \u00c7ardak<\/h2>\n<h2 style=\"text-align: center;\">T\u00fcrkiye&#8217;de Tek \u0130malat\u00e7\u0131 Firma CLK Ticaret Garantisi<\/h2>\n<h3 style=\"text-align: center;\"><strong>\u0130LET\u0130\u015e\u0130M: 0 533 925 36 78\u00a0<\/strong><\/h3>\n","protected":false},"featured_media":2751,"comment_status":"closed","ping_status":"closed","template":"","meta":{"om_disable_all_campaigns":false,"_monsterinsights_skip_tracking":false,"_monsterinsights_sitenote_active":false,"_monsterinsights_sitenote_note":"","_monsterinsights_sitenote_category":0},"product_brand":[],"product_cat":[1544,1545,1546,190,1547,585,1548,537,1549,1550,617,498,1551,1552,191,1553,1554,445],"product_tag":[1557,1558,1559,543,1560,1562,199,1564,1568,1569],"class_list":{"0":"post-2599","1":"product","2":"type-product","3":"status-publish","4":"has-post-thumbnail","6":"product_cat-4x4-gazebo-cadir","7":"product_cat-4x4-gazebo-cadir-tente","8":"product_cat-4x4-gazebo-stand-cadiri","9":"product_cat-4x4-metre-gazebo-katlanabilir-tente","10":"product_cat-4x4-metre-katlanabilir-gazebo-cadir-tente","11":"product_cat-4x4-metre-yandan-kollu-semsiye","12":"product_cat-4x4-portatif-tente","13":"product_cat-4x4-semsiye","14":"product_cat-clk-4x4-40-mm-celik-gazebo-cadir","15":"product_cat-clk-4x4-52-mm-aluminyum-gazebo-cadir","16":"product_cat-clk-4x4-bahce-semsiyeleri","17":"product_cat-clk-4x4-baskili-gazebo-cadir-tente","18":"product_cat-clk-4x4-gazebo-cadir-tente","19":"product_cat-clk-4x4-gazebo-stand-cadiri","20":"product_cat-clk-4x4-katlanabilir-gazebo-cadir","21":"product_cat-clk-4x4-katlanabilir-gazebo-cadir-tente","22":"product_cat-clk-4x4-portatif-gazebo-cadir","23":"product_cat-clk-4x4-sacak-baskili-tente","24":"product_tag-4x4-40-mm-celik-profil-gazebo-cadir","25":"product_tag-4x4-52-mm-aluminyum-gazebo-cadir","26":"product_tag-4x4-aluminyum-gazebo-katlanir-cadir","27":"product_tag-4x4-aluminyum-semsiye","28":"product_tag-4x4-cadir","29":"product_tag-4x4-gazebo-golgelik","30":"product_tag-4x4-katlanabilir-cadir","31":"product_tag-4x4-katlanir-tente-cadir","32":"product_tag-4x4-portatif-gazebo-cadir","33":"product_tag-4x4-stand-cadiri-fiyatlari","35":"first","36":"instock","37":"shipping-taxable","38":"product-type-simple"},"aioseo_notices":[],"_links":{"self":[{"href":"http:\/\/www.katlanabilirtentefiyatlari.com\/index.php\/wp-json\/wp\/v2\/product\/2599","targetHints":{"allow":["GET"]}}],"collection":[{"href":"http:\/\/www.katlanabilirtentefiyatlari.com\/index.php\/wp-json\/wp\/v2\/product"}],"about":[{"href":"http:\/\/www.katlanabilirtentefiyatlari.com\/index.php\/wp-json\/wp\/v2\/types\/product"}],"replies":[{"embeddable":true,"href":"http:\/\/www.katlanabilirtentefiyatlari.com\/index.php\/wp-json\/wp\/v2\/comments?post=2599"}],"wp:featuredmedia":[{"embeddable":true,"href":"http:\/\/www.katlanabilirtentefiyatlari.com\/index.php\/wp-json\/wp\/v2\/media\/2751"}],"wp:attachment":[{"href":"http:\/\/www.katlanabilirtentefiyatlari.com\/index.php\/wp-json\/wp\/v2\/media?parent=2599"}],"wp:term":[{"taxonomy":"product_brand","embeddable":true,"href":"http:\/\/www.katlanabilirtentefiyatlari.com\/index.php\/wp-json\/wp\/v2\/product_brand?post=2599"},{"taxonomy":"product_cat","embeddable":true,"href":"http:\/\/www.katlanabilirtentefiyatlari.com\/index.php\/wp-json\/wp\/v2\/product_cat?post=2599"},{"taxonomy":"product_tag","embeddable":true,"href":"http:\/\/www.katlanabilirtentefiyatlari.com\/index.php\/wp-json\/wp\/v2\/product_tag?post=2599"}],"curies":[{"name":"wp","href":"https:\/\/api.w.org\/{rel}","templated":true}]}}