{"id":2408,"date":"2023-03-12T18:14:27","date_gmt":"2023-03-12T18:14:27","guid":{"rendered":"http:\/\/www.katlanabilirtentefiyatlari.com\/?post_type=product&#038;p=2408"},"modified":"2023-03-12T18:16:14","modified_gmt":"2023-03-12T18:16:14","slug":"clk-3x6-katlanabilir-tente-40-mm-kapi-perdeli-gazebo-cadir-makasli-cardak","status":"publish","type":"product","link":"http:\/\/www.katlanabilirtentefiyatlari.com\/index.php\/urun\/clk-3x6-katlanabilir-tente-40-mm-kapi-perdeli-gazebo-cadir-makasli-cardak\/","title":{"rendered":"CLK 3&#215;6 Katlanabilir Tente 40 mm Kap\u0131 Perdeli Gazebo \u00c7ad\u0131r Makasl\u0131 \u00c7ardak"},"content":{"rendered":"<h2 style=\"text-align: center;\">CLK 3&#215;6 Katlanabilir Tente 40 mm Kap\u0131 Perdeli Gazebo \u00c7ad\u0131r Makasl\u0131 \u00c7ardak<\/h2>\n<h2 style=\"text-align: center;\">T\u00fcrkiye&#8217;de Tek \u0130malat\u00e7\u0131 Firma CLK Ticaret Garantisi<\/h2>\n<h3 style=\"text-align: center;\"><strong>\u0130LET\u0130\u015e\u0130M: 0 533 925 36 78\u00a0<\/strong><\/h3>\n<p><a href=\"http:\/\/www.gazebocadir.com.tr\/?attachment_id=2793\" rel=\"attachment wp-att-2793\"><img loading=\"lazy\" decoding=\"async\" class=\"aligncenter wp-image-2793 size-medium\" src=\"http:\/\/www.gazebocadir.com.tr\/wp-content\/uploads\/2023\/01\/clk-gazebo-tente-ucuz-fiyat-3x6-lacivert-etrafi-kapali-portatif-makasli-cardak-cadir-300x200.jpg\" alt=\"\" width=\"300\" height=\"200\" \/><\/a><\/p>\n<h3>CLK 3&#215;6 mt 40 mm \u00c7elik Profil Gazebo \u00c7ad\u0131r Portatif Tente<\/h3>\n<h3>CLK 3 Kenar Kapal\u0131 + 1 Kap\u0131l\u0131<\/h3>\n<div>\u0130malat\u00e7\u0131 firma\u00a0CLK T\u0130CARET\u00a0g\u00fcvencesi ile %100 su ge\u00e7irmez Oxford kuma\u015f ile \u00fcretilmi\u015f, branda ve iskelet garantili katlanabilir gazebo \u00e7ad\u0131rlar\u0131.<\/div>\n<div><\/div>\n<div>Paket \u0130\u00e7eri\u011fi:\u00a0\u00a0Gazebo Tavan Kuma\u015f\u0131 + Al\u00fcminyum veya \u00c7elik Profil + 2 Adet 3 mt Yan Duvar + 1 Adet 6 mt Yan Duvar + 1 Adet 6 mt Kap\u0131l\u0131 Yan Duvar<\/div>\n<div>Kap\u0131 Detay:\u00a090x180cm<\/div>\n<div><\/div>\n<div>Not:\u00a0\u00c7ad\u0131r 4 Kenar\u0131nda c\u0131rt sistemi mevcuttur, duvar\u0131 s\u00f6kerek istedi\u011finiz kenarda kullanabilirsiniz.<\/div>\n<ul>\n<li>17 Farkl\u0131 Branda (Kuma\u015f) Renk Se\u00e7ene\u011fi<\/li>\n<li>%100 Su Ge\u00e7irmez Tavan<\/li>\n<li>Ayaklar\u0131nda yere sabitlemek i\u00e7in delikler bulunmaktad\u0131r, ayr\u0131ca \u00e7ad\u0131r brandas\u0131n\u0131n 4 kenar\u0131nda ip ile yere sabitlemek i\u00e7in halka bulunmaktad\u0131r.<\/li>\n<li>Kullan\u0131m Alanlar\u0131: Kamp, Bah\u00e7e, Piknik, G\u00f6lgelik, Outdoor, Organizasyon, Stand, Pazar gibi t\u00fcm alanlarda kullanabilece\u011finiz en sa\u011flam katlanabilir gazebo \u00e7ad\u0131r imalat\u0131n\u0131 yapan tek firma\u00a0CLK Gazebo \u00c7ad\u0131r.<\/li>\n<\/ul>\n<div><strong>Teknik \u00d6zellikler<\/strong><\/div>\n<div>D\u0131\u015f Profil \u00d6l\u00e7\u00fcleri (Bacaklar): 40&#215;1.2 mm<\/div>\n<div>\u0130\u00e7 Profil (Bacaklar) : 30&#215;1.2 mm<\/div>\n<div>\u00c7apraz Makas Borular: 25x15x1.2 mm<\/div>\n<div>Profil Rengi : Siyah<\/div>\n<div>Kapal\u0131 Boyutu: 22x40x157 cm<\/div>\n<div>A\u00e7\u0131k Boyutu: 300x600x (h) 190-220 cm (3 Kademe Y\u00fckseklik Ayar\u0131)<\/div>\n<div>Kaplad\u0131\u011f\u0131 Alan : 18 m2<\/div>\n<div>Branda Dahil 55 kg<\/div>\n<div>En Y\u00fcksek Nokta Kubbe Y\u00fcksekli\u011fi: 320 cm<\/div>\n","protected":false},"excerpt":{"rendered":"<h2 style=\"text-align: center;\">CLK 3&#215;6 Katlanabilir Tente 40 mm Kap\u0131 Perdeli Gazebo \u00c7ad\u0131r Makasl\u0131 \u00c7ardak<\/h2>\n<h2 style=\"text-align: center;\">T\u00fcrkiye&#8217;de Tek \u0130malat\u00e7\u0131 Firma CLK Ticaret Garantisi<\/h2>\n<h3 style=\"text-align: center;\"><strong>\u0130LET\u0130\u015e\u0130M: 0 533 925 36 78\u00a0<\/strong><\/h3>\n","protected":false},"featured_media":2543,"comment_status":"closed","ping_status":"closed","template":"","meta":{"om_disable_all_campaigns":false,"_monsterinsights_skip_tracking":false,"_monsterinsights_sitenote_active":false,"_monsterinsights_sitenote_note":"","_monsterinsights_sitenote_category":0},"product_brand":[],"product_cat":[1471,1472,1473,1474,1475,285,1476,1477,170,171,172,1478,1499,1500,1501,1502,174,175,176,177,433,1488,178,179,1503,180,181],"product_tag":[1484,1504,1480,183,1505,1506,1507,1490,1508],"class_list":{"0":"post-2408","1":"product","2":"type-product","3":"status-publish","4":"has-post-thumbnail","6":"product_cat-3x6-30-mm-celik-profil-gazebo-tente","7":"product_cat-3x6-40-mm-aluminyum-gazebo-cadir","8":"product_cat-3x6-40-mm-celik-profil-gazebo-cadir","9":"product_cat-3x6-52-mm-aluminyum-gazebo-cadir","10":"product_cat-3x6-aluminyum-gazebo-cadir","11":"product_cat-3x6-gazebo-cadir","12":"product_cat-3x6-gazebo-katlanabilir-tente-fiyatlari","13":"product_cat-3x6-gazebo-portatif-makasli-cadir-fiyat","14":"product_cat-3x6-gazebo-tente-cadir","15":"product_cat-3x6-gazebo-tente-cadir-fiyatlari","16":"product_cat-3x6-katlanabilir-tente","17":"product_cat-3x6-makasli-cardak","18":"product_cat-3x6-stand-cadir","19":"product_cat-3x6-ucuz-fiyat-gazebo-tente-cadir","20":"product_cat-3x6-yan-perdeli-kapili-gazebo-cadir-tente","21":"product_cat-clk-3x6-gazebo-tente-cadir","22":"product_cat-clk-3x6-katlanabilir-gazebo-cadir","23":"product_cat-clk-3x6-katlanabilir-gazebo-tente-cadir","24":"product_cat-clk-3x6-katlanabilir-tente","25":"product_cat-clk-3x6-katlanir-tente-cadir-fiyatlari","26":"product_cat-clk-3x6-metre-gazebo-katlanir-baskili-stand-cadiri","27":"product_cat-clk-3x6-portatif-cadirlari","28":"product_cat-clk-3x6-portatif-gazebo-tente","29":"product_cat-clk-3x6-portatif-tente","30":"product_cat-clk-3x6-portatif-tente-cadir","31":"product_cat-clk-3x6-portatif-tente-fiyat","32":"product_cat-clk-3x6-portatif-tente-gazebo-cadir","33":"product_tag-3x6-aluminyum-gazebo-cadir","34":"product_tag-3x6-cadir","35":"product_tag-3x6-gazebo-stand-cadiri","36":"product_tag-3x6-gazebo-tente","37":"product_tag-3x6-katlanir-portatif-celik-profil","38":"product_tag-3x6-katlanir-portatif-tente","39":"product_tag-3x6-makasli-cadir","40":"product_tag-3x6-portatif-gazebo-cadir","41":"product_tag-clk-3x6-gazebo-cadir-tente","43":"first","44":"instock","45":"shipping-taxable","46":"product-type-simple"},"aioseo_notices":[],"_links":{"self":[{"href":"http:\/\/www.katlanabilirtentefiyatlari.com\/index.php\/wp-json\/wp\/v2\/product\/2408","targetHints":{"allow":["GET"]}}],"collection":[{"href":"http:\/\/www.katlanabilirtentefiyatlari.com\/index.php\/wp-json\/wp\/v2\/product"}],"about":[{"href":"http:\/\/www.katlanabilirtentefiyatlari.com\/index.php\/wp-json\/wp\/v2\/types\/product"}],"replies":[{"embeddable":true,"href":"http:\/\/www.katlanabilirtentefiyatlari.com\/index.php\/wp-json\/wp\/v2\/comments?post=2408"}],"wp:featuredmedia":[{"embeddable":true,"href":"http:\/\/www.katlanabilirtentefiyatlari.com\/index.php\/wp-json\/wp\/v2\/media\/2543"}],"wp:attachment":[{"href":"http:\/\/www.katlanabilirtentefiyatlari.com\/index.php\/wp-json\/wp\/v2\/media?parent=2408"}],"wp:term":[{"taxonomy":"product_brand","embeddable":true,"href":"http:\/\/www.katlanabilirtentefiyatlari.com\/index.php\/wp-json\/wp\/v2\/product_brand?post=2408"},{"taxonomy":"product_cat","embeddable":true,"href":"http:\/\/www.katlanabilirtentefiyatlari.com\/index.php\/wp-json\/wp\/v2\/product_cat?post=2408"},{"taxonomy":"product_tag","embeddable":true,"href":"http:\/\/www.katlanabilirtentefiyatlari.com\/index.php\/wp-json\/wp\/v2\/product_tag?post=2408"}],"curies":[{"name":"wp","href":"https:\/\/api.w.org\/{rel}","templated":true}]}}