{"id":2200,"date":"2023-03-12T18:12:08","date_gmt":"2023-03-12T18:12:08","guid":{"rendered":"http:\/\/www.katlanabilirtentefiyatlari.com\/?post_type=product&#038;p=2200"},"modified":"2023-03-12T18:14:00","modified_gmt":"2023-03-12T18:14:00","slug":"clk-3x45-katlanabilir-tente-pencere-ve-kapili-gazebo-tente-portatif-cardak-makasli-cadirlari","status":"publish","type":"product","link":"http:\/\/www.katlanabilirtentefiyatlari.com\/index.php\/urun\/clk-3x45-katlanabilir-tente-pencere-ve-kapili-gazebo-tente-portatif-cardak-makasli-cadirlari\/","title":{"rendered":"CLK 3&#215;4,5 Katlanabilir Tente Pencere ve Kap\u0131l\u0131 Gazebo Tente Portatif \u00c7ardak Makasl\u0131 \u00c7ad\u0131rlar\u0131"},"content":{"rendered":"<h2 style=\"text-align: center;\">CLK 3&#215;4,5 Katlanabilir Tente Pencere ve Kap\u0131l\u0131 Gazebo Tente Portatif \u00c7ardak Makasl\u0131 \u00c7ad\u0131rlar\u0131<\/h2>\n<h2 style=\"text-align: center;\">T\u00fcrkiye&#8217;de Tek \u0130malat\u00e7\u0131 Firma CLK Ticaret Garantisi<\/h2>\n<h3 style=\"text-align: center;\"><strong>\u0130LET\u0130\u015e\u0130M: 0 533 925 36 78\u00a0<\/strong><\/h3>\n<p><a href=\"http:\/\/www.gazebocadir.com.tr\/?attachment_id=2570\" rel=\"attachment wp-att-2570\"><img loading=\"lazy\" decoding=\"async\" class=\"aligncenter size-medium wp-image-2570\" src=\"http:\/\/www.gazebocadir.com.tr\/wp-content\/uploads\/2023\/01\/clk-katlanabilir-tente-portatif-cadir-3x45m-acik-gri-3-yani-seffaf-16-portatif-gazebo-cadir-tente-imalati-satisi-300x200.jpg\" alt=\"\" width=\"300\" height=\"200\" \/><\/a><\/p>\n<h3>3&#215;4,5 mt gazebo tente \u00e7ad\u0131r portatif \u00e7ad\u0131rlar\u0131 imalat ve sat\u0131\u015f<\/h3>\n<h3>2 Kenar Pencereli + 1 Yan Kap\u0131 ve Pencereli + 1 Yan Aksesuars\u0131z<\/h3>\n<div>\u0130malat\u00e7\u0131 firma\u00a0CLK T\u0130CARET\u00a0g\u00fcvencesi ile %100 su ge\u00e7irmez Oxford kuma\u015f ile \u00fcretilmi\u015f, branda ve iskelet garantili katlanabilir gazebo \u00e7ad\u0131rlar\u0131.<\/div>\n<div><\/div>\n<div>Paket \u0130\u00e7eri\u011fi:\u00a0\u00a0Gazebo Tavan Kuma\u015f\u0131 + al\u00fcminyum ve \u00e7elik profil+ 2 Adet 3 mt Pencereli Yan Duvar + 1 Adet 4,5 mt Kap\u0131l\u0131 ve Pencereli Yan Duvar + 1 Adet 4,5 mt Aksesuars\u0131z Yan Duvar<\/div>\n<div>Kap\u0131 Detay:\u00a090x180cm<\/div>\n<div>Pencere Detay:\u00a0105x105cm Kare<\/div>\n<div><\/div>\n<div>Not:\u00a0\u00c7ad\u0131r 4 Kenar\u0131nda c\u0131rt sistemi mevcuttur, duvar\u0131 s\u00f6kerek istedi\u011finiz kenarda kullanabilirsiniz.<\/div>\n<ul>\n<li>17 Farkl\u0131 Branda (Kuma\u015f) Renk Se\u00e7ene\u011fi<\/li>\n<li>%100 Su Ge\u00e7irmez Tavan<\/li>\n<li>Ayaklar\u0131nda yere sabitlemek i\u00e7in delikler bulunmaktad\u0131r, ayr\u0131ca \u00e7ad\u0131r brandas\u0131n\u0131n 4 kenar\u0131nda ip ile yere sabitlemek i\u00e7in halka bulunmaktad\u0131r.<\/li>\n<li>Kullan\u0131m Alanlar\u0131: Kamp, Bah\u00e7e, Piknik, G\u00f6lgelik, Outdoor, Organizasyon, Stand, Pazar gibi t\u00fcm alanlarda kullanabilece\u011finiz en sa\u011flam katlanabilir gazebo \u00e7ad\u0131r imalat\u0131n\u0131 yapan tek firma\u00a0CLK Gazebo \u00c7ad\u0131r.<\/li>\n<\/ul>\n<h4>Teknik \u00d6zellikler<\/h4>\n<div>D\u0131\u015f Profil \u00d6l\u00e7\u00fcleri (Bacaklar): 30x30x0.8 mm<\/div>\n<div>\u0130\u00e7 Profil (Bacaklar) : 25x25x0.8 mm<\/div>\n<div>\u00c7apraz Makas Borular: 22x12x0.8 mm<\/div>\n<div>Profil Rengi : Beyaz<\/div>\n<div>Kapal\u0131 Boyutu: 20x30x157 cm<\/div>\n<div>A\u00e7\u0131k Boyutu: 300&#215;450 x (h) 190-220 cm (3 Kademe Y\u00fckseklik Ayar\u0131)<\/div>\n<div>Kaplad\u0131\u011f\u0131 Alan : 13 m2<\/div>\n<div>Branda Dahil 30 kg<\/div>\n<div>En Y\u00fcksek Nokta Kubbe Y\u00fcksekli\u011fi: 320 cm<\/div>\n<div><\/div>\n","protected":false},"excerpt":{"rendered":"<h2 style=\"text-align: center;\">CLK 3&#215;4,5 Katlanabilir Tente Pencere ve Kap\u0131l\u0131 Gazebo Tente Portatif \u00c7ardak Makasl\u0131 \u00c7ad\u0131rlar\u0131<\/h2>\n<h2 style=\"text-align: center;\">T\u00fcrkiye&#8217;de Tek \u0130malat\u00e7\u0131 Firma CLK Ticaret Garantisi<\/h2>\n<h3 style=\"text-align: center;\"><strong>\u0130LET\u0130\u015e\u0130M: 0 533 925 36 78\u00a0<\/strong><\/h3>\n","protected":false},"featured_media":2353,"comment_status":"closed","ping_status":"closed","template":"","meta":{"om_disable_all_campaigns":false,"_monsterinsights_skip_tracking":false,"_monsterinsights_sitenote_active":false,"_monsterinsights_sitenote_note":"","_monsterinsights_sitenote_category":0},"product_brand":[],"product_cat":[1417,1418,1419,1420,1421,1422,157,1423,1424,1425,1426,1437,162,354,1438,1429],"product_tag":[1430,1449,1450,1451,1452,1453,1454,123,1305,129],"class_list":{"0":"post-2200","1":"product","2":"type-product","3":"status-publish","4":"has-post-thumbnail","6":"product_cat-3x4-30-mm-celik-profil-gazebo-cadir","7":"product_cat-3x4-40-mm-aluminyum-profil-gazebo-cadir","8":"product_cat-3x4-40-mm-celik-profil-gazebo-cadir","9":"product_cat-3x4-52-mm-aluminyum-profil-gazebo-cadir","10":"product_cat-3x4-gazebo-cadir","11":"product_cat-3x4-gazebo-katlanir-tente","12":"product_cat-3x4-katlanir-gazebo-cadir","13":"product_cat-3x4-katlanir-tente-fiyatlari","14":"product_cat-3x4-portatif-gazebo-cardak","15":"product_cat-3x4-stand-cadiri","16":"product_cat-3x4-tente","17":"product_cat-clk-3x4-gazebo-tente","18":"product_cat-clk-3x4-gazebo-tente-cadir-fiyatlari","19":"product_cat-clk-3x4-katlanabilir-gazebo-kamp-cadiri","20":"product_cat-clk-3x4-katlanir-portatif-tente","21":"product_cat-perdeli-gazebo-cadir-3x4","22":"product_tag-3x4-gazebo-cadir","23":"product_tag-3x4-5-cadir-fiyat","24":"product_tag-3x4-5-portatif-tente-fiyat","25":"product_tag-cadir-sartnamesi","26":"product_tag-clk-3x4-katlanabilir-tente","27":"product_tag-clk-3x4-portatif-gazebo-stand-cadiri","28":"product_tag-clk-katlanir-gazebo-tente","29":"product_tag-gazebo-cadir","30":"product_tag-katlanir-cadir","31":"product_tag-portatif-tente","33":"first","34":"instock","35":"shipping-taxable","36":"product-type-simple"},"aioseo_notices":[],"_links":{"self":[{"href":"http:\/\/www.katlanabilirtentefiyatlari.com\/index.php\/wp-json\/wp\/v2\/product\/2200","targetHints":{"allow":["GET"]}}],"collection":[{"href":"http:\/\/www.katlanabilirtentefiyatlari.com\/index.php\/wp-json\/wp\/v2\/product"}],"about":[{"href":"http:\/\/www.katlanabilirtentefiyatlari.com\/index.php\/wp-json\/wp\/v2\/types\/product"}],"replies":[{"embeddable":true,"href":"http:\/\/www.katlanabilirtentefiyatlari.com\/index.php\/wp-json\/wp\/v2\/comments?post=2200"}],"wp:featuredmedia":[{"embeddable":true,"href":"http:\/\/www.katlanabilirtentefiyatlari.com\/index.php\/wp-json\/wp\/v2\/media\/2353"}],"wp:attachment":[{"href":"http:\/\/www.katlanabilirtentefiyatlari.com\/index.php\/wp-json\/wp\/v2\/media?parent=2200"}],"wp:term":[{"taxonomy":"product_brand","embeddable":true,"href":"http:\/\/www.katlanabilirtentefiyatlari.com\/index.php\/wp-json\/wp\/v2\/product_brand?post=2200"},{"taxonomy":"product_cat","embeddable":true,"href":"http:\/\/www.katlanabilirtentefiyatlari.com\/index.php\/wp-json\/wp\/v2\/product_cat?post=2200"},{"taxonomy":"product_tag","embeddable":true,"href":"http:\/\/www.katlanabilirtentefiyatlari.com\/index.php\/wp-json\/wp\/v2\/product_tag?post=2200"}],"curies":[{"name":"wp","href":"https:\/\/api.w.org\/{rel}","templated":true}]}}