{"id":2142,"date":"2023-03-12T18:11:28","date_gmt":"2023-03-12T18:11:28","guid":{"rendered":"http:\/\/www.katlanabilirtentefiyatlari.com\/?post_type=product&#038;p=2142"},"modified":"2023-03-12T18:13:04","modified_gmt":"2023-03-12T18:13:04","slug":"clk-3x45-katlanabilir-tente-arkasi-kapali-gazebo-portatif-cadir-cardak","status":"publish","type":"product","link":"http:\/\/www.katlanabilirtentefiyatlari.com\/index.php\/urun\/clk-3x45-katlanabilir-tente-arkasi-kapali-gazebo-portatif-cadir-cardak\/","title":{"rendered":"CLK 3&#215;4,5 Katlanabilir Tente Arkas\u0131 Kapal\u0131 Gazebo Portatif \u00c7ad\u0131r \u00c7ardak"},"content":{"rendered":"<h2 style=\"text-align: center;\">CLK 3&#215;4,5 Katlanabilir Tente Arkas\u0131 Kapal\u0131 Gazebo Portatif \u00c7ad\u0131r \u00c7ardak<\/h2>\n<h2 style=\"text-align: center;\">T\u00fcrkiye&#8217;de Tek \u0130malat\u00e7\u0131 Firma CLK Ticaret Garantisi<\/h2>\n<h3 style=\"text-align: center;\"><strong>\u0130LET\u0130\u015e\u0130M: 0 533 925 36 78\u00a0<\/strong><\/h3>\n<p><a href=\"http:\/\/www.gazebocadir.com.tr\/?attachment_id=2494\" rel=\"attachment wp-att-2494\"><img loading=\"lazy\" decoding=\"async\" class=\"aligncenter size-medium wp-image-2494\" src=\"http:\/\/www.gazebocadir.com.tr\/wp-content\/uploads\/2023\/01\/clk-katlanabilir-portatif-tente-gazebo-cadir-3x45m-lacivert-arkasi-kapali-21-en-ucuz-fiyat-makasli-portatif-cardak-cadir-semsiye-300x200.jpg\" alt=\"\" width=\"300\" height=\"200\" \/><\/a><\/p>\n<h3>3&#215;4,5 mt CLK \u0130malat\u00e7\u0131 firma garantili \u00e7ad\u0131rlar<\/h3>\n<h3>1 Kenar Kapal\u0131 Perdeli Gazebo \u00c7ad\u0131r \u00c7ardak Tente<\/h3>\n<div>\u0130malat\u00e7\u0131 firma\u00a0CLK T\u0130CARET\u00a0g\u00fcvencesi ile %100 su ge\u00e7irmez Oxford kuma\u015f ile \u00fcretilmi\u015f, branda ve iskelet garantili katlanabilir gazebo \u00e7ad\u0131rlar\u0131.<\/div>\n<div><\/div>\n<div>Paket \u0130\u00e7eri\u011fi:\u00a0\u00a0Gazebo Tavan Kuma\u015f\u0131 + Al\u00fcminyum veya \u00e7elik iskelet + 4,5 mt Arka Duvar<\/div>\n<div>Not:\u00a0\u00c7ad\u0131r 4 Kenar\u0131nda c\u0131rt sistemi mevcuttur, duvar\u0131 s\u00f6kerek istedi\u011finiz kenarda kullanabilirsiniz.<\/div>\n<ul>\n<li>17 Farkl\u0131 Branda (Kuma\u015f) Renk Se\u00e7ene\u011fi<\/li>\n<li>%100 Su Ge\u00e7irmez Tavan<\/li>\n<li>Ayaklar\u0131nda yere sabitlemek i\u00e7in delikler bulunmaktad\u0131r, ayr\u0131ca \u00e7ad\u0131r brandas\u0131n\u0131n 4 kenar\u0131nda ip ile yere sabitlemek i\u00e7in halka bulunmaktad\u0131r.<\/li>\n<li>Kullan\u0131m Alanlar\u0131: Kamp, Bah\u00e7e, Piknik, G\u00f6lgelik, Outdoor, Organizasyon, Stand, Pazar gibi t\u00fcm alanlarda kullanabilece\u011finiz en sa\u011flam katlanabilir gazebo \u00e7ad\u0131r imalat\u0131n\u0131 yapan tek firma\u00a0CLK Gazebo \u00c7ad\u0131r.<\/li>\n<\/ul>\n<h4>Teknik \u00d6zellikler<\/h4>\n<div>D\u0131\u015f Profil \u00d6l\u00e7\u00fcleri (Bacaklar): 30x30x0.8 mm<\/div>\n<div>\u0130\u00e7 Profil (Bacaklar) : 25x25x0.8 mm<\/div>\n<div>\u00c7apraz Makas Borular: 22x12x0.8 mm<\/div>\n<div>Profil Rengi : Beyaz<\/div>\n<div>Kapal\u0131 Boyutu: 20x30x157 cm<\/div>\n<div>A\u00e7\u0131k Boyutu: 300x450x (h) 190-220 cm (3 Kademe Y\u00fckseklik Ayar\u0131)<\/div>\n<div>Kaplad\u0131\u011f\u0131 Alan : 13 m2<\/div>\n<div>Branda Dahil 35 kg<\/div>\n<div>En Y\u00fcksek Nokta Kubbe Y\u00fcksekli\u011fi: 320 cm<\/div>\n<div><\/div>\n<div>\n<div><strong>Profil Se\u00e7enekleri: 30x30x1 mm kare \u00e7elik profil, 40&#215;1,2 mm alt\u0131gen \u00e7elik profil, 40&#215;1,2 mm alt\u0131gen al\u00fcminyum profil, 52&#215;1,5 mm sekizgen al\u00fcminyum profil<\/strong><\/div>\n<div><\/div>\n<div><strong>T\u00fcrkiye Geneli Kargo \u0130le G\u00f6nderim<\/strong><\/div>\n<h3>\u0130leti\u015fim:<\/h3>\n<div><strong>Ankara<\/strong>: 0 312 429 02 09<\/div>\n<div><strong>\u0130stanbul Anadolu Yakas\u0131<\/strong>: 0 216 599 03 53<\/div>\n<div><strong>\u0130stanbul Avrupa Yakas\u0131<\/strong>: 0 850 885 13 65<\/div>\n<div><strong>\u0130zmir<\/strong>: 0 850 885 20 19<\/div>\n<div><strong>Bursa<\/strong>: 0 850 885 20 29<\/div>\n<div><strong>Antalya<\/strong>: 0 850 885 19 89<\/div>\n<div><strong>\u0130zmit<\/strong>&#8211;<strong>Kocaeli<\/strong>: 0 850 885 09 05<\/div>\n<div><strong>T\u00fcrkiye<\/strong> <strong>Geneli<\/strong> <strong>Sat\u0131\u015f Hatt\u0131<\/strong>: 0 533 925 36 78 (Whatsapp)<\/div>\n<div><strong>E<\/strong>&#8211;<strong>Mail<\/strong>: <a href=\"mailto:info@gazebocadir.com.tr\"><strong>info@gazebocadir.com.tr<\/strong><\/a><\/div>\n<\/div>\n","protected":false},"excerpt":{"rendered":"<p>CLK 3&#215;4,5 Katlanabilir Tente Arkas\u0131 Kapal\u0131 Gazebo Portatif \u00c7ad\u0131r \u00c7ardak T\u00fcrkiye&#8217;de Tek \u0130malat\u00e7\u0131 Firma CLK Ticaret Garantisi \u0130LET\u0130\u015e\u0130M: 0 533 925 36 78\u00a0 3&#215;4,5 mt&#8230;<\/p>\n","protected":false},"featured_media":2275,"comment_status":"closed","ping_status":"closed","template":"","meta":{"om_disable_all_campaigns":false,"_monsterinsights_skip_tracking":false,"_monsterinsights_sitenote_active":false,"_monsterinsights_sitenote_note":"","_monsterinsights_sitenote_category":0},"product_brand":[],"product_cat":[1417,1418,1419,1420,1421,1422,1423,1424,1425,1426,1427,1428,1429],"product_tag":[1430,1431,1432,1433,1434,1435,1436,117,129,130],"class_list":{"0":"post-2142","1":"product","2":"type-product","3":"status-publish","4":"has-post-thumbnail","6":"product_cat-3x4-30-mm-celik-profil-gazebo-cadir","7":"product_cat-3x4-40-mm-aluminyum-profil-gazebo-cadir","8":"product_cat-3x4-40-mm-celik-profil-gazebo-cadir","9":"product_cat-3x4-52-mm-aluminyum-profil-gazebo-cadir","10":"product_cat-3x4-gazebo-cadir","11":"product_cat-3x4-gazebo-katlanir-tente","12":"product_cat-3x4-katlanir-tente-fiyatlari","13":"product_cat-3x4-portatif-gazebo-cardak","14":"product_cat-3x4-stand-cadiri","15":"product_cat-3x4-tente","16":"product_cat-clk-makasli-gazebo-cadirlari","17":"product_cat-makasli-cadir","18":"product_cat-perdeli-gazebo-cadir-3x4","19":"product_tag-3x4-gazebo-cadir","20":"product_tag-3x4-gazebo-cadir-fiyatlari","21":"product_tag-3x4-katlanir-tente","22":"product_tag-3x4-makasli-cadir","23":"product_tag-3x4-portatif-stand-cadiri","24":"product_tag-3x4-stand-cadiri","25":"product_tag-clk-3x4-gazebo-tente","26":"product_tag-clk-gazebo-cadir","27":"product_tag-portatif-tente","28":"product_tag-stand-cadiri","30":"first","31":"instock","32":"shipping-taxable","33":"product-type-simple"},"aioseo_notices":[],"_links":{"self":[{"href":"http:\/\/www.katlanabilirtentefiyatlari.com\/index.php\/wp-json\/wp\/v2\/product\/2142","targetHints":{"allow":["GET"]}}],"collection":[{"href":"http:\/\/www.katlanabilirtentefiyatlari.com\/index.php\/wp-json\/wp\/v2\/product"}],"about":[{"href":"http:\/\/www.katlanabilirtentefiyatlari.com\/index.php\/wp-json\/wp\/v2\/types\/product"}],"replies":[{"embeddable":true,"href":"http:\/\/www.katlanabilirtentefiyatlari.com\/index.php\/wp-json\/wp\/v2\/comments?post=2142"}],"wp:featuredmedia":[{"embeddable":true,"href":"http:\/\/www.katlanabilirtentefiyatlari.com\/index.php\/wp-json\/wp\/v2\/media\/2275"}],"wp:attachment":[{"href":"http:\/\/www.katlanabilirtentefiyatlari.com\/index.php\/wp-json\/wp\/v2\/media?parent=2142"}],"wp:term":[{"taxonomy":"product_brand","embeddable":true,"href":"http:\/\/www.katlanabilirtentefiyatlari.com\/index.php\/wp-json\/wp\/v2\/product_brand?post=2142"},{"taxonomy":"product_cat","embeddable":true,"href":"http:\/\/www.katlanabilirtentefiyatlari.com\/index.php\/wp-json\/wp\/v2\/product_cat?post=2142"},{"taxonomy":"product_tag","embeddable":true,"href":"http:\/\/www.katlanabilirtentefiyatlari.com\/index.php\/wp-json\/wp\/v2\/product_tag?post=2142"}],"curies":[{"name":"wp","href":"https:\/\/api.w.org\/{rel}","templated":true}]}}