{"id":2049,"date":"2023-03-12T18:10:25","date_gmt":"2023-03-12T18:10:25","guid":{"rendered":"http:\/\/www.katlanabilirtentefiyatlari.com\/?post_type=product&#038;p=2049"},"modified":"2023-03-12T18:11:58","modified_gmt":"2023-03-12T18:11:58","slug":"clk-3x3-katlanabilir-tente-3-yan-kapali-1-kapili-perdeli-gazebo-portatif-makasli-cadir-cardak","status":"publish","type":"product","link":"http:\/\/www.katlanabilirtentefiyatlari.com\/index.php\/urun\/clk-3x3-katlanabilir-tente-3-yan-kapali-1-kapili-perdeli-gazebo-portatif-makasli-cadir-cardak\/","title":{"rendered":"CLK 3&#215;3 Katlanabilir Tente 3 Yan Kapal\u0131 1 Kap\u0131l\u0131 Perdeli Gazebo Portatif Makasl\u0131 \u00c7ad\u0131r \u00c7ardak"},"content":{"rendered":"<h2 style=\"text-align: center;\">CLK 3&#215;3 Katlanabilir Tente 3 Yan Kapal\u0131 1 Kap\u0131l\u0131 Perdeli Gazebo Portatif Makasl\u0131 \u00c7ad\u0131r \u00c7ardak<\/h2>\n<h2 style=\"text-align: center;\">T\u00fcrkiye&#8217;de Tek \u0130malat\u00e7\u0131 Firma CLK Ticaret Garantisi<\/h2>\n<h3 style=\"text-align: center;\"><strong>\u0130LET\u0130\u015e\u0130M: 0 533 925 36 78\u00a0<\/strong><\/h3>\n<p><a href=\"http:\/\/www.gazebocadir.com.tr\/?attachment_id=2375\" rel=\"attachment wp-att-2375\"><img loading=\"lazy\" decoding=\"async\" class=\"aligncenter size-medium wp-image-2375\" src=\"http:\/\/www.gazebocadir.com.tr\/wp-content\/uploads\/2023\/01\/clk-katlanabilir-tente-gazebo-portatif-cadir-3x3-siyah-3-yani-kapali-on-kapili-ucuz-fiyat-porttaif-cardak-300x200.jpg\" alt=\"\" width=\"300\" height=\"200\" \/><\/a><\/p>\n<h3>3&#215;3 mt CLK gazebo \u00e7ad\u0131r \u00e7ardak tente portatif stand \u00e7ad\u0131rlar\u0131<\/h3>\n<h3>3 Kenar Kapal\u0131 + 1 Kap\u0131l\u0131 portatif model gazebo \u00e7ad\u0131r<\/h3>\n<div>\u0130malat\u00e7\u0131 firma\u00a0CLK T\u0130CARET\u00a0g\u00fcvencesi ile %100 su ge\u00e7irmez Oxford kuma\u015f ile \u00fcretilmi\u015f, branda ve iskelet garantili katlanabilir gazebo \u00e7ad\u0131rlar\u0131.<\/div>\n<div><\/div>\n<div>Paket \u0130\u00e7eri\u011fi:\u00a0\u00a0Gazebo Tavan Kuma\u015f\u0131 + al\u00fcminyum veya \u00e7elik profil + 3 Adet 3 mt Yan Duvar + 1 Adet 3 mt Kap\u0131l\u0131 Yan Duvar<\/div>\n<div>Kap\u0131 Detay:\u00a090x180cm<\/div>\n<div><\/div>\n<div>Not:\u00a0\u00c7ad\u0131r 4 Kenar\u0131nda c\u0131rt sistemi mevcuttur, duvar\u0131 s\u00f6kerek istedi\u011finiz kenarda kullanabilirsiniz.<\/div>\n<ul>\n<li>17 Farkl\u0131 Branda (Kuma\u015f) Renk Se\u00e7ene\u011fi<\/li>\n<li>%100 Su Ge\u00e7irmez Tavan<\/li>\n<li>Ayaklar\u0131nda yere sabitlemek i\u00e7in delikler bulunmaktad\u0131r, ayr\u0131ca \u00e7ad\u0131r brandas\u0131n\u0131n 4 kenar\u0131nda ip ile yere sabitlemek i\u00e7in halka bulunmaktad\u0131r.<\/li>\n<li>Kullan\u0131m Alanlar\u0131: Kamp, Bah\u00e7e, Piknik, G\u00f6lgelik, Outdoor, Organizasyon, Stand, Pazar gibi t\u00fcm alanlarda kullanabilece\u011finiz en sa\u011flam katlanabilir gazebo \u00e7ad\u0131r imalat\u0131n\u0131 yapan tek firma\u00a0CLK Gazebo \u00c7ad\u0131r.<\/li>\n<\/ul>\n<div><strong>Teknik \u00d6zellikler<\/strong><\/div>\n<div>D\u0131\u015f Profil \u00d6l\u00e7\u00fcleri (Bacaklar): 30x30x0.8 mm<\/div>\n<div>\u0130\u00e7 Profil (Bacaklar) : 25x25x0.8 mm<\/div>\n<div>\u00c7apraz Makas Borular: 22x12x0.8 mm<\/div>\n<div>Profil Rengi : Beyaz<\/div>\n<div>Kapal\u0131 Boyutu: 20x20x157 cm<\/div>\n<div>A\u00e7\u0131k Boyutu: 300x300x (h) 190-220 cm (3 Kademe Y\u00fckseklik Ayar\u0131)<\/div>\n<div>Kaplad\u0131\u011f\u0131 Alan : 9 m2<\/div>\n<div>Branda Dahil 27 kg<\/div>\n<div>En Y\u00fcksek Nokta Kubbe Y\u00fcksekli\u011fi: 320 cm<\/div>\n<div><\/div>\n<div>\n<h3>\u0130leti\u015fim:<\/h3>\n<div><strong>Ankara<\/strong>: 0 312 429 02 09<\/div>\n<div><strong>\u0130stanbul Anadolu Yakas\u0131<\/strong>: 0 216 599 03 53<\/div>\n<div><strong>\u0130stanbul Avrupa Yakas\u0131<\/strong>: 0 850 885 13 65<\/div>\n<div><strong>\u0130zmir<\/strong>: 0 850 885 20 19<\/div>\n<div><strong>Bursa<\/strong>: 0 850 885 20 29<\/div>\n<div><strong>Antalya<\/strong>: 0 850 885 19 89<\/div>\n<div><strong>\u0130zmit<\/strong>&#8211;<strong>Kocaeli<\/strong>: 0 850 885 09 05<\/div>\n<div><strong>T\u00fcrkiye<\/strong> <strong>Geneli<\/strong> <strong>Sat\u0131\u015f Hatt\u0131<\/strong>: 0 533 925 36 78 (Whatsapp)<\/div>\n<div><strong>E<\/strong>&#8211;<strong>Mail<\/strong>: <a href=\"mailto:info@gazebocadir.com.tr\"><strong>info@gazebocadir.com.tr<\/strong><\/a><\/div>\n<div><\/div>\n<\/div>\n","protected":false},"excerpt":{"rendered":"<h2 style=\"text-align: center;\">CLK 3&#215;3 Katlanabilir Tente 30 mm 3 Yan Kapal\u0131 1 Kap\u0131l\u0131 Perdeli Gazebo Portatif Makasl\u0131 \u00c7ad\u0131r \u00c7ardak<\/h2>\n<h2 style=\"text-align: center;\">T\u00fcrkiye&#8217;de Tek \u0130malat\u00e7\u0131 Firma CLK Ticaret Garantisi<\/h2>\n<h3 style=\"text-align: center;\"><strong>\u0130LET\u0130\u015e\u0130M: 0 533 925 36 78\u00a0<\/strong><\/h3>\n","protected":false},"featured_media":2180,"comment_status":"closed","ping_status":"closed","template":"","meta":{"om_disable_all_campaigns":false,"_monsterinsights_skip_tracking":false,"_monsterinsights_sitenote_active":false,"_monsterinsights_sitenote_note":"","_monsterinsights_sitenote_category":0},"product_brand":[],"product_cat":[89,1395,1396,1367,1348,1349,1350,333,1386,253,1387,90,91,1397,473,1388,1379,1390,1351,1352,1398,1399],"product_tag":[1400,1401,1391,1402,1403,1304,1305,1155,127,1212,1404],"class_list":{"0":"post-2049","1":"product","2":"type-product","3":"status-publish","4":"has-post-thumbnail","6":"product_cat-3x3-30-mm-katlanir-tente","7":"product_cat-3x3-40-mm-aluminyum-gazebo-cadir","8":"product_cat-3x3-52-mm-aluminyum-gazebo-cadir","9":"product_cat-3x3-aluminyum-gazebo-cadir","10":"product_cat-3x3-cadir-fiyatlari","11":"product_cat-3x3-clk-stand-cadiri","12":"product_cat-3x3-gazebo-cadir","13":"product_cat-3x3-gazebo-katlanir-kamp-cadiri","14":"product_cat-3x3-gazebo-portatif-cadir-fiyatlari","15":"product_cat-3x3-gazebo-portatif-tente","16":"product_cat-3x3-kapi-ve-pencereli-gazebo-tente","17":"product_cat-3x3-katlanabilir-gazebo-cadir","18":"product_cat-3x3-katlanabilir-tente","19":"product_cat-3x3-katlanir-gazebo-stand-cadiri","20":"product_cat-3x3-katlanir-tente-baskili-cadir-imalati-satisi","21":"product_cat-3x3-makasli-cadir","22":"product_cat-3x3-pencereli-gazebo-cadir","23":"product_cat-3x3-portatif-cardak","24":"product_cat-3x3-portatif-tente-fiyat","25":"product_cat-3x3-stand-cadiri","26":"product_cat-belediye-cadiri","27":"product_cat-parti-cadiri","28":"product_tag-3x3-cadir-fiyat","29":"product_tag-3x3-clk-gazebo-cadir","30":"product_tag-3x3-gazebo-katlanabilir-tente","31":"product_tag-3x3-gazebo-tente-fiyat","32":"product_tag-3x3-perdeli-kapili-gazebo-cadir","33":"product_tag-gazebo-tente","34":"product_tag-katlanir-cadir","35":"product_tag-makasli-cadir","36":"product_tag-orumcek-cadir","37":"product_tag-portatif-cadir","38":"product_tag-stand-cadirlari","40":"first","41":"instock","42":"shipping-taxable","43":"product-type-simple"},"aioseo_notices":[],"_links":{"self":[{"href":"http:\/\/www.katlanabilirtentefiyatlari.com\/index.php\/wp-json\/wp\/v2\/product\/2049","targetHints":{"allow":["GET"]}}],"collection":[{"href":"http:\/\/www.katlanabilirtentefiyatlari.com\/index.php\/wp-json\/wp\/v2\/product"}],"about":[{"href":"http:\/\/www.katlanabilirtentefiyatlari.com\/index.php\/wp-json\/wp\/v2\/types\/product"}],"replies":[{"embeddable":true,"href":"http:\/\/www.katlanabilirtentefiyatlari.com\/index.php\/wp-json\/wp\/v2\/comments?post=2049"}],"wp:featuredmedia":[{"embeddable":true,"href":"http:\/\/www.katlanabilirtentefiyatlari.com\/index.php\/wp-json\/wp\/v2\/media\/2180"}],"wp:attachment":[{"href":"http:\/\/www.katlanabilirtentefiyatlari.com\/index.php\/wp-json\/wp\/v2\/media?parent=2049"}],"wp:term":[{"taxonomy":"product_brand","embeddable":true,"href":"http:\/\/www.katlanabilirtentefiyatlari.com\/index.php\/wp-json\/wp\/v2\/product_brand?post=2049"},{"taxonomy":"product_cat","embeddable":true,"href":"http:\/\/www.katlanabilirtentefiyatlari.com\/index.php\/wp-json\/wp\/v2\/product_cat?post=2049"},{"taxonomy":"product_tag","embeddable":true,"href":"http:\/\/www.katlanabilirtentefiyatlari.com\/index.php\/wp-json\/wp\/v2\/product_tag?post=2049"}],"curies":[{"name":"wp","href":"https:\/\/api.w.org\/{rel}","templated":true}]}}