{"id":1860,"date":"2023-03-12T18:08:15","date_gmt":"2023-03-12T18:08:15","guid":{"rendered":"http:\/\/www.katlanabilirtentefiyatlari.com\/?post_type=product&#038;p=1860"},"modified":"2023-03-12T18:10:37","modified_gmt":"2023-03-12T18:10:37","slug":"clk-2x3-katlanabilir-tente-arkasi-kapali-gazebo-cadir-portatif-makasli-cardak","status":"publish","type":"product","link":"http:\/\/www.katlanabilirtentefiyatlari.com\/index.php\/urun\/clk-2x3-katlanabilir-tente-arkasi-kapali-gazebo-cadir-portatif-makasli-cardak\/","title":{"rendered":"CLK 2&#215;3 Katlanabilir Tente Arkas\u0131 Kapal\u0131 Gazebo \u00c7ad\u0131r Portatif Makasl\u0131 \u00c7ardak"},"content":{"rendered":"<h2 style=\"text-align: center;\">CLK 2&#215;3 Katlanabilir Tente Arkas\u0131 Kapal\u0131 Gazebo \u00c7ad\u0131r Portatif Makasl\u0131 \u00c7ardak<\/h2>\n<h2 style=\"text-align: center;\">T\u00fcrkiye&#8217;de Tek \u0130malat\u00e7\u0131 Firma CLK Ticaret Garantisi<\/h2>\n<h3 style=\"text-align: center;\"><strong>\u0130LET\u0130\u015e\u0130M: 0 533 925 36 78\u00a0<\/strong><\/h3>\n<h3>CLK 2&#215;3 mt Makasl\u0131 \u00c7ardak Gazebo \u00c7ad\u0131r Portatif Tente<\/h3>\n<h3>1 Kenar Kapal\u0131 Yan Perdeli<\/h3>\n<p><img loading=\"lazy\" decoding=\"async\" class=\"size-medium wp-image-2273 aligncenter\" src=\"http:\/\/www.gazebocadir.com.tr\/wp-content\/uploads\/2023\/01\/clk-garden-katlanabilir-tente-kirmizi-gazebo-cadir-2x3-portatif-cardak-gazebo-tente-clk-300x300.jpg\" alt=\"\" width=\"300\" height=\"300\" \/><\/p>\n<div>\u0130malat\u00e7\u0131 firma\u00a0CLK T\u0130CARET\u00a0g\u00fcvencesi ile %100 su ge\u00e7irmez Oxford kuma\u015f ile \u00fcretilmi\u015f, branda ve iskelet garantili katlanabilir gazebo \u00e7ad\u0131rlar\u0131.<\/div>\n<div><\/div>\n<div>\n<div><strong>Profil Se\u00e7enekleri: 30x30x1 mm kare \u00e7elik profil, 40&#215;1,2 mm alt\u0131gen \u00e7elik profil, 40&#215;1,2 mm alt\u0131gen al\u00fcminyum profil, 52&#215;1,5 mm sekizgen al\u00fcminyum profil<\/strong><\/div>\n<\/div>\n<div><\/div>\n<div>Paket \u0130\u00e7eri\u011fi:\u00a0\u00a0Gazebo Tavan Kuma\u015f\u0131 + Al\u00fcminyum veya \u00c7elik Profil + 3 mt Arka Duvar Perde<\/div>\n<div><\/div>\n<div>Not:\u00a0\u00c7ad\u0131r 4 Kenar\u0131nda c\u0131rt sistemi mevcuttur, duvar\u0131 s\u00f6kerek istedi\u011finiz kenarda kullanabilirsiniz.<\/div>\n<ul>\n<li>17 Farkl\u0131 Branda (Kuma\u015f) Renk Se\u00e7ene\u011fi<\/li>\n<li>%100 Su Ge\u00e7irmez Tavan<\/li>\n<li>Ayaklar\u0131nda yere sabitlemek i\u00e7in delikler bulunmaktad\u0131r, ayr\u0131ca \u00e7ad\u0131r brandas\u0131n\u0131n 4 kenar\u0131nda ip ile yere sabitlemek i\u00e7in halka bulunmaktad\u0131r.<\/li>\n<li>Kullan\u0131m Alanlar\u0131: Kamp, Bah\u00e7e, Piknik, G\u00f6lgelik, Outdoor, Organizasyon, Stand, Pazar gibi t\u00fcm alanlarda kullanabilece\u011finiz en sa\u011flam katlanabilir gazebo \u00e7ad\u0131r imalat\u0131n\u0131 yapan tek firma\u00a0CLK Gazebo \u00c7ad\u0131r.<\/li>\n<\/ul>\n<div><strong>Teknik \u00d6zellikler<\/strong><\/div>\n<div>D\u0131\u015f Profil \u00d6l\u00e7\u00fcleri (Bacaklar): 30x30x0.8 mm<\/div>\n<div>\u0130\u00e7 Profil (Bacaklar) : 25x25x0.8 mm<\/div>\n<div>\u00c7apraz Makas Borular: 22x12x0.8 mm<\/div>\n<div>Profil Rengi : Beyaz<\/div>\n<div>Kapal\u0131 Boyutu: 20x30x157 cm<\/div>\n<div>A\u00e7\u0131k Boyutu: 200x300x (h) 190-220 cm (3 Kademe Y\u00fckseklik Ayar\u0131)<\/div>\n<div>Kaplad\u0131\u011f\u0131 Alan : 6 m2<\/div>\n<div>Branda Dahil 27 kg<\/div>\n<div>En Y\u00fcksek Nokta Kubbe Y\u00fcksekli\u011fi: 320 cm<\/div>\n<div><\/div>\n","protected":false},"excerpt":{"rendered":"<h2 style=\"text-align: center;\">CLK 2&#215;3 Katlanabilir Tente Arkas\u0131 Kapal\u0131 Gazebo \u00c7ad\u0131r Portatif Makasl\u0131 \u00c7ardak<\/h2>\n<h2 style=\"text-align: center;\">T\u00fcrkiye&#8217;de Tek \u0130malat\u00e7\u0131 Firma CLK Ticaret Garantisi<\/h2>\n<h3 style=\"text-align: center;\"><strong>\u0130LET\u0130\u015e\u0130M: 0 533 925 36 78\u00a0<\/strong><\/h3>\n","protected":false},"featured_media":2051,"comment_status":"closed","ping_status":"closed","template":"","meta":{"om_disable_all_campaigns":false,"_monsterinsights_skip_tracking":false,"_monsterinsights_sitenote_active":false,"_monsterinsights_sitenote_note":"","_monsterinsights_sitenote_category":0},"product_brand":[],"product_cat":[1267,1277,1268,465,1278,1234,1255,1235,1269,146,1293,1245,1256,147,1311,1246,1294,1270,1280,1236,1257,1237,1322,1238],"product_tag":[1316,1341,1241,1342,1275,1343,1344,1290,1254,1333,249,1345,1346,1347,130],"class_list":{"0":"post-1860","1":"product","2":"type-product","3":"status-publish","4":"has-post-thumbnail","6":"product_cat-2x3-30-mm-celik-profil-gazebo-cadir","7":"product_cat-2x3-aluminyum-gazebo-tente","8":"product_cat-2x3-aluminyum-portatif-tentr","9":"product_cat-2x3-baskili-tente","10":"product_cat-2x3-clk-gazebo-cadir-tente","11":"product_cat-2x3-gazebo-cadir","12":"product_cat-2x3-gazebo-cadirlari","13":"product_cat-2x3-gazebo-katlanir-cadir","14":"product_cat-2x3-gazebo-tente","15":"product_cat-2x3-katlanabilir-tente","16":"product_cat-2x3-katlanir-cadir","17":"product_cat-2x3-katlanir-gazebo-cadirlari","18":"product_cat-2x3-katlanir-tente","19":"product_cat-2x3-katlanir-tente-gazebo-cadir-fiyat","20":"product_cat-2x3-makasli-cardak-stand-cadiri","21":"product_cat-2x3-metre-katlanabilir-tente","22":"product_cat-2x3-portatif-cadir","23":"product_cat-2x3-portatif-gazebo-cadir-tente","24":"product_cat-2x3-portatif-gazebo-cadirlari","25":"product_cat-2x3-portatif-gazebo-stand-cadiri","26":"product_cat-2x3-portatif-stand-cadiri","27":"product_cat-2x3-portatif-tente","28":"product_cat-2x3-portatif-tente-gazebo-cadir","29":"product_cat-2x3-tente","30":"product_tag-2x3-cadir","31":"product_tag-2x3-clk-gazebo-cadir","32":"product_tag-2x3-gazebo-cadir","33":"product_tag-2x3-metre-portatif-gazebo-cadir","34":"product_tag-2x3-portatif-tente","35":"product_tag-2x3-potatif-cadir","36":"product_tag-arkasi-kapali-kapali-cadir","37":"product_tag-clk-2x3-portatif-gazebo-cadir","38":"product_tag-clk-2x3-portatif-stand-cadiri","39":"product_tag-clk-gazebo-cadirlari","40":"product_tag-clk-gazebo-tente","41":"product_tag-clk-portatif-gazebo-cadirlari","42":"product_tag-gazebo-cardak","43":"product_tag-gazebo-stand-cadiri","44":"product_tag-stand-cadiri","46":"first","47":"instock","48":"shipping-taxable","49":"product-type-simple"},"aioseo_notices":[],"_links":{"self":[{"href":"http:\/\/www.katlanabilirtentefiyatlari.com\/index.php\/wp-json\/wp\/v2\/product\/1860","targetHints":{"allow":["GET"]}}],"collection":[{"href":"http:\/\/www.katlanabilirtentefiyatlari.com\/index.php\/wp-json\/wp\/v2\/product"}],"about":[{"href":"http:\/\/www.katlanabilirtentefiyatlari.com\/index.php\/wp-json\/wp\/v2\/types\/product"}],"replies":[{"embeddable":true,"href":"http:\/\/www.katlanabilirtentefiyatlari.com\/index.php\/wp-json\/wp\/v2\/comments?post=1860"}],"wp:featuredmedia":[{"embeddable":true,"href":"http:\/\/www.katlanabilirtentefiyatlari.com\/index.php\/wp-json\/wp\/v2\/media\/2051"}],"wp:attachment":[{"href":"http:\/\/www.katlanabilirtentefiyatlari.com\/index.php\/wp-json\/wp\/v2\/media?parent=1860"}],"wp:term":[{"taxonomy":"product_brand","embeddable":true,"href":"http:\/\/www.katlanabilirtentefiyatlari.com\/index.php\/wp-json\/wp\/v2\/product_brand?post=1860"},{"taxonomy":"product_cat","embeddable":true,"href":"http:\/\/www.katlanabilirtentefiyatlari.com\/index.php\/wp-json\/wp\/v2\/product_cat?post=1860"},{"taxonomy":"product_tag","embeddable":true,"href":"http:\/\/www.katlanabilirtentefiyatlari.com\/index.php\/wp-json\/wp\/v2\/product_tag?post=1860"}],"curies":[{"name":"wp","href":"https:\/\/api.w.org\/{rel}","templated":true}]}}