{"id":1783,"date":"2023-03-12T18:06:50","date_gmt":"2023-03-12T18:06:50","guid":{"rendered":"http:\/\/www.katlanabilirtentefiyatlari.com\/?post_type=product&#038;p=1783"},"modified":"2023-03-12T18:09:17","modified_gmt":"2023-03-12T18:09:17","slug":"clk-2x3-katlanabilir-tente-3-yan-kapali-1-kapili-portatif-stand-cadiri-makasli-cardak","status":"publish","type":"product","link":"http:\/\/www.katlanabilirtentefiyatlari.com\/index.php\/urun\/clk-2x3-katlanabilir-tente-3-yan-kapali-1-kapili-portatif-stand-cadiri-makasli-cardak\/","title":{"rendered":"CLK 2&#215;3 Katlanabilir Tente 3 Yan Kapal\u0131 1 Kap\u0131l\u0131 Portatif Stand \u00c7ad\u0131r\u0131 Makasl\u0131 \u00c7ardak"},"content":{"rendered":"<h2 style=\"text-align: center;\">CLK 2&#215;3 Katlanabilir Tente 3 Yan Kapal\u0131 1 Kap\u0131l\u0131 Portatif Stand \u00c7ad\u0131r\u0131 Makasl\u0131 \u00c7ardak<\/h2>\n<h2 style=\"text-align: center;\">T\u00fcrkiye&#8217;de Tek \u0130malat\u00e7\u0131 Firma CLK Ticaret Garantisi<\/h2>\n<h3 style=\"text-align: center;\"><strong>\u0130LET\u0130\u015e\u0130M: 0 533 925 36 78\u00a0<\/strong><\/h3>\n<p><img loading=\"lazy\" decoding=\"async\" class=\"alignnone size-medium wp-image-2169 aligncenter\" src=\"http:\/\/www.gazebocadir.com.tr\/wp-content\/uploads\/2023\/01\/clk-garden-2x3-katlanabilir-tente-acik-yesil-gazebo-cadir-portatif-clk-stand-cadiri-ucuz-fiyat-300x300.jpg\" alt=\"\" width=\"300\" height=\"300\" \/><\/p>\n<h4>T\u00fcrkiye&#8217;de Tek \u0130malat\u00e7\u0131 Firma CLK Ticaret Garantisi<\/h4>\n<h3>2&#215;3 mt Gazebo \u00e7ad\u0131r \u00e7ardak portatif tente<\/h3>\n<h3>3 Kenar Kapal\u0131 + 1 Kap\u0131l\u0131<\/h3>\n<div>\u0130malat\u00e7\u0131 firma\u00a0CLK T\u0130CARET\u00a0g\u00fcvencesi ile %100 su ge\u00e7irmez Oxford kuma\u015f ile \u00fcretilmi\u015f, branda ve iskelet garantili katlanabilir gazebo \u00e7ad\u0131rlar\u0131.<\/div>\n<div><\/div>\n<div>Paket \u0130\u00e7eri\u011fi:\u00a0\u00a0Gazebo Tavan Kuma\u015f\u0131 + Al\u00fcminyum veya \u00e7elik profil\u00a0 + 2 Adet 2 mt Yan Duvar + 1 Adet 3 mt Arka Duvar + 1 Adet 3 mt Kap\u0131l\u0131 Duvar<\/div>\n<div>Kap\u0131 Detay:\u00a090x180cm<\/div>\n<div><\/div>\n<div>Not:\u00a0\u00c7ad\u0131r 4 Kenar\u0131nda c\u0131rt sistemi mevcuttur, duvar\u0131 s\u00f6kerek istedi\u011finiz kenarda kullanabilirsiniz.<\/div>\n<ul>\n<li>17 Farkl\u0131 Branda (Kuma\u015f) Renk Se\u00e7ene\u011fi<\/li>\n<li>%100 Su Ge\u00e7irmez Tavan<\/li>\n<li>Ayaklar\u0131nda yere sabitlemek i\u00e7in delikler bulunmaktad\u0131r, ayr\u0131ca \u00e7ad\u0131r brandas\u0131n\u0131n 4 kenar\u0131nda ip ile yere sabitlemek i\u00e7in halka bulunmaktad\u0131r.<\/li>\n<li>Kullan\u0131m Alanlar\u0131: Kamp, Bah\u00e7e, Piknik, G\u00f6lgelik, Outdoor, Organizasyon, Stand, Pazar gibi t\u00fcm alanlarda kullanabilece\u011finiz en sa\u011flam katlanabilir gazebo \u00e7ad\u0131r imalat\u0131n\u0131 yapan tek firma\u00a0CLK Gazebo \u00c7ad\u0131r.<\/li>\n<li><strong>Profil Se\u00e7enekleri: 30x30x1 mm kare \u00e7elik profil, 40&#215;1,2 mm alt\u0131gen \u00e7elik profil, 40&#215;1,2 mm alt\u0131gen al\u00fcminyum profil, 52&#215;1,5 mm sekizgen al\u00fcminyum profil<\/strong><\/li>\n<\/ul>\n<div><strong>Teknik \u00d6zellikler<\/strong><\/div>\n<div>D\u0131\u015f Profil \u00d6l\u00e7\u00fcleri (Bacaklar): 30x30x0.8 mm<\/div>\n<div>\u0130\u00e7 Profil (Bacaklar) : 25x25x0.8 mm<\/div>\n<div>\u00c7apraz Makas Borular: 22x12x0.8 mm<\/div>\n<div>Profil Rengi : Beyaz<\/div>\n<div>Kapal\u0131 Boyutu: 20x30x157 cm<\/div>\n<div>A\u00e7\u0131k Boyutu: 200x300x (h) 190-220 cm (3 Kademe Y\u00fckseklik Ayar\u0131)<\/div>\n<div>Kaplad\u0131\u011f\u0131 Alan : 6 m2<\/div>\n<div>Branda Dahil 25 kg<\/div>\n<div>En Y\u00fcksek Nokta Kubbe Y\u00fcksekli\u011fi: 320 cm<\/div>\n<div><\/div>\n","protected":false},"excerpt":{"rendered":"<p>CLK 2&#215;3 Katlanabilir Tente 3 Yan Kapal\u0131 1 Kap\u0131l\u0131 Portatif Stand \u00c7ad\u0131r\u0131 Makasl\u0131 \u00c7ardak T\u00fcrkiye&#8217;de Tek \u0130malat\u00e7\u0131 Firma CLK Ticaret Garantisi \u0130LET\u0130\u015e\u0130M: 0 533 925&#8230;<\/p>\n","protected":false},"featured_media":1955,"comment_status":"closed","ping_status":"closed","template":"","meta":{"om_disable_all_campaigns":false,"_monsterinsights_skip_tracking":false,"_monsterinsights_sitenote_active":false,"_monsterinsights_sitenote_note":"","_monsterinsights_sitenote_category":0},"product_brand":[],"product_cat":[1293,1294,1295,1296,1297,1298],"product_tag":[1299,1260,1300,1301,1302,1303,117,121,1304,1305,1212,1306,189,1307,1308,283,130,1309,1310],"class_list":{"0":"post-1783","1":"product","2":"type-product","3":"status-publish","4":"has-post-thumbnail","6":"product_cat-2x3-katlanir-cadir","7":"product_cat-2x3-portatif-cadir","8":"product_cat-clk-2x3-gazebo-cadirlari","9":"product_cat-portatif-cadir","10":"product_cat-portatif-cardak","11":"product_cat-portatif-stand-cadiri","12":"product_tag-2x3-gazebo-stand-cadiri","13":"product_tag-2x3-katlanir-cadir","14":"product_tag-2x3-katlanir-cardak","15":"product_tag-2x3-metre-katlanir-cadir","16":"product_tag-2x3-portatif-cadir","17":"product_tag-baskili-cadir","18":"product_tag-clk-gazebo-cadir","19":"product_tag-etkinlik-cadiri","20":"product_tag-gazebo-tente","21":"product_tag-katlanir-cadir","22":"product_tag-portatif-cadir","23":"product_tag-portatif-cadir-fiyatlari","24":"product_tag-portatif-gazebo-cadir","25":"product_tag-portatif-stand-cadiri","26":"product_tag-portatif-stand-cadirlari","27":"product_tag-reklam-cadiri","28":"product_tag-stand-cadiri","29":"product_tag-stand-reklam-cadiri","30":"product_tag-yan-perdeli-gazebo-cadir","32":"first","33":"instock","34":"shipping-taxable","35":"product-type-simple"},"aioseo_notices":[],"_links":{"self":[{"href":"http:\/\/www.katlanabilirtentefiyatlari.com\/index.php\/wp-json\/wp\/v2\/product\/1783","targetHints":{"allow":["GET"]}}],"collection":[{"href":"http:\/\/www.katlanabilirtentefiyatlari.com\/index.php\/wp-json\/wp\/v2\/product"}],"about":[{"href":"http:\/\/www.katlanabilirtentefiyatlari.com\/index.php\/wp-json\/wp\/v2\/types\/product"}],"replies":[{"embeddable":true,"href":"http:\/\/www.katlanabilirtentefiyatlari.com\/index.php\/wp-json\/wp\/v2\/comments?post=1783"}],"wp:featuredmedia":[{"embeddable":true,"href":"http:\/\/www.katlanabilirtentefiyatlari.com\/index.php\/wp-json\/wp\/v2\/media\/1955"}],"wp:attachment":[{"href":"http:\/\/www.katlanabilirtentefiyatlari.com\/index.php\/wp-json\/wp\/v2\/media?parent=1783"}],"wp:term":[{"taxonomy":"product_brand","embeddable":true,"href":"http:\/\/www.katlanabilirtentefiyatlari.com\/index.php\/wp-json\/wp\/v2\/product_brand?post=1783"},{"taxonomy":"product_cat","embeddable":true,"href":"http:\/\/www.katlanabilirtentefiyatlari.com\/index.php\/wp-json\/wp\/v2\/product_cat?post=1783"},{"taxonomy":"product_tag","embeddable":true,"href":"http:\/\/www.katlanabilirtentefiyatlari.com\/index.php\/wp-json\/wp\/v2\/product_tag?post=1783"}],"curies":[{"name":"wp","href":"https:\/\/api.w.org\/{rel}","templated":true}]}}