{"id":1387,"date":"2023-03-12T16:39:37","date_gmt":"2023-03-12T16:39:37","guid":{"rendered":"http:\/\/www.katlanabilirtentefiyatlari.com\/?post_type=product&#038;p=1387"},"modified":"2023-03-12T18:06:42","modified_gmt":"2023-03-12T18:06:42","slug":"clk-2x2-katlanabilir-tente-arkasi-kapali-perdeli-stand-cadiri-gazebo-cardak-katlanir-portatif","status":"publish","type":"product","link":"http:\/\/www.katlanabilirtentefiyatlari.com\/index.php\/urun\/clk-2x2-katlanabilir-tente-arkasi-kapali-perdeli-stand-cadiri-gazebo-cardak-katlanir-portatif\/","title":{"rendered":"CLK 2&#215;2 Katlanabilir Tente Arkas\u0131 Kapal\u0131 Perdeli Stand \u00c7ad\u0131r\u0131 Gazebo \u00c7ardak Katlan\u0131r Portatif"},"content":{"rendered":"<h2 style=\"text-align: center;\">CLK 2&#215;2 Katlanabilir Tente Arkas\u0131 Kapal\u0131 Perdeli Stand \u00c7ad\u0131r\u0131 Gazebo \u00c7ardak Katlan\u0131r Portatif<\/h2>\n<h2 style=\"text-align: center;\"><strong>\u0130LET\u0130\u015e\u0130M: 0 533 925 36 78\u00a0<\/strong><\/h2>\n<p style=\"text-align: center;\"><strong>\u00dcR\u00dcNLER\u0130 BASKILI VEYA BASKISIZ OLARAK S\u0130PAR\u0130\u015e VEREB\u0130L\u0130RS\u0130N\u0130Z.<\/strong><\/p>\n<p style=\"text-align: center;\"><strong>\u00dcR\u00dcNLER CLK GAZEBO \u00c7ADIR G\u00dcVENCES\u0130 ALTINDADIR VE GARANT\u0130L\u0130D\u0130R.<\/strong><\/p>\n<p><img loading=\"lazy\" decoding=\"async\" class=\"size-medium wp-image-2016 aligncenter\" src=\"http:\/\/www.gazebocadir.com.tr\/wp-content\/uploads\/2022\/12\/clk-40-mm-aluminyum-2x2-clk-garden-katlanabilir-tente-acik-mavi-1-gazebo-cadir-katlanabilir-clk-2x2-gazebo-cadir-tente-300x300.jpg\" alt=\"\" width=\"300\" height=\"300\" \/><\/p>\n<h3>T\u00fcrkiye&#8217;de Tek \u0130malat\u00e7\u0131 Firma CLK Ticaret Garantisi<\/h3>\n<h3>2&#215;2 mt CLK Gazebo \u00c7ad\u0131rlar\u0131 Portatif\u00a0 Tente<\/h3>\n<h3>1 Kenar Kapal\u0131 Yan Perdeli Gazebo \u00c7ad\u0131rlar\u0131<\/h3>\n<div>\u0130malat\u00e7\u0131 firma\u00a0CLK T\u0130CARET\u00a0g\u00fcvencesi ile %100 su ge\u00e7irmez Oxford kuma\u015f ile \u00fcretilmi\u015f, branda ve iskelet garantili katlanabilir gazebo \u00e7ad\u0131rlar\u0131.<\/div>\n<div><\/div>\n<div>Paket \u0130\u00e7eri\u011fi:\u00a0\u00a0Gazebo Tavan Kuma\u015f\u0131 + 30 mm \u00c7elik \u0130skelet + 2 mt Arka Duvar<\/div>\n<div>Not:\u00a0\u00c7ad\u0131r 4 Kenar\u0131nda c\u0131rt sistemi mevcuttur, duvar\u0131 s\u00f6kerek istedi\u011finiz kenarda kullanabilirsiniz.<\/div>\n<ul>\n<li>17 Farkl\u0131 Branda (Kuma\u015f) Renk Se\u00e7ene\u011fi<\/li>\n<li>%100 Su Ge\u00e7irmez Tavan<\/li>\n<li>Ayaklar\u0131nda yere sabitlemek i\u00e7in delikler bulunmaktad\u0131r, ayr\u0131ca \u00e7ad\u0131r brandas\u0131n\u0131n 4 kenar\u0131nda ip ile yere sabitlemek i\u00e7in halka bulunmaktad\u0131r.<\/li>\n<li>Kullan\u0131m Alanlar\u0131: Kamp, Bah\u00e7e, Piknik, G\u00f6lgelik, Outdoor, Organizasyon, Stand, Pazar gibi t\u00fcm alanlarda kullanabilece\u011finiz en sa\u011flam katlanabilir gazebo \u00e7ad\u0131r imalat\u0131n\u0131 yapan tek firma\u00a0CLK Gazebo \u00c7ad\u0131r.<\/li>\n<\/ul>\n<div><strong>Teknik \u00d6zellikler<\/strong><\/div>\n<div><\/div>\n<div>D\u0131\u015f Profil \u00d6l\u00e7\u00fcleri (Bacaklar): 30x30x0.8 mm<\/div>\n<div>\u0130\u00e7 Profil (Bacaklar) : 25x25x0.8 mm<\/div>\n<div>\u00c7apraz Makas Borular: 22x12x0.8 mm<\/div>\n<div>Profil Rengi : Beyaz<\/div>\n<div>Kapal\u0131 Boyutu: 20x20x157 cm<\/div>\n<div>A\u00e7\u0131k Boyutu: 200x200x (h) 190-220 cm (3 Kademe Y\u00fckseklik Ayar\u0131)<\/div>\n<div>Kaplad\u0131\u011f\u0131 Alan : 4 m2<\/div>\n<div>Branda Dahil 25 kg<\/div>\n<div>En Y\u00fcksek Nokta Kubbe Y\u00fcksekli\u011fi: 320 cm<\/div>\n<div><\/div>\n<div>\n<h3>\u0130leti\u015fim:<\/h3>\n<div><strong>Ankara<\/strong>: 0 312 429 02 09<\/div>\n<div><strong>\u0130stanbul Anadolu Yakas\u0131<\/strong>: 0 216 599 03 53<\/div>\n<div><strong>\u0130stanbul Avrupa Yakas\u0131<\/strong>: 0 850 885 13 65<\/div>\n<div><strong>\u0130zmir<\/strong>: 0 850 885 20 19<\/div>\n<div><strong>Bursa<\/strong>: 0 850 885 20 29<\/div>\n<div><strong>Antalya<\/strong>: 0 850 885 19 89<\/div>\n<div><strong>\u0130zmit<\/strong>&#8211;<strong>Kocaeli<\/strong>: 0 850 885 09 05<\/div>\n<div><strong>T\u00fcrkiye<\/strong> <strong>Geneli<\/strong> <strong>Sat\u0131\u015f Hatt\u0131<\/strong>: 0 533 925 36 78 (Whatsapp)<\/div>\n<div><strong>E<\/strong>&#8211;<strong>Mail<\/strong>: <a href=\"mailto:info@gazebocadir.com.tr\"><strong>info@gazebocadir.com.tr<\/strong><\/a><\/div>\n<\/div>\n","protected":false},"excerpt":{"rendered":"<p>CLK 2&#215;2 Katlanabilir Tente Arkas\u0131 Kapal\u0131 Perdeli Stand \u00c7ad\u0131r\u0131 Gazebo \u00c7ardak Katlan\u0131r Portatif \u0130LET\u0130\u015e\u0130M: 0 533 925 36 78\u00a0 \u00dcR\u00dcNLER\u0130 BASKILI VEYA BASKISIZ OLARAK S\u0130PAR\u0130\u015e&#8230;<\/p>\n","protected":false},"featured_media":1765,"comment_status":"closed","ping_status":"closed","template":"","meta":{"om_disable_all_campaigns":false,"_monsterinsights_skip_tracking":false,"_monsterinsights_sitenote_active":false,"_monsterinsights_sitenote_note":"","_monsterinsights_sitenote_category":0},"product_brand":[],"product_cat":[1143,1144,1213,1214,1215,1216],"product_tag":[1173,139,1217,1218,1201,117,251],"class_list":{"0":"post-1387","1":"product","2":"type-product","3":"status-publish","4":"has-post-thumbnail","6":"product_cat-2x2-40-mm-altigen-aluminyum-gazebo-cadir","7":"product_cat-2x2-40-mm-altigen-celik-profil-gazebo-cadir","8":"product_cat-2x2-clk-gazebo-katlanir-cadir","9":"product_cat-2x2-gazebo-katlanabilir-tente","10":"product_cat-2x2-gazebo-portatif-cadir-tente","11":"product_cat-2x2-yan-perdeli-stand-cadiri","12":"product_tag-2x2-gazebo-cadir","13":"product_tag-2x2-katlanabilir-tente","14":"product_tag-2x2-katlanir-gazebo-cadir","15":"product_tag-clk-2x2-katlanabilir-gazebo-tente-cadir","16":"product_tag-clk-cadir","17":"product_tag-clk-gazebo-cadir","18":"product_tag-clk-portatif-cadir","20":"first","21":"instock","22":"shipping-taxable","23":"product-type-simple"},"aioseo_notices":[],"_links":{"self":[{"href":"http:\/\/www.katlanabilirtentefiyatlari.com\/index.php\/wp-json\/wp\/v2\/product\/1387","targetHints":{"allow":["GET"]}}],"collection":[{"href":"http:\/\/www.katlanabilirtentefiyatlari.com\/index.php\/wp-json\/wp\/v2\/product"}],"about":[{"href":"http:\/\/www.katlanabilirtentefiyatlari.com\/index.php\/wp-json\/wp\/v2\/types\/product"}],"replies":[{"embeddable":true,"href":"http:\/\/www.katlanabilirtentefiyatlari.com\/index.php\/wp-json\/wp\/v2\/comments?post=1387"}],"wp:featuredmedia":[{"embeddable":true,"href":"http:\/\/www.katlanabilirtentefiyatlari.com\/index.php\/wp-json\/wp\/v2\/media\/1765"}],"wp:attachment":[{"href":"http:\/\/www.katlanabilirtentefiyatlari.com\/index.php\/wp-json\/wp\/v2\/media?parent=1387"}],"wp:term":[{"taxonomy":"product_brand","embeddable":true,"href":"http:\/\/www.katlanabilirtentefiyatlari.com\/index.php\/wp-json\/wp\/v2\/product_brand?post=1387"},{"taxonomy":"product_cat","embeddable":true,"href":"http:\/\/www.katlanabilirtentefiyatlari.com\/index.php\/wp-json\/wp\/v2\/product_cat?post=1387"},{"taxonomy":"product_tag","embeddable":true,"href":"http:\/\/www.katlanabilirtentefiyatlari.com\/index.php\/wp-json\/wp\/v2\/product_tag?post=1387"}],"curies":[{"name":"wp","href":"https:\/\/api.w.org\/{rel}","templated":true}]}}