{"id":1352,"date":"2023-03-12T16:39:01","date_gmt":"2023-03-12T16:39:01","guid":{"rendered":"http:\/\/www.katlanabilirtentefiyatlari.com\/?post_type=product&#038;p=1352"},"modified":"2023-03-12T18:05:37","modified_gmt":"2023-03-12T18:05:37","slug":"clk-2x2-metre-katlanabilir-gazebo-tente-portatif-cardak-3-yan-kapali-1-yan-kapi-ve-pencereli","status":"publish","type":"product","link":"http:\/\/www.katlanabilirtentefiyatlari.com\/index.php\/urun\/clk-2x2-metre-katlanabilir-gazebo-tente-portatif-cardak-3-yan-kapali-1-yan-kapi-ve-pencereli\/","title":{"rendered":"CLK 2&#215;2 Metre Katlanabilir Gazebo Tente Portatif \u00c7ardak 3 Yan Kapal\u0131 1 Yan Kap\u0131 ve Pencereli"},"content":{"rendered":"<h2 style=\"text-align: center;\">CLK 2&#215;2 Metre Katlanabilir Gazebo Tente Portatif \u00c7ardak 3 Yan Kapal\u0131 1 Yan Kap\u0131 ve Pencereli<\/h2>\n<h3 style=\"text-align: center;\">T\u00fcrkiye&#8217;de Tek \u0130malat\u00e7\u0131 Firma CLK Ticaret Garantisi<\/h3>\n<h2 style=\"text-align: center;\"><strong>\u0130LET\u0130\u015e\u0130M: 0 533 925 36 78\u00a0<\/strong><\/h2>\n<p style=\"text-align: center;\"><strong>\u00dcR\u00dcNLER\u0130 BASKILI VEYA BASKISIZ OLARAK S\u0130PAR\u0130\u015e VEREB\u0130L\u0130RS\u0130N\u0130Z.<\/strong><\/p>\n<p style=\"text-align: center;\"><strong>\u00dcR\u00dcNLER CLK GAZEBO \u00c7ADIR G\u00dcVENCES\u0130 ALTINDADIR VE GARANT\u0130L\u0130D\u0130R.<\/strong><\/p>\n<p><img loading=\"lazy\" decoding=\"async\" class=\" wp-image-1947 aligncenter\" src=\"http:\/\/www.gazebocadir.com.tr\/wp-content\/uploads\/2022\/12\/clk-gazebo-katlanir-cadir-aluminyum-ve-celik-profil-2x2-katlanabilir-tente-clk-garden-kirmizi-gazebo-cadir-300x300.jpg\" alt=\"\" width=\"348\" height=\"348\" \/><\/p>\n<h3>3 Kenar Kapal\u0131 + 1 Kap\u0131 ve Pencereli<\/h3>\n<div>\u0130malat\u00e7\u0131 firma\u00a0CLK T\u0130CARET\u00a0g\u00fcvencesi ile %100 su ge\u00e7irmez Oxford kuma\u015f ile \u00fcretilmi\u015f, branda ve iskelet garantili katlanabilir gazebo \u00e7ad\u0131rlar\u0131.<\/div>\n<div><\/div>\n<div><\/div>\n<div>Paket \u0130\u00e7eri\u011fi:\u00a0\u00a0Gazebo Tavan Kuma\u015f\u0131 + 30 mm \u00c7elik \u0130skelet + 3 Adet 2 mt Yan Duvar + 1 Adet 2 mt Kap\u0131l\u0131 ve Pencereli Yan Duvar<\/div>\n<div>Kap\u0131 Detay:\u00a090x180cm<\/div>\n<div>Pencere Detay:\u00a0105x105cm Kare<\/div>\n<div><\/div>\n<div>Not:\u00a0\u00c7ad\u0131r 4 Kenar\u0131nda c\u0131rt sistemi mevcuttur, duvar\u0131 s\u00f6kerek istedi\u011finiz kenarda kullanabilirsiniz.<\/div>\n<ul>\n<li>17 Farkl\u0131 Branda (Kuma\u015f) Renk Se\u00e7ene\u011fi<\/li>\n<li>%100 Su Ge\u00e7irmez Tavan<\/li>\n<li>Ayaklar\u0131nda yere sabitlemek i\u00e7in delikler bulunmaktad\u0131r, ayr\u0131ca \u00e7ad\u0131r brandas\u0131n\u0131n 4 kenar\u0131nda ip ile yere sabitlemek i\u00e7in halka bulunmaktad\u0131r.<\/li>\n<li>Kullan\u0131m Alanlar\u0131: Kamp, Bah\u00e7e, Piknik, G\u00f6lgelik, Outdoor, Organizasyon, Stand, Pazar gibi t\u00fcm alanlarda kullanabilece\u011finiz en sa\u011flam katlanabilir gazebo \u00e7ad\u0131r imalat\u0131n\u0131 yapan tek firma\u00a0CLK Gazebo \u00c7ad\u0131r.<\/li>\n<\/ul>\n<div><strong>Teknik \u00d6zellikler<\/strong><\/div>\n<div>D\u0131\u015f Profil \u00d6l\u00e7\u00fcleri (Bacaklar): 30x30x0.8 mm<\/div>\n<div>\u0130\u00e7 Profil (Bacaklar) : 25x25x0.8 mm<\/div>\n<div>\u00c7apraz Makas Borular: 22x12x0.8 mm<\/div>\n<div>Profil Rengi : Beyaz<\/div>\n<div>Kapal\u0131 Boyutu: 20x20x157 cm<\/div>\n<div>A\u00e7\u0131k Boyutu: 200x200x (h) 190-220 cm (3 Kademe Y\u00fckseklik Ayar\u0131)<\/div>\n<div>Kaplad\u0131\u011f\u0131 Alan : 4 m2<\/div>\n<div>Branda Dahil 25 kg<\/div>\n<div>En Y\u00fcksek Nokta Kubbe Y\u00fcksekli\u011fi: 320 cm<\/div>\n<div>Not: Bask\u0131l\u0131 \u00e7ad\u0131r istekleriniz i\u00e7in ileti\u015fime ge\u00e7iniz.<\/div>\n<div><\/div>\n<div>\n<div><strong>T\u00fcrkiye Geneli Kargo \u0130le G\u00f6nderim<\/strong><\/div>\n<h3>\u0130leti\u015fim:<\/h3>\n<div><strong>Ankara<\/strong>: 0 312 429 02 09<\/div>\n<div><strong>\u0130stanbul Anadolu Yakas\u0131<\/strong>: 0 216 599 03 53<\/div>\n<div><strong>\u0130stanbul Avrupa Yakas\u0131<\/strong>: 0 850 885 13 65<\/div>\n<div><strong>\u0130zmir<\/strong>: 0 850 885 20 19<\/div>\n<div><strong>Bursa<\/strong>: 0 850 885 20 29<\/div>\n<div><strong>Antalya<\/strong>: 0 850 885 19 89<\/div>\n<div><strong>\u0130zmit<\/strong>&#8211;<strong>Kocaeli<\/strong>: 0 850 885 09 05<\/div>\n<div><strong>T\u00fcrkiye<\/strong> <strong>Geneli<\/strong> <strong>Sat\u0131\u015f Hatt\u0131<\/strong>: 0 533 925 36 78 (Whatsapp)<\/div>\n<div><strong>E<\/strong>&#8211;<strong>Mail<\/strong>: <a href=\"mailto:info@gazebocadir.com.tr\"><strong>info@gazebocadir.com.tr<\/strong><\/a><\/div>\n<\/div>\n","protected":false},"excerpt":{"rendered":"<p>CLK 2&#215;2 Metre Katlanabilir Gazebo Tente Portatif \u00c7ardak 3 Yan Kapal\u0131 1 Yan Kap\u0131 ve Pencereli T\u00fcrkiye&#8217;de Tek \u0130malat\u00e7\u0131 Firma CLK Ticaret Garantisi \u0130LET\u0130\u015e\u0130M: 0&#8230;<\/p>\n","protected":false},"featured_media":1690,"comment_status":"closed","ping_status":"closed","template":"","meta":{"om_disable_all_campaigns":false,"_monsterinsights_skip_tracking":false,"_monsterinsights_sitenote_active":false,"_monsterinsights_sitenote_note":"","_monsterinsights_sitenote_category":0},"product_brand":[],"product_cat":[1159,1160,1161,1162,1163,1164,1165,1166,1167,1168,1169,1170,1171,1172],"product_tag":[1173,1174,1175,1176,140,1177],"class_list":{"0":"post-1352","1":"product","2":"type-product","3":"status-publish","4":"has-post-thumbnail","6":"product_cat-2x2-metre-yan-perdeli-kapili-gazebo-cadir","7":"product_cat-2x2-portatif-tente","8":"product_cat-clk-2x2-metre-gazebo-cadir","9":"product_cat-clk-2x2-metre-katlanabilir-tente","10":"product_cat-clk-2x2-metre-katlanir-cadir","11":"product_cat-clk-aluminyum-profil-gazebo-cadir","12":"product_cat-clk-celik-profil-katlanir-tente","13":"product_cat-clk-gazebo-tente-2x2","14":"product_cat-clk-portatif-tente","15":"product_cat-clk-yan-perdeli-gazebo-cadir","16":"product_cat-gazebo-cadir-fiyatlari","17":"product_cat-gazebo-cardak","18":"product_cat-pazar-cadiri","19":"product_cat-reklam-cadiri","20":"product_tag-2x2-gazebo-cadir","21":"product_tag-2x2-katlanir-tente","22":"product_tag-2x2-metre-kapili-tente","23":"product_tag-2x2-portatif-cadir","24":"product_tag-2x2-stand-cadiri","25":"product_tag-clk-2x2-gazebo-tente","27":"first","28":"instock","29":"shipping-taxable","30":"product-type-simple"},"aioseo_notices":[],"_links":{"self":[{"href":"http:\/\/www.katlanabilirtentefiyatlari.com\/index.php\/wp-json\/wp\/v2\/product\/1352","targetHints":{"allow":["GET"]}}],"collection":[{"href":"http:\/\/www.katlanabilirtentefiyatlari.com\/index.php\/wp-json\/wp\/v2\/product"}],"about":[{"href":"http:\/\/www.katlanabilirtentefiyatlari.com\/index.php\/wp-json\/wp\/v2\/types\/product"}],"replies":[{"embeddable":true,"href":"http:\/\/www.katlanabilirtentefiyatlari.com\/index.php\/wp-json\/wp\/v2\/comments?post=1352"}],"wp:featuredmedia":[{"embeddable":true,"href":"http:\/\/www.katlanabilirtentefiyatlari.com\/index.php\/wp-json\/wp\/v2\/media\/1690"}],"wp:attachment":[{"href":"http:\/\/www.katlanabilirtentefiyatlari.com\/index.php\/wp-json\/wp\/v2\/media?parent=1352"}],"wp:term":[{"taxonomy":"product_brand","embeddable":true,"href":"http:\/\/www.katlanabilirtentefiyatlari.com\/index.php\/wp-json\/wp\/v2\/product_brand?post=1352"},{"taxonomy":"product_cat","embeddable":true,"href":"http:\/\/www.katlanabilirtentefiyatlari.com\/index.php\/wp-json\/wp\/v2\/product_cat?post=1352"},{"taxonomy":"product_tag","embeddable":true,"href":"http:\/\/www.katlanabilirtentefiyatlari.com\/index.php\/wp-json\/wp\/v2\/product_tag?post=1352"}],"curies":[{"name":"wp","href":"https:\/\/api.w.org\/{rel}","templated":true}]}}