{"id":1347,"date":"2023-03-12T16:38:56","date_gmt":"2023-03-12T16:38:56","guid":{"rendered":"http:\/\/www.katlanabilirtentefiyatlari.com\/?post_type=product&#038;p=1347"},"modified":"2023-03-12T18:04:06","modified_gmt":"2023-03-12T18:04:06","slug":"clk-teleskopik-krank-cift-kubbeli-bacali-baskili-ve-baskisiz-semsiye-imalati","status":"publish","type":"product","link":"http:\/\/www.katlanabilirtentefiyatlari.com\/index.php\/urun\/clk-teleskopik-krank-cift-kubbeli-bacali-baskili-ve-baskisiz-semsiye-imalati\/","title":{"rendered":"CLK Teleskopik Krank \u00c7ift Kubbeli Bacal\u0131 Bask\u0131l\u0131 ve Bask\u0131s\u0131z \u015eemsiye \u0130malat\u0131"},"content":{"rendered":"<div>\n<h2 style=\"text-align: center;\">CLK Teleskopik Krank \u00c7ift Kubbeli Bacal\u0131 Bask\u0131l\u0131 ve Bask\u0131s\u0131z \u015eemsiye \u0130malat\u0131<\/h2>\n<p>Makaral\u0131 teleskopik mekanizmas\u0131<\/p>\n<p>Al\u00fcminyum ray ve \u00e7entik<\/p>\n<p>Al\u00fcminyum \u00e7er\u00e7eve<\/p>\n<p><strong>Kuma\u015flar, bask\u0131lar ve y\u00fczeyler<\/strong><\/p>\n<ul>\n<li>Polyester kuma\u015f 180-220 gr \/ m\u00b2<\/li>\n<li>Akrilik kuma\u015f<\/li>\n<li>D\u00fcz ekran bask\u0131 \/ Dijital \/ Serigraf<\/li>\n<li>Y\u00fcksek UV hasl\u0131\u011f\u0131<\/li>\n<li>Su iticilik<\/li>\n<li>Su ge\u00e7irmez<\/li>\n<\/ul>\n<p><strong>\u015eemsiye Boru Renk Se\u00e7enekleri :\u00a0<\/strong>Beyaz (RAL 9016) Al\u00fcminyum\u00a0 |\u00a0\u00a0Siyah (RAL 9005) Al\u00fcminyum\u00a0 |\u00a0 Ah\u015fap G\u00f6r\u00fcn\u00fcm Al\u00fcminyum\u00a0 |\u00a0 G\u00fcm\u00fc\u015f Eloksall\u0131 Al\u00fcminyum<\/p>\n<table class=\"table table-sm table-striped text-center table-hover table-responsive table-primary table-bordered\">\n<thead>\n<tr>\n<th><strong>Tasar\u0131m<\/strong><\/th>\n<th><strong>\u00d6l\u00e7\u00fc (cm)<\/strong><\/th>\n<th><strong>Profil (mm)<\/strong><\/th>\n<th><strong>Boru (mm)<\/strong><\/th>\n<th><strong>Koli i\u00e7i<\/strong><\/th>\n<th>Koli \u00d6l\u00e7\u00fcs\u00fc (cm)<\/th>\n<th><strong>A\u011f\u0131rl\u0131k (kg)<\/strong><\/th>\n<\/tr>\n<tr>\n<td>Yuvarlak<\/td>\n<td>500 \/ 8<\/td>\n<td colspan=\"1\" rowspan=\"6\">20 x 40<\/td>\n<td colspan=\"1\" rowspan=\"6\">93\/100<\/td>\n<td colspan=\"1\" rowspan=\"6\">1 Adet<\/td>\n<td>40 x 420 x 40<\/td>\n<td>64<\/td>\n<\/tr>\n<tr>\n<td>Yuvarlak<\/td>\n<td>600 \/ 8<\/td>\n<td>40 x 450 x 40<\/td>\n<td>77<\/td>\n<\/tr>\n<tr>\n<td>Yuvarlak<\/td>\n<td>700 \/ 8<\/td>\n<td>40 x 470 x 40<\/td>\n<td>77<\/td>\n<\/tr>\n<tr>\n<td>Kare<\/td>\n<td>400 x 400 \/ 8<\/td>\n<td>40 x 490 x 40<\/td>\n<td>84<\/td>\n<\/tr>\n<tr>\n<td>Kare<\/td>\n<td>500 x 500 \/ 8<\/td>\n<td>40 x 490 x 40<\/td>\n<td>84<\/td>\n<\/tr>\n<tr>\n<td>Kare<\/td>\n<td>600 x 600 \/ 8<\/td>\n<td>40 x 505 x 40<\/td>\n<td>91<\/td>\n<\/tr>\n<\/thead>\n<\/table>\n<\/div>\n<div class=\"pt-wrapper\">\n<hr class=\"no-margin mt-sm mb-sm \" \/>\n<div class=\"tt-heading-inner\">\n<h3>CLK Teleskopik G\u00fcne\u015f \u015eemsiyesi \u0130malat\u0131 ve Sat\u0131\u015f\u0131 \u0130leti\u015fim Bilgileri:<\/h3>\n<p>Ankara: 0 312 429 02 09<\/p>\n<p>\u0130stanbul: 0 216 599 03 53<\/p>\n<p>\u0130zmir: 0 850 885 13 65<\/p>\n<p>Antalya: 0 850 885 09 05<\/p>\n<p>Bursa: 0 850 885 20 19<\/p>\n<p>Adana: 0 850 885 20 29<\/p>\n<p>T\u00fcrkiye Geneli Sipari\u015f Hatt\u0131: 0 535 661 97 22<\/p>\n<p>E-Mail: <a href=\"mailto:info@clksemsiye.com.tr\">info@clksemsiye.com.tr<\/a><\/p>\n<\/div>\n<div id=\"attachment_2574\" style=\"width: 560px\" class=\"wp-caption aligncenter\"><a href=\"http:\/\/www.bahcebalkonmobilyalari.com.tr\/?attachment_id=2574\" rel=\"attachment wp-att-2574\"><img loading=\"lazy\" decoding=\"async\" aria-describedby=\"caption-attachment-2574\" class=\"size-full wp-image-2574\" src=\"http:\/\/www.bahcebalkonmobilyalari.com.tr\/wp-content\/uploads\/2022\/04\/clk-cift-kubbeli-baskili-baskisiz-semsiye-imalati-satisi-aluminyum.png\" alt=\"CLK TELESKOP\u0130K \u015eEMS\u0130YE \u0130MALATI SATI\u015eI\" width=\"550\" height=\"585\" \/><\/a><p id=\"caption-attachment-2574\" class=\"wp-caption-text\">CLK TELESKOP\u0130K \u015eEMS\u0130YE \u0130MALATI SATI\u015eI<\/p><\/div>\n<\/div>\n","protected":false},"excerpt":{"rendered":"<p>CLK Teleskopik Krank \u00c7ift Kubbeli Bacal\u0131 Bask\u0131l\u0131 ve Bask\u0131s\u0131z \u015eemsiye \u0130malat\u0131 Makaral\u0131 teleskopik mekanizmas\u0131 Al\u00fcminyum ray ve \u00e7entik Al\u00fcminyum \u00e7er\u00e7eve Kuma\u015flar, bask\u0131lar ve y\u00fczeyler Polyester&#8230;<\/p>\n","protected":false},"featured_media":1591,"comment_status":"open","ping_status":"closed","template":"","meta":{"om_disable_all_campaigns":false,"_monsterinsights_skip_tracking":false,"_monsterinsights_sitenote_active":false,"_monsterinsights_sitenote_note":"","_monsterinsights_sitenote_category":0},"product_brand":[],"product_cat":[882,883,884,885,886,887,888,889,890,891,892,893,894,895,896],"product_tag":[897,898,899,900,901,902,522,903,904,905,524,525,690,526,906],"class_list":{"0":"post-1347","1":"product","2":"type-product","3":"status-publish","4":"has-post-thumbnail","6":"product_cat-clk-4x4-metre-kare-semsiye","7":"product_cat-clk-5-metre-semsiye","8":"product_cat-clk-5-metre-yuvarlak-semsiye","9":"product_cat-clk-5x5-metre-kare-semsiye","10":"product_cat-clk-6-metre-semsiye","11":"product_cat-clk-6-metre-yuvarlak-semsiye","12":"product_cat-clk-6x6-metre-kare-semsiye","13":"product_cat-clk-7-metre-semsiye","14":"product_cat-clk-7-metre-yuvarlak-semsiye","15":"product_cat-clk-aluminyum-semsiye","16":"product_cat-clk-bacali-semsiye","17":"product_cat-clk-cift-kubeli-semsiye","18":"product_cat-clk-marka-baskili-semsiye","19":"product_cat-clk-teleskopik-gunes-semsiyesi","20":"product_cat-clk-teras-semsiyesi","21":"product_tag-clk-4x4-emsiye","22":"product_tag-clk-5x5-semsiye","23":"product_tag-clk-6x6-semsiye","24":"product_tag-clk-aluminyum-semsiye","25":"product_tag-clk-bahce-semsiyesi","26":"product_tag-clk-baskili-promosyon-cafe-semsiye","27":"product_tag-clk-baskili-semsiye","28":"product_tag-clk-gunes-semsiyesi","29":"product_tag-clk-havuz-semsiyesi","30":"product_tag-clk-krank-milli-semsiye","31":"product_tag-clk-semsiye","32":"product_tag-clk-semsiye-imalati","33":"product_tag-clk-semsiye-modelleri-fiyatlari","34":"product_tag-clk-teleskopik-semsiye","35":"product_tag-clk-teleskopik-semsiye-imalati","37":"first","38":"instock","39":"shipping-taxable","40":"product-type-simple"},"aioseo_notices":[],"_links":{"self":[{"href":"http:\/\/www.katlanabilirtentefiyatlari.com\/index.php\/wp-json\/wp\/v2\/product\/1347","targetHints":{"allow":["GET"]}}],"collection":[{"href":"http:\/\/www.katlanabilirtentefiyatlari.com\/index.php\/wp-json\/wp\/v2\/product"}],"about":[{"href":"http:\/\/www.katlanabilirtentefiyatlari.com\/index.php\/wp-json\/wp\/v2\/types\/product"}],"replies":[{"embeddable":true,"href":"http:\/\/www.katlanabilirtentefiyatlari.com\/index.php\/wp-json\/wp\/v2\/comments?post=1347"}],"wp:featuredmedia":[{"embeddable":true,"href":"http:\/\/www.katlanabilirtentefiyatlari.com\/index.php\/wp-json\/wp\/v2\/media\/1591"}],"wp:attachment":[{"href":"http:\/\/www.katlanabilirtentefiyatlari.com\/index.php\/wp-json\/wp\/v2\/media?parent=1347"}],"wp:term":[{"taxonomy":"product_brand","embeddable":true,"href":"http:\/\/www.katlanabilirtentefiyatlari.com\/index.php\/wp-json\/wp\/v2\/product_brand?post=1347"},{"taxonomy":"product_cat","embeddable":true,"href":"http:\/\/www.katlanabilirtentefiyatlari.com\/index.php\/wp-json\/wp\/v2\/product_cat?post=1347"},{"taxonomy":"product_tag","embeddable":true,"href":"http:\/\/www.katlanabilirtentefiyatlari.com\/index.php\/wp-json\/wp\/v2\/product_tag?post=1347"}],"curies":[{"name":"wp","href":"https:\/\/api.w.org\/{rel}","templated":true}]}}