{"id":1303,"date":"2023-03-12T16:38:22","date_gmt":"2023-03-12T16:38:22","guid":{"rendered":"http:\/\/www.katlanabilirtentefiyatlari.com\/?post_type=product&#038;p=1303"},"modified":"2023-03-12T18:03:25","modified_gmt":"2023-03-12T18:03:25","slug":"clk-250x250-logo-baskili-mega-ipli-makarali-semsiye-imalati-satisi","status":"publish","type":"product","link":"http:\/\/www.katlanabilirtentefiyatlari.com\/index.php\/urun\/clk-250x250-logo-baskili-mega-ipli-makarali-semsiye-imalati-satisi\/","title":{"rendered":"CLK 250&#215;250 Logo Bask\u0131l\u0131 Mega \u0130pli Makaral\u0131 \u015eemsiye \u0130malat\u0131 Sat\u0131\u015f\u0131"},"content":{"rendered":"<h2 style=\"text-align: center;\">CLK 250&#215;250 LOGO BASKILI \u015eEMS\u0130YE \u0130MALATI VE SATI\u015eI<\/h2>\n<div class=\"elementor-element elementor-element-20dfeb6 elementor-widget elementor-widget-heading animated fadeIn\" data-id=\"20dfeb6\" data-element_type=\"widget\" data-settings=\"{&quot;_animation&quot;:&quot;fadeIn&quot;}\" data-widget_type=\"heading.default\">\n<div class=\"elementor-widget-container\">\n<h3 class=\"elementor-heading-title elementor-size-default\">CLK 250&#215;250 Markal\u0131 logo bask\u0131l\u0131 \u015femsiyeler &#8211; promosyon etkinlikleri i\u00e7in tam renkli markalama ile \u00f6zel olarak bas\u0131lm\u0131\u015ft\u0131r<\/h3>\n<\/div>\n<\/div>\n<div class=\"elementor-element elementor-element-1a0fb37f elementor-widget elementor-widget-text-editor\" data-id=\"1a0fb37f\" data-element_type=\"widget\" data-widget_type=\"text-editor.default\">\n<div class=\"elementor-widget-container\">\n<div class=\"elementor-text-editor elementor-clearfix\">\n<p>CLK 2X2 Metre Logolu veya tam renkli markal\u0131 \u00f6zel bask\u0131l\u0131 CLK \u015femsiyeler, promosyon \u015femsiyeleri, \u00fcr\u00fcn lansmanlar\u0131, sergiler, a\u00e7\u0131k hava etkinlikleri ve festivaller dahil t\u00fcm etkinlik ve promosyon ama\u00e7l\u0131 kullan\u0131mlar i\u00e7in idealdir. Hafif ve tam renkli dijital olarak bas\u0131lm\u0131\u015f, g\u00f6z al\u0131c\u0131 ve i\u015flevsel bir reklam ortam\u0131 sunuyorlar.<\/p>\n<p>\u00d6zel g\u00fcne\u015f \u015femsiyelerimiz 2&#215;2, 2.5&#215;2.5, 3&#215;3, 4&#215;4, 5&#215;5, 6&#215;6 metre boyutlar\u0131 daha \u00f6zel boyutlarda bask\u0131ya al\u0131n\u0131r ve g\u00fcne\u015ften ve su ge\u00e7irmez ya\u011fmurdan g\u00fcne\u015f \u0131\u015f\u0131klar\u0131ndan koruma sa\u011flayarak profesyonel etkinlik kullan\u0131m\u0131 i\u00e7in uygun hale getirir.<\/p>\n<\/div>\n<\/div>\n<\/div>\n<div class=\"elementor-element elementor-element-42d11fe6 elementor-widget elementor-widget-heading animated fadeIn\" data-id=\"42d11fe6\" data-element_type=\"widget\" data-settings=\"{&quot;_animation&quot;:&quot;fadeIn&quot;}\" data-widget_type=\"heading.default\">\n<div class=\"elementor-widget-container\">\n<h3 class=\"elementor-heading-title elementor-size-default\">Neden CLK marka \u015femsiyeleri \u00f6neriyoruz&#8230;<\/h3>\n<\/div>\n<\/div>\n<div class=\"elementor-element elementor-element-314279f elementor-widget elementor-widget-text-editor\" data-id=\"314279f\" data-element_type=\"widget\" data-widget_type=\"text-editor.default\">\n<div class=\"elementor-widget-container\">\n<div class=\"elementor-text-editor elementor-clearfix\">\n<ul>\n<li>Etkinlik ve promosyon ama\u00e7l\u0131 kullan\u0131ma uygun<\/li>\n<li>Tam renkli y\u00fcksek kaliteli bask\u0131<\/li>\n<li>Farkl\u0131 boy ve tarzdaki \u015femsiyeler (kare dahil)<\/li>\n<li>Katlanabilir ve kolay saklama i\u00e7in b\u00f6l\u00fcmler halinde verilir<\/li>\n<li>Montaj i\u00e7in alet gerekmez<\/li>\n<li>Tasar\u0131m hizmeti mevcuttur.<\/li>\n<\/ul>\n<div>\n<p>Makara sistemi<\/p>\n<p>Kare Modeller<\/p>\n<p>Al\u00fcminyum \u00e7er\u00e7eve<\/p>\n<p><strong>Kuma\u015flar, bask\u0131lar ve y\u00fczeyler<\/strong><\/p>\n<ul>\n<li>Polyester kuma\u015f 200-240 gr \/ m\u00b2<\/li>\n<li>D\u00fcz ekran bask\u0131 \/ Dijital \/ Serigraf<\/li>\n<li>Y\u00fcksek UV hasl\u0131\u011f\u0131<\/li>\n<li>Su iticili kuma\u015f<\/li>\n<li>Su ge\u00e7irmez<\/li>\n<li>8 kollu sa\u011flam yap\u0131<\/li>\n<li>Makaral\u0131 ipli sistem reklam ve logo bask\u0131l\u0131 \u015femsiye<\/li>\n<\/ul>\n<p><strong>Y\u00fcksek UV hasl\u0131\u011f\u0131 | Su itici | Su ge\u00e7irmez.<\/strong><\/p>\n<p><strong>\u015eemsiye Boru Renk Se\u00e7enekleri :\u00a0<\/strong>Beyaz (RAL 9016) Al\u00fcminyum\u00a0 |\u00a0\u00a0Siyah (RAL 9005) Al\u00fcminyum\u00a0 |\u00a0 Ah\u015fap G\u00f6r\u00fcn\u00fcm Al\u00fcminyum\u00a0 |\u00a0 G\u00fcm\u00fc\u015f Eloksall\u0131 Al\u00fcminyum<\/p>\n<table class=\"table table-sm table-striped text-center table-hover table-responsive table-primary table-bordered\">\n<thead>\n<tr>\n<th><strong>Tasar\u0131m<\/strong><\/th>\n<th><strong>\u00d6l\u00e7\u00fc (cm)<\/strong><\/th>\n<th><strong>Profil (mm)<\/strong><\/th>\n<th><strong>Boru (mm)<\/strong><\/th>\n<th><strong>Koli i\u00e7i<\/strong><\/th>\n<th>Koli \u00d6l\u00e7\u00fcs\u00fc (cm)<\/th>\n<th><strong>A\u011f\u0131rl\u0131k (kg)<\/strong><\/th>\n<\/tr>\n<tr>\n<td colspan=\"1\" rowspan=\"6\">Kare<\/td>\n<td>200 x 200 \/ 4<\/td>\n<td colspan=\"1\" rowspan=\"3\">19 x 29<\/td>\n<td colspan=\"1\" rowspan=\"3\">47\/50<\/td>\n<td colspan=\"1\" rowspan=\"6\">1 Adet<\/td>\n<td>22 x 255 x 22<\/td>\n<td>10<\/td>\n<\/tr>\n<tr>\n<td>200 x 200 \/ 8<\/td>\n<td colspan=\"1\" rowspan=\"5\">24 x 255 x 24<\/td>\n<td>11<\/td>\n<\/tr>\n<tr>\n<td><strong>250 x 250 \/ 8<\/strong><\/td>\n<td>14<\/td>\n<\/tr>\n<tr>\n<td>300 x 300 \/ 8<\/td>\n<td colspan=\"1\" rowspan=\"3\">19 x 30<\/td>\n<td colspan=\"1\">46\/50<\/td>\n<td>16<\/td>\n<\/tr>\n<tr>\n<td>350 x 350 \/ 8<\/td>\n<td colspan=\"1\">46\/50 &#8211; 56\/60<\/td>\n<td>19-20<\/td>\n<\/tr>\n<tr>\n<td>400 x 400 \/ 8<\/td>\n<td colspan=\"1\">46\/50 &#8211; 56\/60<\/td>\n<td>22-23<\/td>\n<\/tr>\n<\/thead>\n<\/table>\n<h3>CLK 250&#215;250 Logo Bask\u0131l\u0131 \u015eemsiye \u0130malat\u0131 ve Sat\u0131\u015f\u0131 \u0130leti\u015fim Bilgileri:<\/h3>\n<p>Ankara: 0 312 429 02 09<\/p>\n<p>\u0130stanbul: 0 216 599 03 53<\/p>\n<p>\u0130zmir: 0 850 885 13 65<\/p>\n<p>Antalya: 0 850 885 09 05<\/p>\n<p>Bursa: 0 850 885 20 19<\/p>\n<p>Adana: 0 850 885 20 29<\/p>\n<p>T\u00fcrkiye Geneli Sipari\u015f Hatt\u0131: 0 535 661 97 22<\/p>\n<p>E-Mail: <a href=\"mailto:info@clksemsiye.com.tr\">info@clksemsiye.com.tr<\/a><\/p>\n<div><\/div>\n<\/div>\n<div class=\"pt-wrapper\"><\/div>\n<\/div>\n<\/div>\n<\/div>\n","protected":false},"excerpt":{"rendered":"<p>CLK 250&#215;250 LOGO BASKILI \u015eEMS\u0130YE \u0130MALATI VE SATI\u015eI CLK 250&#215;250 Markal\u0131 logo bask\u0131l\u0131 \u015femsiyeler &#8211; promosyon etkinlikleri i\u00e7in tam renkli markalama ile \u00f6zel olarak bas\u0131lm\u0131\u015ft\u0131r&#8230;<\/p>\n","protected":false},"featured_media":1515,"comment_status":"open","ping_status":"closed","template":"","meta":{"om_disable_all_campaigns":false,"_monsterinsights_skip_tracking":false,"_monsterinsights_sitenote_active":false,"_monsterinsights_sitenote_note":"","_monsterinsights_sitenote_category":0},"product_brand":[],"product_cat":[801,802,803,804,781,782,751,752,753,754,757,758,783,784,759,760,761,762,805,763,765,766,806],"product_tag":[807,788,767,808,809,768,790,769,770,771,772,524,800,525,773,810,776,777],"class_list":{"0":"post-1303","1":"product","2":"type-product","3":"status-publish","4":"has-post-thumbnail","6":"product_cat-clk-250x250-baskili-promosyon-semsiye","7":"product_cat-clk-250x250-baskili-semsiye","8":"product_cat-clk-250x250-baskili-semsiye-fiyatlari","9":"product_cat-clk-250x250-mega-ipli-baskili-makarali-semsiye","10":"product_cat-clk-baskili-ipli-makarali-semsiye","11":"product_cat-clk-kare-ipli-logo-marka-baskili-semsiye","12":"product_cat-clk-logo-baskili-bahce-semsiyeleri","13":"product_cat-clk-logo-baskili-ipli-semsiye","14":"product_cat-clk-logo-baskili-manuel-teleskopik-semsiye","15":"product_cat-clk-logo-baskili-mega-semsiye","16":"product_cat-clk-logo-baskili-restoran-semsiyeleri","17":"product_cat-clk-logo-baskili-semsiye","18":"product_cat-clk-logo-baskili-semsiye-imalati-satisi","19":"product_cat-clk-logo-marka-baskili-semsiye-imalati-satisi","20":"product_cat-clk-logolu-semsiye-imalati","21":"product_cat-clk-promosyon-logo-baskili-semsiye-imalati","22":"product_cat-clk-tanitim-promosyon-semsiyeleri","23":"product_cat-clk-turkiye-logo-baskili-semsiye-imalati","24":"product_cat-havuz-semsiyesi","25":"product_cat-logo-baskili-cafe-semsiye","26":"product_cat-logo-baskili-semsiye-imalati-yapan","27":"product_cat-logolu-semsiye","28":"product_cat-otel-semsiyesi","29":"product_tag-250x250-baskili-semsiye","30":"product_tag-baskili-kare-semsiye-imalati","31":"product_tag-baskili-semsiye","32":"product_tag-clk-250x250-logo-baskili-semsiye-fiyat","33":"product_tag-clk-250x250-logo-markali-semsiye-imalati","34":"product_tag-clk-custom-printing-parasol-turkey","35":"product_tag-clk-kare-semsiye","36":"product_tag-clk-logo-baskili-semsiye","37":"product_tag-clk-logo-baskili-semsiye-modelleri","38":"product_tag-clk-marka-baskili-semsiye-imalati-satisi","39":"product_tag-clk-promosyon-semsiye","40":"product_tag-clk-semsiye","41":"product_tag-clk-semsiye-fiyat","42":"product_tag-clk-semsiye-imalati","43":"product_tag-clk-turkiye-baskili-semsiye","44":"product_tag-ipli-makarali-250x250-semsiye","45":"product_tag-logo-baskili-semsiye","46":"product_tag-marka-baskili-semsiye","48":"first","49":"instock","50":"shipping-taxable","51":"product-type-simple"},"aioseo_notices":[],"_links":{"self":[{"href":"http:\/\/www.katlanabilirtentefiyatlari.com\/index.php\/wp-json\/wp\/v2\/product\/1303","targetHints":{"allow":["GET"]}}],"collection":[{"href":"http:\/\/www.katlanabilirtentefiyatlari.com\/index.php\/wp-json\/wp\/v2\/product"}],"about":[{"href":"http:\/\/www.katlanabilirtentefiyatlari.com\/index.php\/wp-json\/wp\/v2\/types\/product"}],"replies":[{"embeddable":true,"href":"http:\/\/www.katlanabilirtentefiyatlari.com\/index.php\/wp-json\/wp\/v2\/comments?post=1303"}],"wp:featuredmedia":[{"embeddable":true,"href":"http:\/\/www.katlanabilirtentefiyatlari.com\/index.php\/wp-json\/wp\/v2\/media\/1515"}],"wp:attachment":[{"href":"http:\/\/www.katlanabilirtentefiyatlari.com\/index.php\/wp-json\/wp\/v2\/media?parent=1303"}],"wp:term":[{"taxonomy":"product_brand","embeddable":true,"href":"http:\/\/www.katlanabilirtentefiyatlari.com\/index.php\/wp-json\/wp\/v2\/product_brand?post=1303"},{"taxonomy":"product_cat","embeddable":true,"href":"http:\/\/www.katlanabilirtentefiyatlari.com\/index.php\/wp-json\/wp\/v2\/product_cat?post=1303"},{"taxonomy":"product_tag","embeddable":true,"href":"http:\/\/www.katlanabilirtentefiyatlari.com\/index.php\/wp-json\/wp\/v2\/product_tag?post=1303"}],"curies":[{"name":"wp","href":"https:\/\/api.w.org\/{rel}","templated":true}]}}