{"id":1221,"date":"2023-03-12T16:37:06","date_gmt":"2023-03-12T16:37:06","guid":{"rendered":"http:\/\/www.katlanabilirtentefiyatlari.com\/?post_type=product&#038;p=1221"},"modified":"2023-03-12T16:40:22","modified_gmt":"2023-03-12T16:40:22","slug":"clk-2x2-mega-mini-semsiye-50-lt-bidonlu-bahce-cafe-otel-plaj-havuz-semsiyeleri","status":"publish","type":"product","link":"http:\/\/www.katlanabilirtentefiyatlari.com\/index.php\/urun\/clk-2x2-mega-mini-semsiye-50-lt-bidonlu-bahce-cafe-otel-plaj-havuz-semsiyeleri\/","title":{"rendered":"CLK 2&#215;2 Mega Mini \u015eemsiye 50 lt Bidonlu Bah\u00e7e Cafe Otel Plaj Havuz \u015eemsiyeleri"},"content":{"rendered":"<h2 style=\"text-align: center;\">CLK 2&#215;2 Mega Mini \u015eemsiye 50 lt Bidonlu<\/h2>\n<h3 style=\"text-align: center;\">CLK Bah\u00e7e Cafe Otel Plaj Havuz \u015eemsiyeleri<\/h3>\n<div>CLK 2&#215;2 Mega Mini \u015eemsiye + 50 lt Bidon<\/div>\n<div>Bah\u00e7e Cafe ve Otel ve Plaj \u015eemsiyeleri<\/div>\n<div>\n<div class=\"woocommerce-product-details__short-description\">\n<div class=\"woocommerce-product-details__short-description\">\n<p>CLK Mega Mini \u015eemsiye, pratik push-up \u00f6zelli\u011fi ile g\u00fcne\u015ften ve olas\u0131 ya\u011fmurlardan koruma sa\u011flayarak keyifli anlar\u0131n\u0131za e\u015flik eder. Havuz ba\u015f\u0131 ve \u015fezlong \u00fczeri kullan\u0131m i\u00e7in tasarlanan model, kendi segmentindeki di\u011fer modellere g\u00f6re 20 cm daha k\u0131sad\u0131r.<\/p>\n<h2>EK B\u0130LG\u0130<\/h2>\n<table class=\"woocommerce-product-attributes shop_attributes\">\n<tbody>\n<tr class=\"woocommerce-product-attributes-item woocommerce-product-attributes-item--weight\">\n<th class=\"woocommerce-product-attributes-item__label\">A\u011f\u0131rl\u0131k<\/th>\n<td class=\"woocommerce-product-attributes-item__value\">5.5 kg<\/td>\n<\/tr>\n<tr class=\"woocommerce-product-attributes-item woocommerce-product-attributes-item--dimensions\">\n<th class=\"woocommerce-product-attributes-item__label\">Boyutlar<\/th>\n<td class=\"woocommerce-product-attributes-item__value\">250 \u00d7 27 \u00d7 27 cm<\/td>\n<\/tr>\n<tr class=\"woocommerce-product-attributes-item woocommerce-product-attributes-item--attribute_pa_polyester-kumas-renkleri\">\n<th class=\"woocommerce-product-attributes-item__label\">Polyester Kuma\u015f Renkleri<\/th>\n<td class=\"woocommerce-product-attributes-item__value\">Krem<\/td>\n<\/tr>\n<tr class=\"woocommerce-product-attributes-item woocommerce-product-attributes-item--attribute_pa_iskelet-renkleri\">\n<th class=\"woocommerce-product-attributes-item__label\">\u0130skelet Renkleri<\/th>\n<td class=\"woocommerce-product-attributes-item__value\">Beyaz<\/td>\n<\/tr>\n<tr class=\"woocommerce-product-attributes-item woocommerce-product-attributes-item--attribute_pa_kullanim-alani\">\n<th class=\"woocommerce-product-attributes-item__label\">Kullan\u0131m Alan\u0131<\/th>\n<td class=\"woocommerce-product-attributes-item__value\">Bah\u00e7e \/ Teras, Havuz Ba\u015f\u0131, Plaj<\/td>\n<\/tr>\n<\/tbody>\n<\/table>\n<h3>CLK 2X2 Mega Mini Manuel Teleskopik \u015eemsiye \u0130leti\u015fim Bilgileri:<\/h3>\n<p>Ankara: 0 312 429 02 09<\/p>\n<p>\u0130stanbul: 0 216 599 03 53<\/p>\n<p>\u0130zmir: 0 850 885 13 65<\/p>\n<p>Antalya: 0 850 885 09 05<\/p>\n<p>Bursa: 0 850 885 20 19<\/p>\n<p>Adana: 0 850 885 20 29<\/p>\n<p>T\u00fcrkiye Geneli Sipari\u015f Hatt\u0131: 0 535 661 97 22<\/p>\n<p>E-Mail:<a href=\"mailto:info@clksemsiye.com.tr\"> info@clksemsiye.com.tr<\/a><\/p>\n<div id=\"attachment_2305\" style=\"width: 396px\" class=\"wp-caption aligncenter\"><a href=\"http:\/\/www.bahcebalkonmobilyalari.com.tr\/?attachment_id=2305\" rel=\"attachment wp-att-2305\"><img loading=\"lazy\" decoding=\"async\" aria-describedby=\"caption-attachment-2305\" class=\" wp-image-2305\" src=\"http:\/\/www.bahcebalkonmobilyalari.com.tr\/wp-content\/uploads\/2022\/04\/clk-2x2-mega-mini-bahce-cafe-otel-plaj-havuz-semsiyesi.png\" alt=\"clk 2x2 mega mini manuel teleskopik havuz teras otel \u015femsiyeleri parasol\" width=\"386\" height=\"372\" \/><\/a><p id=\"caption-attachment-2305\" class=\"wp-caption-text\">clk 2&#215;2 mega mini manuel teleskopik havuz teras otel \u015femsiyeleri parasol<\/p><\/div>\n<\/div>\n<\/div>\n<\/div>\n","protected":false},"excerpt":{"rendered":"<p>CLK 2&#215;2 Mega Mini \u015eemsiye 50 lt Bidonlu CLK Bah\u00e7e Cafe Otel Plaj Havuz \u015eemsiyeleri CLK 2&#215;2 Mega Mini \u015eemsiye + 50 lt Bidon Bah\u00e7e&#8230;<\/p>\n","protected":false},"featured_media":1428,"comment_status":"open","ping_status":"closed","template":"","meta":{"om_disable_all_campaigns":false,"_monsterinsights_skip_tracking":false,"_monsterinsights_sitenote_active":false,"_monsterinsights_sitenote_note":"","_monsterinsights_sitenote_category":0},"product_brand":[],"product_cat":[731,732,733],"product_tag":[734,735,736,737,738,739,709,712,681,625,740,741],"class_list":{"0":"post-1221","1":"product","2":"type-product","3":"status-publish","4":"has-post-thumbnail","6":"product_cat-2x2-semsiye","7":"product_cat-clk-2x2-mega-mini-semsiye","8":"product_cat-clk-2x2-semsiye-imalati-satisi","9":"product_tag-2x2-havuz-semsiye-fiyatlari","10":"product_tag-2x2-mega-semsiye","11":"product_tag-2x2-mini-semsiye","12":"product_tag-2x2-semsiye","13":"product_tag-clk-2x2-mega-mini-teleskopik-semsiye","14":"product_tag-clk-havuz-semsiye-imalati","15":"product_tag-clk-havuz-semsiyeleri","16":"product_tag-clk-otel-semsiyeleri","17":"product_tag-clk-parasol","18":"product_tag-clk-semsiye-modelleri","19":"product_tag-clk-semsiyeleri","20":"product_tag-havuz-semsiye-modelleri","22":"first","23":"instock","24":"shipping-taxable","25":"product-type-simple"},"aioseo_notices":[],"_links":{"self":[{"href":"http:\/\/www.katlanabilirtentefiyatlari.com\/index.php\/wp-json\/wp\/v2\/product\/1221","targetHints":{"allow":["GET"]}}],"collection":[{"href":"http:\/\/www.katlanabilirtentefiyatlari.com\/index.php\/wp-json\/wp\/v2\/product"}],"about":[{"href":"http:\/\/www.katlanabilirtentefiyatlari.com\/index.php\/wp-json\/wp\/v2\/types\/product"}],"replies":[{"embeddable":true,"href":"http:\/\/www.katlanabilirtentefiyatlari.com\/index.php\/wp-json\/wp\/v2\/comments?post=1221"}],"wp:featuredmedia":[{"embeddable":true,"href":"http:\/\/www.katlanabilirtentefiyatlari.com\/index.php\/wp-json\/wp\/v2\/media\/1428"}],"wp:attachment":[{"href":"http:\/\/www.katlanabilirtentefiyatlari.com\/index.php\/wp-json\/wp\/v2\/media?parent=1221"}],"wp:term":[{"taxonomy":"product_brand","embeddable":true,"href":"http:\/\/www.katlanabilirtentefiyatlari.com\/index.php\/wp-json\/wp\/v2\/product_brand?post=1221"},{"taxonomy":"product_cat","embeddable":true,"href":"http:\/\/www.katlanabilirtentefiyatlari.com\/index.php\/wp-json\/wp\/v2\/product_cat?post=1221"},{"taxonomy":"product_tag","embeddable":true,"href":"http:\/\/www.katlanabilirtentefiyatlari.com\/index.php\/wp-json\/wp\/v2\/product_tag?post=1221"}],"curies":[{"name":"wp","href":"https:\/\/api.w.org\/{rel}","templated":true}]}}