{"id":1220,"date":"2023-03-12T16:37:05","date_gmt":"2023-03-12T16:37:05","guid":{"rendered":"http:\/\/www.katlanabilirtentefiyatlari.com\/?post_type=product&#038;p=1220"},"modified":"2023-03-12T16:40:16","modified_gmt":"2023-03-12T16:40:16","slug":"clk-cap-250-yuvarlak-mega-dual-semsiye-50-lt-bidonlu-bahce-cafe-otel-plaj-semsiyeleri","status":"publish","type":"product","link":"http:\/\/www.katlanabilirtentefiyatlari.com\/index.php\/urun\/clk-cap-250-yuvarlak-mega-dual-semsiye-50-lt-bidonlu-bahce-cafe-otel-plaj-semsiyeleri\/","title":{"rendered":"CLK \u00c7ap 250 Yuvarlak Mega Dual \u015eemsiye 50 lt Bidonlu Bah\u00e7e Cafe Otel Plaj \u015eemsiyeleri"},"content":{"rendered":"<h2 style=\"text-align: center;\">CLK \u00c7ap 250 Yuvarlak Mega Dual \u015eemsiye 50 lt Bidonlu<\/h2>\n<h3 style=\"text-align: center;\">Bah\u00e7e Cafe Otel Plaj \u015eemsiyeleri<\/h3>\n<div>CLK \u00c7ap 250 Mega Dual \u015eemsiye + 50 lt Bidonlu<\/div>\n<div>Bah\u00e7e Cafe ve Otel Plaj \u015eemsiyeleri<\/div>\n<div>\n<div class=\"woocommerce-product-details__short-description\">\n<div class=\"woocommerce-product-details__short-description\">\n<p>Ana dire\u011fi ortadan iki par\u00e7aya ayr\u0131labilen CLK Mega Dual \u015femsiye, bireysel ve pratik kullan\u0131m i\u00e7in idealdir. Siyah g\u00f6vde ve zengin kuma\u015f renk se\u00e7enekleri ile balkon ve bah\u00e7elerde keyifli anlar\u0131n vazge\u00e7ilmezi olacakt\u0131r.<\/p>\n<p>\u00d6zel kuma\u015f, iskelet rengi ve markan\u0131za \u00f6zel bask\u0131 se\u00e7enekleri i\u00e7in sat\u0131\u015f temsilcimiz ile g\u00f6r\u00fc\u015febilirsiniz.<\/p>\n<h2>EK B\u0130LG\u0130<\/h2>\n<table class=\"woocommerce-product-attributes shop_attributes\">\n<tbody>\n<tr class=\"woocommerce-product-attributes-item woocommerce-product-attributes-item--weight\">\n<th class=\"woocommerce-product-attributes-item__label\">A\u011f\u0131rl\u0131k<\/th>\n<td class=\"woocommerce-product-attributes-item__value\">5.5 kg<\/td>\n<\/tr>\n<tr class=\"woocommerce-product-attributes-item woocommerce-product-attributes-item--dimensions\">\n<th class=\"woocommerce-product-attributes-item__label\">Boyutlar<\/th>\n<td class=\"woocommerce-product-attributes-item__value\">160 \u00d7 16 \u00d7 16 cm<\/td>\n<\/tr>\n<tr class=\"woocommerce-product-attributes-item woocommerce-product-attributes-item--attribute_pa_polyester-kumas-renkleri\">\n<th class=\"woocommerce-product-attributes-item__label\">Polyester Kuma\u015f Renkleri<\/th>\n<td class=\"woocommerce-product-attributes-item__value\">Bordo, Koyu Ye\u015fil, Krem<\/td>\n<\/tr>\n<tr class=\"woocommerce-product-attributes-item woocommerce-product-attributes-item--attribute_pa_iskelet-renkleri\">\n<th class=\"woocommerce-product-attributes-item__label\">\u0130skelet Renkleri<\/th>\n<td class=\"woocommerce-product-attributes-item__value\">Antrasit Gri<\/td>\n<\/tr>\n<tr class=\"woocommerce-product-attributes-item woocommerce-product-attributes-item--attribute_pa_kullanim-alani\">\n<th class=\"woocommerce-product-attributes-item__label\">Kullan\u0131m Alan\u0131<\/th>\n<td class=\"woocommerce-product-attributes-item__value\">Bah\u00e7e \/ Teras, Havuz Ba\u015f\u0131, Plaj<\/td>\n<\/tr>\n<\/tbody>\n<\/table>\n<h3>CLK \u00c7ap 250 Mega Manuel Teleskopik \u015eemsiye \u0130leti\u015fim Bilgileri:<\/h3>\n<p>Ankara: 0 312 429 02 09<\/p>\n<p>\u0130stanbul: 0 216 599 03 53<\/p>\n<p>\u0130zmir: 0 850 885 13 65<\/p>\n<p>Antalya: 0 850 885 09 05<\/p>\n<p>Bursa: 0 850 885 20 19<\/p>\n<p>Adana: 0 850 885 20 29<\/p>\n<p>T\u00fcrkiye Geneli Sipari\u015f Hatt\u0131: 0 535 661 97 22<\/p>\n<p>E-Mail:<a href=\"mailto:info@clksemsiye.com.tr\"> info@clksemsiye.com.tr<\/a><\/p>\n<div id=\"attachment_2289\" style=\"width: 714px\" class=\"wp-caption aligncenter\"><a href=\"http:\/\/www.bahcebalkonmobilyalari.com.tr\/?attachment_id=2289\" rel=\"attachment wp-att-2289\"><img loading=\"lazy\" decoding=\"async\" aria-describedby=\"caption-attachment-2289\" class=\"size-full wp-image-2289\" src=\"http:\/\/www.bahcebalkonmobilyalari.com.tr\/wp-content\/uploads\/2022\/04\/clk-cap-250-yuvarlak-bahce-cafe-otel-semsiyeleri-mega-dual-kirmizi-semsiye-otel-cafe-restorant-plaj-semsiyeleri.png\" alt=\"clk \u00e7ap 250 bah\u00e7e havuz teras otel \u015femsiye imalat\u0131 sat\u0131\u015f\u0131 clk parasol manufacturer\" width=\"704\" height=\"732\" \/><\/a><p id=\"caption-attachment-2289\" class=\"wp-caption-text\">clk \u00e7ap 250 bah\u00e7e havuz teras otel \u015femsiye imalat\u0131 sat\u0131\u015f\u0131 clk parasol manufacturer<\/p><\/div>\n<\/div>\n<\/div>\n<\/div>\n","protected":false},"excerpt":{"rendered":"<p>CLK \u00c7ap 250 Yuvarlak Mega Dual \u015eemsiye 50 lt Bidonlu Bah\u00e7e Cafe Otel Plaj \u015eemsiyeleri CLK \u00c7ap 250 Mega Dual \u015eemsiye + 50 lt Bidonlu&#8230;<\/p>\n","protected":false},"featured_media":1420,"comment_status":"open","ping_status":"closed","template":"","meta":{"om_disable_all_campaigns":false,"_monsterinsights_skip_tracking":false,"_monsterinsights_sitenote_active":false,"_monsterinsights_sitenote_note":"","_monsterinsights_sitenote_category":0},"product_brand":[],"product_cat":[538,539,548,549,507,633,700,634,605,673,701,702,717,656,637,510,638,619,704,541,677,511,705,512,706,707,513,514,515],"product_tag":[725,726,727,728,729,730,712,681,682,524,608,525],"class_list":{"0":"post-1220","1":"product","2":"type-product","3":"status-publish","4":"has-post-thumbnail","6":"product_cat-aluminyum-semsiye","7":"product_cat-aluminyum-semsiye-fiyatlari","8":"product_cat-bahce-semsiye-modelleri-fiyatlari","9":"product_cat-bahce-semsiyesi","10":"product_cat-cafe-semsiyesi","11":"product_cat-clk-bahce-semsiyeleri","12":"product_cat-clk-baskili-semsiye","13":"product_cat-clk-cafe-semsiyeleri","14":"product_cat-clk-garden-bahce-semsiyeleri","15":"product_cat-clk-havuz-semsiyeleri","16":"product_cat-clk-manuel-teleskopik-semsiye","17":"product_cat-clk-manuel-teleskopik-semsiye-imalati-satisi","18":"product_cat-clk-manuel-teleskopik-semsiye-imalati-ve-satisi","19":"product_cat-clk-mega-semsiye","20":"product_cat-clk-otel-semsiyeleri","21":"product_cat-clk-semsiye","22":"product_cat-clk-semsiye-fiyatlari-2","23":"product_cat-clk-semsiye-fiyatlari","24":"product_cat-clk-semsiye-imalati","25":"product_cat-clk-semsiye-imalati-satisi","26":"product_cat-clk-semsiye-imalati-ve-fiyatlari","27":"product_cat-clk-semsiye-imalati-ve-satisi","28":"product_cat-clk-semsiyeleri","29":"product_cat-clk-teleskopik-semsiye","30":"product_cat-clk-teleskopik-semsiye-fiyatlari","31":"product_cat-clk-toptan-semsiye","32":"product_cat-logo-baskili-semsiye","33":"product_cat-otel-semsiyeleri","34":"product_cat-restoran-semsiyesi","35":"product_tag-clk-cap-250-yivarlak-semsiye","36":"product_tag-clk-cap-250-yuvarlak-mega-teleskopik-semsiye-imalati-satisi","37":"product_tag-clk-garden-bahce-semsiyeleri","38":"product_tag-clk-havuz-semsiyeleri-imalati","39":"product_tag-clk-manuel-telesopik-semsiye","40":"product_tag-clk-mega-semsiyeleri","41":"product_tag-clk-otel-semsiyeleri","42":"product_tag-clk-parasol","43":"product_tag-clk-parasol-manufacturer","44":"product_tag-clk-semsiye","45":"product_tag-clk-semsiye-fiyatlari","46":"product_tag-clk-semsiye-imalati","48":"first","49":"instock","50":"shipping-taxable","51":"product-type-simple"},"aioseo_notices":[],"_links":{"self":[{"href":"http:\/\/www.katlanabilirtentefiyatlari.com\/index.php\/wp-json\/wp\/v2\/product\/1220","targetHints":{"allow":["GET"]}}],"collection":[{"href":"http:\/\/www.katlanabilirtentefiyatlari.com\/index.php\/wp-json\/wp\/v2\/product"}],"about":[{"href":"http:\/\/www.katlanabilirtentefiyatlari.com\/index.php\/wp-json\/wp\/v2\/types\/product"}],"replies":[{"embeddable":true,"href":"http:\/\/www.katlanabilirtentefiyatlari.com\/index.php\/wp-json\/wp\/v2\/comments?post=1220"}],"wp:featuredmedia":[{"embeddable":true,"href":"http:\/\/www.katlanabilirtentefiyatlari.com\/index.php\/wp-json\/wp\/v2\/media\/1420"}],"wp:attachment":[{"href":"http:\/\/www.katlanabilirtentefiyatlari.com\/index.php\/wp-json\/wp\/v2\/media?parent=1220"}],"wp:term":[{"taxonomy":"product_brand","embeddable":true,"href":"http:\/\/www.katlanabilirtentefiyatlari.com\/index.php\/wp-json\/wp\/v2\/product_brand?post=1220"},{"taxonomy":"product_cat","embeddable":true,"href":"http:\/\/www.katlanabilirtentefiyatlari.com\/index.php\/wp-json\/wp\/v2\/product_cat?post=1220"},{"taxonomy":"product_tag","embeddable":true,"href":"http:\/\/www.katlanabilirtentefiyatlari.com\/index.php\/wp-json\/wp\/v2\/product_tag?post=1220"}],"curies":[{"name":"wp","href":"https:\/\/api.w.org\/{rel}","templated":true}]}}