{"id":1218,"date":"2023-03-12T16:37:04","date_gmt":"2023-03-12T16:37:04","guid":{"rendered":"http:\/\/www.katlanabilirtentefiyatlari.com\/?post_type=product&#038;p=1218"},"modified":"2023-03-12T16:39:54","modified_gmt":"2023-03-12T16:39:54","slug":"clk-25x25-mt-turkuaz-70-lt-bidonlu-mega-manuel-semsiye-bahce-cafe-otel-plaj-semsiyeleri","status":"publish","type":"product","link":"http:\/\/www.katlanabilirtentefiyatlari.com\/index.php\/urun\/clk-25x25-mt-turkuaz-70-lt-bidonlu-mega-manuel-semsiye-bahce-cafe-otel-plaj-semsiyeleri\/","title":{"rendered":"CLK 2,5&#215;2,5 mt Turkuaz 70 lt Bidonlu Mega Manuel \u015eemsiye Bah\u00e7e Cafe Otel Plaj \u015eemsiyeleri"},"content":{"rendered":"<h2 style=\"text-align: center;\">CLK 2,5&#215;2,5 mt Mega Manuel \u015eemsiye<\/h2>\n<h3 style=\"text-align: center;\">CLK Mega Manuel \u015eemsiye Bah\u00e7e Cafe Otel Plaj \u015eemsiyeleri<\/h3>\n<div>70 lt Bidonlu Set<\/div>\n<div><\/div>\n<div>CLK 2,5&#215;2,5 metre \u0130pli Mega \u015eemsiye tamamen al\u00fcminyum ve \u00e7elikten \u00fcretilen Mega \u0130pli Sistem \u015eemsiyeler, i\u015flevsel ipli \u00e7al\u0131\u015fma sistemi, farkl\u0131 \u00f6l\u00e7\u00fc ve renk se\u00e7enekleri, zengin tamamlay\u0131c\u0131 ve sabitleyici aksesuar se\u00e7enekleri ile her mevsimde ya\u015fam alanlar\u0131n\u0131z\u0131 konforla bulu\u015fturuyor.<\/div>\n<div><\/div>\n<div>\u00d6zel kuma\u015f, iskelet rengi ve markan\u0131za \u00f6zel bask\u0131 se\u00e7enekleri i\u00e7in sat\u0131\u015f temsilcimiz ile g\u00f6r\u00fc\u015febilirsiniz.<\/div>\n<div>\n<h2>EK B\u0130LG\u0130<\/h2>\n<table class=\"woocommerce-product-attributes shop_attributes\">\n<tbody>\n<tr class=\"woocommerce-product-attributes-item woocommerce-product-attributes-item--weight\">\n<th class=\"woocommerce-product-attributes-item__label\">A\u011f\u0131rl\u0131k<\/th>\n<td class=\"woocommerce-product-attributes-item__value\">14 kg<\/td>\n<\/tr>\n<tr class=\"woocommerce-product-attributes-item woocommerce-product-attributes-item--dimensions\">\n<th class=\"woocommerce-product-attributes-item__label\">Boyutlar<\/th>\n<td class=\"woocommerce-product-attributes-item__value\">270 \u00d7 24 \u00d7 24 cm<\/td>\n<\/tr>\n<tr class=\"woocommerce-product-attributes-item woocommerce-product-attributes-item--attribute_pa_polyester-kumas-renkleri\">\n<th class=\"woocommerce-product-attributes-item__label\">Polyester Kuma\u015f Renkleri<\/th>\n<td class=\"woocommerce-product-attributes-item__value\">Krem, Turkuaz<\/td>\n<\/tr>\n<tr class=\"woocommerce-product-attributes-item woocommerce-product-attributes-item--attribute_pa_iskelet-renkleri\">\n<th class=\"woocommerce-product-attributes-item__label\">\u0130skelet Renkleri<\/th>\n<td class=\"woocommerce-product-attributes-item__value\">Beyaz<\/td>\n<\/tr>\n<tr class=\"woocommerce-product-attributes-item woocommerce-product-attributes-item--attribute_pa_kullanim-alani\">\n<th class=\"woocommerce-product-attributes-item__label\">Kullan\u0131m Alan\u0131<\/th>\n<td class=\"woocommerce-product-attributes-item__value\">Bah\u00e7e \/ Teras, Havuz Ba\u015f\u0131, Plaj<\/td>\n<\/tr>\n<\/tbody>\n<\/table>\n<p>&nbsp;<\/p>\n<p>&nbsp;<\/p>\n<h3>CLK 2.5&#215;2.5 Metre Manuel Teleskopik \u015eemsiye \u0130leti\u015fim Bilgileri:<\/h3>\n<p>Ankara: 0 312 429 02 09<\/p>\n<p>\u0130stanbul: 0 216 599 03 53<\/p>\n<p>\u0130zmir: 0 850 885 13 65<\/p>\n<p>Antalya: 0 850 885 09 05<\/p>\n<p>Bursa: 0 850 885 20 19<\/p>\n<p>Adana: 0 850 885 20 29<\/p>\n<p>T\u00fcrkiye Geneli Sipari\u015f Hatt\u0131: 0 535 661 97 22<\/p>\n<p>E-Mail:<a href=\"mailto:info@clksemsiye.com.tr\"> info@clksemsiye.com.tr<\/a><\/p>\n<p>&nbsp;<\/p>\n<p><a href=\"http:\/\/www.bahcebalkonmobilyalari.com.tr\/?attachment_id=2274\" rel=\"attachment wp-att-2274\"><img loading=\"lazy\" decoding=\"async\" class=\"aligncenter wp-image-2274\" src=\"http:\/\/www.bahcebalkonmobilyalari.com.tr\/wp-content\/uploads\/2022\/04\/clk-semsiye-25x25-mega-manuel-semsiye-bahce-cafe-otel-plaj-semsiyeleri.png\" alt=\"\" width=\"492\" height=\"422\" \/><\/a><\/p>\n<\/div>\n","protected":false},"excerpt":{"rendered":"<p>CLK 2,5&#215;2,5 mt Mega Manuel \u015eemsiye CLK Mega Manuel \u015eemsiye Bah\u00e7e Cafe Otel Plaj \u015eemsiyeleri 70 lt Bidonlu Set CLK 2,5&#215;2,5 metre \u0130pli Mega \u015eemsiye&#8230;<\/p>\n","protected":false},"featured_media":1407,"comment_status":"open","ping_status":"closed","template":"","meta":{"om_disable_all_campaigns":false,"_monsterinsights_skip_tracking":false,"_monsterinsights_sitenote_active":false,"_monsterinsights_sitenote_note":"","_monsterinsights_sitenote_category":0},"product_brand":[],"product_cat":[694,695,696,697,698,699,700,701,702,703,704,705,706,707],"product_tag":[708,607,709,710,711,712,524,608,525,625,713],"class_list":{"0":"post-1218","1":"product","2":"type-product","3":"status-publish","4":"has-post-thumbnail","6":"product_cat-2-5x2-5-metre-havuz-bahce-semsiyeleri","7":"product_cat-clk-2-5x2-5-bahce-semsiyesi","8":"product_cat-clk-2-5x2-5-havuz-semsiyesi","9":"product_cat-clk-2-5x2-5-metre-semsiye","10":"product_cat-clk-2-5x2-5-metre-semsiye-imalati","11":"product_cat-clk-2-5x2-5-semsiye","12":"product_cat-clk-baskili-semsiye","13":"product_cat-clk-manuel-teleskopik-semsiye","14":"product_cat-clk-manuel-teleskopik-semsiye-imalati-satisi","15":"product_cat-clk-mega-manuel-semsiye-imalati","16":"product_cat-clk-semsiye-imalati","17":"product_cat-clk-semsiyeleri","18":"product_cat-clk-teleskopik-semsiye-fiyatlari","19":"product_cat-clk-toptan-semsiye","20":"product_tag-clk-2-5x2-5-semsiye","21":"product_tag-clk-bahce-semsiyeleri","22":"product_tag-clk-havuz-semsiyeleri","23":"product_tag-clk-manuel-teleskopik-semsiye","24":"product_tag-clk-mega-manuel-semsiye","25":"product_tag-clk-otel-semsiyeleri","26":"product_tag-clk-semsiye","27":"product_tag-clk-semsiye-fiyatlari","28":"product_tag-clk-semsiye-imalati","29":"product_tag-clk-semsiye-modelleri","30":"product_tag-manuel-teleskopik-semsiye-fiyat","32":"first","33":"instock","34":"shipping-taxable","35":"product-type-simple"},"aioseo_notices":[],"_links":{"self":[{"href":"http:\/\/www.katlanabilirtentefiyatlari.com\/index.php\/wp-json\/wp\/v2\/product\/1218","targetHints":{"allow":["GET"]}}],"collection":[{"href":"http:\/\/www.katlanabilirtentefiyatlari.com\/index.php\/wp-json\/wp\/v2\/product"}],"about":[{"href":"http:\/\/www.katlanabilirtentefiyatlari.com\/index.php\/wp-json\/wp\/v2\/types\/product"}],"replies":[{"embeddable":true,"href":"http:\/\/www.katlanabilirtentefiyatlari.com\/index.php\/wp-json\/wp\/v2\/comments?post=1218"}],"wp:featuredmedia":[{"embeddable":true,"href":"http:\/\/www.katlanabilirtentefiyatlari.com\/index.php\/wp-json\/wp\/v2\/media\/1407"}],"wp:attachment":[{"href":"http:\/\/www.katlanabilirtentefiyatlari.com\/index.php\/wp-json\/wp\/v2\/media?parent=1218"}],"wp:term":[{"taxonomy":"product_brand","embeddable":true,"href":"http:\/\/www.katlanabilirtentefiyatlari.com\/index.php\/wp-json\/wp\/v2\/product_brand?post=1218"},{"taxonomy":"product_cat","embeddable":true,"href":"http:\/\/www.katlanabilirtentefiyatlari.com\/index.php\/wp-json\/wp\/v2\/product_cat?post=1218"},{"taxonomy":"product_tag","embeddable":true,"href":"http:\/\/www.katlanabilirtentefiyatlari.com\/index.php\/wp-json\/wp\/v2\/product_tag?post=1218"}],"curies":[{"name":"wp","href":"https:\/\/api.w.org\/{rel}","templated":true}]}}