{"id":1216,"date":"2023-03-12T16:37:03","date_gmt":"2023-03-12T16:37:03","guid":{"rendered":"http:\/\/www.katlanabilirtentefiyatlari.com\/?post_type=product&#038;p=1216"},"modified":"2023-03-12T16:39:44","modified_gmt":"2023-03-12T16:39:44","slug":"clk-3x3-metre-mega-ipli-semsiye-kup-bidonlu-bahce-cafe-otel-restorant-semsiyeleri","status":"publish","type":"product","link":"http:\/\/www.katlanabilirtentefiyatlari.com\/index.php\/urun\/clk-3x3-metre-mega-ipli-semsiye-kup-bidonlu-bahce-cafe-otel-restorant-semsiyeleri\/","title":{"rendered":"CLK 3&#215;3 Metre Mega \u0130pli \u015eemsiye K\u00fcp Bidonlu Bah\u00e7e Cafe Otel Restorant \u015eemsiyeleri"},"content":{"rendered":"<h2 style=\"text-align: center;\">CLK 3&#215;3 Metre MEGA \u0130PL\u0130 \u015eEMS\u0130YE(BEYAZ PROF\u0130L)<\/h2>\n<div>4 Adet K\u00fcp Bidonlu Set<\/div>\n<div><\/div>\n<div>CLK 3&#215;3 metre \u0130pli Mega \u015eemsiye tamamen al\u00fcminyum ve \u00e7elikten \u00fcretilen Mega \u0130pli Sistem \u015eemsiyeler, i\u015flevsel ipli \u00e7al\u0131\u015fma sistemi, farkl\u0131 \u00f6l\u00e7\u00fc ve renk se\u00e7enekleri, zengin tamamlay\u0131c\u0131 ve sabitleyici aksesuar se\u00e7enekleri ile her mevsimde ya\u015fam alanlar\u0131n\u0131z\u0131 konforla bulu\u015fturuyor.<\/div>\n<div><\/div>\n<div>\u00d6zel kuma\u015f, iskelet rengi ve markan\u0131za \u00f6zel bask\u0131 se\u00e7enekleri i\u00e7in sat\u0131\u015f temsilcimiz ile g\u00f6r\u00fc\u015febilirsiniz.<\/div>\n<div><\/div>\n<div>\n<h2>EK B\u0130LG\u0130<\/h2>\n<table class=\"woocommerce-product-attributes shop_attributes\">\n<tbody>\n<tr class=\"woocommerce-product-attributes-item woocommerce-product-attributes-item--weight\">\n<th class=\"woocommerce-product-attributes-item__label\">A\u011f\u0131rl\u0131k<\/th>\n<td class=\"woocommerce-product-attributes-item__value\">14.75 kg<\/td>\n<\/tr>\n<tr class=\"woocommerce-product-attributes-item woocommerce-product-attributes-item--dimensions\">\n<th class=\"woocommerce-product-attributes-item__label\">PAKET Boyutlar<\/th>\n<td class=\"woocommerce-product-attributes-item__value\">283 \u00d7 23 \u00d7 23 cm<\/td>\n<\/tr>\n<tr class=\"woocommerce-product-attributes-item woocommerce-product-attributes-item--attribute_pa_polyester-kumas-renkleri\">\n<th class=\"woocommerce-product-attributes-item__label\">Polyester Kuma\u015f Renkleri<\/th>\n<td class=\"woocommerce-product-attributes-item__value\">Antrasit Gri, Bordo, K\u0131rm\u0131z\u0131, Koyu Ye\u015fil, Krem, Saks Mavi<\/td>\n<\/tr>\n<tr class=\"woocommerce-product-attributes-item woocommerce-product-attributes-item--attribute_pa_iskelet-renkleri\">\n<th class=\"woocommerce-product-attributes-item__label\">\u0130skelet Renkleri<\/th>\n<td class=\"woocommerce-product-attributes-item__value\">Beyaz,<\/td>\n<\/tr>\n<tr class=\"woocommerce-product-attributes-item woocommerce-product-attributes-item--attribute_pa_kullanim-alani\">\n<th class=\"woocommerce-product-attributes-item__label\">Kullan\u0131m Alan\u0131<\/th>\n<td class=\"woocommerce-product-attributes-item__value\">Bah\u00e7e \/ Teras, Havuz Ba\u015f\u0131, Plaj<\/td>\n<\/tr>\n<\/tbody>\n<\/table>\n<p>&nbsp;<\/p>\n<h3>CLK 3&#215;3 Metre Mega \u0130pli \u015eemsiye K\u00fcp Bidonlu Bah\u00e7e Cafe Otel Restorant \u015eemsiyeleri<\/h3>\n<p>Ankara: 0 312 429 02 09<\/p>\n<p>\u0130stanbul: 0 216 599 03 53<\/p>\n<p>\u0130zmir: 0 850 885 13 65<\/p>\n<p>Antalya: 0 850 885 09 05<\/p>\n<p>Bursa: 0 850 885 20 19<\/p>\n<p>Adana: 0 850 885 20 29<\/p>\n<p>T\u00fcrkiye Geneli Sipari\u015f Hatt\u0131: 0 535 661 97 22<\/p>\n<p>E-Mail:<a href=\"mailto:info@clksemsiye.com.tr\"> info@clksemsiye.com.tr<\/a><\/p>\n<p>&nbsp;<\/p>\n<p><a href=\"http:\/\/www.bahcebalkonmobilyalari.com.tr\/?attachment_id=2252\" rel=\"attachment wp-att-2252\"><img loading=\"lazy\" decoding=\"async\" class=\"aligncenter  wp-image-2252\" src=\"http:\/\/www.bahcebalkonmobilyalari.com.tr\/wp-content\/uploads\/2022\/04\/clk-3x3-mega-ipli-semsiye-siya-profil-bahce-otel-cafe-semsiyeleri.png\" alt=\"\" width=\"481\" height=\"394\" \/><\/a><\/p>\n<\/div>\n","protected":false},"excerpt":{"rendered":"<p>CLK 3&#215;3 Metre MEGA \u0130PL\u0130 \u015eEMS\u0130YE(BEYAZ PROF\u0130L) 4 Adet K\u00fcp Bidonlu Set CLK 3&#215;3 metre \u0130pli Mega \u015eemsiye tamamen al\u00fcminyum ve \u00e7elikten \u00fcretilen Mega \u0130pli&#8230;<\/p>\n","protected":false},"featured_media":1389,"comment_status":"open","ping_status":"closed","template":"","meta":{"om_disable_all_campaigns":false,"_monsterinsights_skip_tracking":false,"_monsterinsights_sitenote_active":false,"_monsterinsights_sitenote_note":"","_monsterinsights_sitenote_category":0},"product_brand":[],"product_cat":[651,538,539,548,549,507,604,550,633,634,605,673,674,655,675,656,637,676,510,638,619,541,677,511,580,514,515],"product_tag":[683,684,685,686,687,688,689,608,690],"class_list":{"0":"post-1216","1":"product","2":"type-product","3":"status-publish","4":"has-post-thumbnail","6":"product_cat-330x330-semsiye","7":"product_cat-aluminyum-semsiye","8":"product_cat-aluminyum-semsiye-fiyatlari","9":"product_cat-bahce-semsiye-modelleri-fiyatlari","10":"product_cat-bahce-semsiyesi","11":"product_cat-cafe-semsiyesi","12":"product_cat-clk-3-metre-semsiye-fiyat","13":"product_cat-clk-3x3-bahce-semsiyesi","14":"product_cat-clk-bahce-semsiyeleri","15":"product_cat-clk-cafe-semsiyeleri","16":"product_cat-clk-garden-bahce-semsiyeleri","17":"product_cat-clk-havuz-semsiyeleri","18":"product_cat-clk-ipli-semsiye","19":"product_cat-clk-mega-ipli-bacali-semsiye","20":"product_cat-clk-mega-ipli-semsiye-imalati-satisi","21":"product_cat-clk-mega-semsiye","22":"product_cat-clk-otel-semsiyeleri","23":"product_cat-clk-restoran-semsiyeleri","24":"product_cat-clk-semsiye","25":"product_cat-clk-semsiye-fiyatlari-2","26":"product_cat-clk-semsiye-fiyatlari","27":"product_cat-clk-semsiye-imalati-satisi","28":"product_cat-clk-semsiye-imalati-ve-fiyatlari","29":"product_cat-clk-semsiye-imalati-ve-satisi","30":"product_cat-havuz-semsiyeleri","31":"product_cat-otel-semsiyeleri","32":"product_cat-restoran-semsiyesi","33":"product_tag-3-metre-mega-semsiye","34":"product_tag-3x3-mega-semsiye-modelleri","35":"product_tag-clk-3x3-mega-ipli-semsiye","36":"product_tag-clk-3x3-mega-semsiye","37":"product_tag-clk-3x3-mega-semsiye-fiyatlari","38":"product_tag-clk-3x3-metre-mega-semsiye","39":"product_tag-clk-mega-semsiye-fiyatlari","40":"product_tag-clk-semsiye-fiyatlari","41":"product_tag-clk-semsiye-modelleri-fiyatlari","43":"first","44":"instock","45":"shipping-taxable","46":"product-type-simple"},"aioseo_notices":[],"_links":{"self":[{"href":"http:\/\/www.katlanabilirtentefiyatlari.com\/index.php\/wp-json\/wp\/v2\/product\/1216","targetHints":{"allow":["GET"]}}],"collection":[{"href":"http:\/\/www.katlanabilirtentefiyatlari.com\/index.php\/wp-json\/wp\/v2\/product"}],"about":[{"href":"http:\/\/www.katlanabilirtentefiyatlari.com\/index.php\/wp-json\/wp\/v2\/types\/product"}],"replies":[{"embeddable":true,"href":"http:\/\/www.katlanabilirtentefiyatlari.com\/index.php\/wp-json\/wp\/v2\/comments?post=1216"}],"wp:featuredmedia":[{"embeddable":true,"href":"http:\/\/www.katlanabilirtentefiyatlari.com\/index.php\/wp-json\/wp\/v2\/media\/1389"}],"wp:attachment":[{"href":"http:\/\/www.katlanabilirtentefiyatlari.com\/index.php\/wp-json\/wp\/v2\/media?parent=1216"}],"wp:term":[{"taxonomy":"product_brand","embeddable":true,"href":"http:\/\/www.katlanabilirtentefiyatlari.com\/index.php\/wp-json\/wp\/v2\/product_brand?post=1216"},{"taxonomy":"product_cat","embeddable":true,"href":"http:\/\/www.katlanabilirtentefiyatlari.com\/index.php\/wp-json\/wp\/v2\/product_cat?post=1216"},{"taxonomy":"product_tag","embeddable":true,"href":"http:\/\/www.katlanabilirtentefiyatlari.com\/index.php\/wp-json\/wp\/v2\/product_tag?post=1216"}],"curies":[{"name":"wp","href":"https:\/\/api.w.org\/{rel}","templated":true}]}}