{"id":1215,"date":"2023-03-12T16:37:03","date_gmt":"2023-03-12T16:37:03","guid":{"rendered":"http:\/\/www.katlanabilirtentefiyatlari.com\/?post_type=product&#038;p=1215"},"modified":"2023-03-12T16:39:28","modified_gmt":"2023-03-12T16:39:28","slug":"clk-mega-ipli-4-metre-yuvarlak-semsiye-kup-bidonlu-bahce-cafe-otel-semsiyeleri","status":"publish","type":"product","link":"http:\/\/www.katlanabilirtentefiyatlari.com\/index.php\/urun\/clk-mega-ipli-4-metre-yuvarlak-semsiye-kup-bidonlu-bahce-cafe-otel-semsiyeleri\/","title":{"rendered":"CLK Mega \u0130pli 4 Metre Yuvarlak \u015eemsiye K\u00fcp Bidonlu Bah\u00e7e Cafe Otel \u015eemsiyeleri"},"content":{"rendered":"<h2 style=\"text-align: center;\">CLK MEGA \u0130PL\u0130 BACALI MEGA \u015eEMS\u0130YE 4 Metre Yuvarlak<\/h2>\n<div>4 Adet K\u00fcp Bidonlu Set<\/div>\n<div><\/div>\n<div>CLK \u0130pli Mega \u015eemsiye tamamen al\u00fcminyum ve \u00e7elikten \u00fcretilen Mega \u0130pli Sistem \u015eemsiyeler, i\u015flevsel ipli \u00e7al\u0131\u015fma sistemi, farkl\u0131 \u00f6l\u00e7\u00fc ve renk se\u00e7enekleri, zengin tamamlay\u0131c\u0131 ve sabitleyici aksesuar se\u00e7enekleri ile her mevsimde ya\u015fam alanlar\u0131n\u0131z\u0131 konforla bulu\u015fturuyor.<\/div>\n<div><\/div>\n<div>\u00d6zel kuma\u015f, iskelet rengi ve markan\u0131za \u00f6zel bask\u0131 se\u00e7enekleri i\u00e7in sat\u0131\u015f temsilcimiz ile g\u00f6r\u00fc\u015febilirsiniz.<\/div>\n<div><\/div>\n<div>\n<h2>EK B\u0130LG\u0130<\/h2>\n<table class=\"woocommerce-product-attributes shop_attributes\">\n<tbody>\n<tr class=\"woocommerce-product-attributes-item woocommerce-product-attributes-item--weight\">\n<th class=\"woocommerce-product-attributes-item__label\">A\u011f\u0131rl\u0131k<\/th>\n<td class=\"woocommerce-product-attributes-item__value\">15.3 kg<\/td>\n<\/tr>\n<tr class=\"woocommerce-product-attributes-item woocommerce-product-attributes-item--dimensions\">\n<th class=\"woocommerce-product-attributes-item__label\">PAKET Boyutlar<\/th>\n<td class=\"woocommerce-product-attributes-item__value\">283 \u00d7 23 \u00d7 23 cm<\/td>\n<\/tr>\n<tr class=\"woocommerce-product-attributes-item woocommerce-product-attributes-item--attribute_pa_polyester-kumas-renkleri\">\n<th class=\"woocommerce-product-attributes-item__label\">Polyester Kuma\u015f Renkleri<\/th>\n<td class=\"woocommerce-product-attributes-item__value\">Krem<\/td>\n<\/tr>\n<tr class=\"woocommerce-product-attributes-item woocommerce-product-attributes-item--attribute_pa_iskelet-renkleri\">\n<th class=\"woocommerce-product-attributes-item__label\">\u0130skelet Renkleri<\/th>\n<td class=\"woocommerce-product-attributes-item__value\">Beyaz<\/td>\n<\/tr>\n<tr class=\"woocommerce-product-attributes-item woocommerce-product-attributes-item--attribute_pa_kullanim-alani\">\n<th class=\"woocommerce-product-attributes-item__label\">Kullan\u0131m Alan\u0131<\/th>\n<td class=\"woocommerce-product-attributes-item__value\">Bah\u00e7e \/ Teras, Balkon, Havuz Ba\u015f\u0131<\/td>\n<\/tr>\n<\/tbody>\n<\/table>\n<p>&nbsp;<\/p>\n<p><a href=\"http:\/\/www.bahcebalkonmobilyalari.com.tr\/?attachment_id=2241\" rel=\"attachment wp-att-2241\"><img loading=\"lazy\" decoding=\"async\" class=\"aligncenter  wp-image-2241\" src=\"http:\/\/www.bahcebalkonmobilyalari.com.tr\/wp-content\/uploads\/2022\/04\/clk-4-mt-yuvarlak-semsiye-bahce-cafe-otel-restorant-semsiyeleri-mega-ipli-semsiye.png\" alt=\"\" width=\"580\" height=\"468\" \/><\/a><\/p>\n<\/div>\n","protected":false},"excerpt":{"rendered":"<p>CLK MEGA \u0130PL\u0130 BACALI MEGA \u015eEMS\u0130YE 4 Metre Yuvarlak 4 Adet K\u00fcp Bidonlu Set CLK \u0130pli Mega \u015eemsiye tamamen al\u00fcminyum ve \u00e7elikten \u00fcretilen Mega \u0130pli&#8230;<\/p>\n","protected":false},"featured_media":1374,"comment_status":"open","ping_status":"closed","template":"","meta":{"om_disable_all_campaigns":false,"_monsterinsights_skip_tracking":false,"_monsterinsights_sitenote_active":false,"_monsterinsights_sitenote_note":"","_monsterinsights_sitenote_category":0},"product_brand":[],"product_cat":[668,669,670,671,672,673,674,675,676,677],"product_tag":[678,679,680,523,661,616,681,682,524,608,525],"class_list":{"0":"post-1215","1":"product","2":"type-product","3":"status-publish","4":"has-post-thumbnail","6":"product_cat-clk-4-metre-mega-ipli-bacali-semsiye","7":"product_cat-clk-4-metre-mega-ipli-semsiye","8":"product_cat-clk-4-metre-mega-semsiye","9":"product_cat-clk-4-metre-yuvarlak-ipli-bacali-semsiye","10":"product_cat-clk-4-metre-yuvarlak-semsiye","11":"product_cat-clk-havuz-semsiyeleri","12":"product_cat-clk-ipli-semsiye","13":"product_cat-clk-mega-ipli-semsiye-imalati-satisi","14":"product_cat-clk-restoran-semsiyeleri","15":"product_cat-clk-semsiye-imalati-ve-fiyatlari","16":"product_tag-clk-4-metre-mega-ipli-semsiye","17":"product_tag-clk-4-metre-mega-semsiye","18":"product_tag-clk-4-metre-semsiye","19":"product_tag-clk-cafe-semsiye","20":"product_tag-clk-mega-semsiye","21":"product_tag-clk-otel-semsiye","22":"product_tag-clk-parasol","23":"product_tag-clk-parasol-manufacturer","24":"product_tag-clk-semsiye","25":"product_tag-clk-semsiye-fiyatlari","26":"product_tag-clk-semsiye-imalati","28":"first","29":"instock","30":"shipping-taxable","31":"product-type-simple"},"aioseo_notices":[],"_links":{"self":[{"href":"http:\/\/www.katlanabilirtentefiyatlari.com\/index.php\/wp-json\/wp\/v2\/product\/1215","targetHints":{"allow":["GET"]}}],"collection":[{"href":"http:\/\/www.katlanabilirtentefiyatlari.com\/index.php\/wp-json\/wp\/v2\/product"}],"about":[{"href":"http:\/\/www.katlanabilirtentefiyatlari.com\/index.php\/wp-json\/wp\/v2\/types\/product"}],"replies":[{"embeddable":true,"href":"http:\/\/www.katlanabilirtentefiyatlari.com\/index.php\/wp-json\/wp\/v2\/comments?post=1215"}],"wp:featuredmedia":[{"embeddable":true,"href":"http:\/\/www.katlanabilirtentefiyatlari.com\/index.php\/wp-json\/wp\/v2\/media\/1374"}],"wp:attachment":[{"href":"http:\/\/www.katlanabilirtentefiyatlari.com\/index.php\/wp-json\/wp\/v2\/media?parent=1215"}],"wp:term":[{"taxonomy":"product_brand","embeddable":true,"href":"http:\/\/www.katlanabilirtentefiyatlari.com\/index.php\/wp-json\/wp\/v2\/product_brand?post=1215"},{"taxonomy":"product_cat","embeddable":true,"href":"http:\/\/www.katlanabilirtentefiyatlari.com\/index.php\/wp-json\/wp\/v2\/product_cat?post=1215"},{"taxonomy":"product_tag","embeddable":true,"href":"http:\/\/www.katlanabilirtentefiyatlari.com\/index.php\/wp-json\/wp\/v2\/product_tag?post=1215"}],"curies":[{"name":"wp","href":"https:\/\/api.w.org\/{rel}","templated":true}]}}