{"id":1170,"date":"2023-03-12T16:36:36","date_gmt":"2023-03-12T16:36:36","guid":{"rendered":"http:\/\/www.katlanabilirtentefiyatlari.com\/?post_type=product&#038;p=1170"},"modified":"2023-03-12T16:39:16","modified_gmt":"2023-03-12T16:39:16","slug":"clk-330x330-mega-ipli-bacali-kup-bidonlu-set-semsiye-antrasit-bahce-otel-cafe-semsiyesi","status":"publish","type":"product","link":"http:\/\/www.katlanabilirtentefiyatlari.com\/index.php\/urun\/clk-330x330-mega-ipli-bacali-kup-bidonlu-set-semsiye-antrasit-bahce-otel-cafe-semsiyesi\/","title":{"rendered":"CLK 330&#215;330 Mega \u0130pli Bacal\u0131 K\u00fcp Bidonlu Set \u015eemsiye Antrasit Bah\u00e7e Otel Cafe \u015eemsiyesi"},"content":{"rendered":"<h2 style=\"text-align: center;\">CLK MEGA \u0130PL\u0130 BACALI MEGA \u015eEMS\u0130YE 330X330 (antrasit)<\/h2>\n<div>\n<div>CLK MEGA \u0130PL\u0130 BACALI MEGA \u015eEMS\u0130YE 330X330 (antrasit)<\/div>\n<div>4 Adet K\u00fcp Bidonlu Set<\/div>\n<div><\/div>\n<div>CLK \u0130pli Bacal\u0131 Mega \u015eemsiye tamamen al\u00fcminyum ve \u00e7elikten \u00fcretilen Mega \u0130pli Sistem \u015eemsiyeler, i\u015flevsel ipli \u00e7al\u0131\u015fma sistemi, farkl\u0131 \u00f6l\u00e7\u00fc ve renk se\u00e7enekleri, zengin tamamlay\u0131c\u0131 ve sabitleyici aksesuar se\u00e7enekleri ile her mevsimde ya\u015fam alanlar\u0131n\u0131z\u0131 konforla bulu\u015fturuyor.<\/div>\n<div><\/div>\n<div>\u00d6zel kuma\u015f, iskelet rengi ve markan\u0131za \u00f6zel bask\u0131 se\u00e7enekleri i\u00e7in sat\u0131\u015f temsilcimiz ile g\u00f6r\u00fc\u015febilirsiniz.<\/div>\n<div>\n<h2>EK B\u0130LG\u0130<\/h2>\n<table class=\"woocommerce-product-attributes shop_attributes\">\n<tbody>\n<tr class=\"woocommerce-product-attributes-item woocommerce-product-attributes-item--weight\">\n<th class=\"woocommerce-product-attributes-item__label\">A\u011f\u0131rl\u0131k<\/th>\n<td class=\"woocommerce-product-attributes-item__value\">19 kg<\/td>\n<\/tr>\n<tr class=\"woocommerce-product-attributes-item woocommerce-product-attributes-item--dimensions\">\n<th class=\"woocommerce-product-attributes-item__label\">Boyutlar<\/th>\n<td class=\"woocommerce-product-attributes-item__value\">300 \u00d7 23 \u00d7 23 cm<\/td>\n<\/tr>\n<tr class=\"woocommerce-product-attributes-item woocommerce-product-attributes-item--attribute_pa_renkler\">\n<th class=\"woocommerce-product-attributes-item__label\">Renkler<\/th>\n<td class=\"woocommerce-product-attributes-item__value\">Antrasit Gri, Krem<\/td>\n<\/tr>\n<tr class=\"woocommerce-product-attributes-item woocommerce-product-attributes-item--attribute_pa_iskelet-renkleri\">\n<th class=\"woocommerce-product-attributes-item__label\">\u0130skelet Renkleri<\/th>\n<td class=\"woocommerce-product-attributes-item__value\">Beyaz, Siyah<\/td>\n<\/tr>\n<tr class=\"woocommerce-product-attributes-item woocommerce-product-attributes-item--attribute_pa_kullanim-alani\">\n<th class=\"woocommerce-product-attributes-item__label\">Kullan\u0131m Alan\u0131<\/th>\n<td class=\"woocommerce-product-attributes-item__value\">Bah\u00e7e \/ Teras, Havuz Ba\u015f\u0131, Plaj<\/p>\n<div><\/div>\n<\/td>\n<\/tr>\n<\/tbody>\n<\/table>\n<h3>CLK 330&#215;330 Mega \u0130pli Bacal\u0131\u00a0 \u015eemsiye \u0130leti\u015fim Bilgileri:<\/h3>\n<p>Ankara: 0 312 429 02 09<\/p>\n<p>\u0130stanbul: 0 216 599 03 53<\/p>\n<p>\u0130zmir: 0 850 885 13 65<\/p>\n<p>Antalya: 0 850 885 09 05<\/p>\n<p>Bursa: 0 850 885 20 19<\/p>\n<p>Adana: 0 850 885 20 29<\/p>\n<p>T\u00fcrkiye Geneli Sipari\u015f Hatt\u0131: 0 535 661 97 22<\/p>\n<p>E-Mail:<a href=\"mailto:info@clksemsiye.com.tr\"> info@clksemsiye.com.tr<\/a><\/p>\n<p><a href=\"http:\/\/www.bahcebalkonmobilyalari.com.tr\/?attachment_id=2227\" rel=\"attachment wp-att-2227\"><img loading=\"lazy\" decoding=\"async\" class=\"aligncenter size-full wp-image-2227\" src=\"http:\/\/www.bahcebalkonmobilyalari.com.tr\/wp-content\/uploads\/2022\/04\/clk-ipli-bacali-cafe-otel-bahce-semsiyeler-330x330-mega-semsiye.png\" alt=\"\" width=\"794\" height=\"579\" \/><\/a><\/p>\n<p>&nbsp;<\/p>\n<\/div>\n<\/div>\n","protected":false},"excerpt":{"rendered":"<p>CLK MEGA \u0130PL\u0130 BACALI MEGA \u015eEMS\u0130YE 330X330 (antrasit) CLK MEGA \u0130PL\u0130 BACALI MEGA \u015eEMS\u0130YE 330X330 (antrasit) 4 Adet K\u00fcp Bidonlu Set CLK \u0130pli Bacal\u0131 Mega&#8230;<\/p>\n","protected":false},"featured_media":1367,"comment_status":"open","ping_status":"closed","template":"","meta":{"om_disable_all_campaigns":false,"_monsterinsights_skip_tracking":false,"_monsterinsights_sitenote_active":false,"_monsterinsights_sitenote_note":"","_monsterinsights_sitenote_category":0},"product_brand":[],"product_cat":[651,652,653,654,655,656],"product_tag":[657,597,658,659,660,661,524,662,663,664,665,666,667,627,629],"class_list":{"0":"post-1170","1":"product","2":"type-product","3":"status-publish","4":"has-post-thumbnail","6":"product_cat-330x330-semsiye","7":"product_cat-clk-330x330-bahce-semsiyeleri","8":"product_cat-clk-330x330-ipli-bacali-mega-semsiye","9":"product_cat-clk-330x330-ipli-bacali-semsiye","10":"product_cat-clk-mega-ipli-bacali-semsiye","11":"product_cat-clk-mega-semsiye","12":"product_tag-330x330-semsiye","13":"product_tag-bahce-semsiyeleri","14":"product_tag-clk-330x330-ipli-semsiye","15":"product_tag-clk-ipli-semisye","16":"product_tag-clk-ipli-semsiye-fiyatlari","17":"product_tag-clk-mega-semsiye","18":"product_tag-clk-semsiye","19":"product_tag-clk-semsiye-cafe-semsiyeleri","20":"product_tag-clkipli-semsiye-imalati","21":"product_tag-ipli-bahce-semsiyeleri","22":"product_tag-ipli-manuel-semsiye","23":"product_tag-ipli-semsiye-modelleri","24":"product_tag-mege-semsiye","25":"product_tag-otel-semsiyeleri","26":"product_tag-plaj-semsiyeleri","28":"first","29":"instock","30":"shipping-taxable","31":"product-type-simple"},"aioseo_notices":[],"_links":{"self":[{"href":"http:\/\/www.katlanabilirtentefiyatlari.com\/index.php\/wp-json\/wp\/v2\/product\/1170","targetHints":{"allow":["GET"]}}],"collection":[{"href":"http:\/\/www.katlanabilirtentefiyatlari.com\/index.php\/wp-json\/wp\/v2\/product"}],"about":[{"href":"http:\/\/www.katlanabilirtentefiyatlari.com\/index.php\/wp-json\/wp\/v2\/types\/product"}],"replies":[{"embeddable":true,"href":"http:\/\/www.katlanabilirtentefiyatlari.com\/index.php\/wp-json\/wp\/v2\/comments?post=1170"}],"wp:featuredmedia":[{"embeddable":true,"href":"http:\/\/www.katlanabilirtentefiyatlari.com\/index.php\/wp-json\/wp\/v2\/media\/1367"}],"wp:attachment":[{"href":"http:\/\/www.katlanabilirtentefiyatlari.com\/index.php\/wp-json\/wp\/v2\/media?parent=1170"}],"wp:term":[{"taxonomy":"product_brand","embeddable":true,"href":"http:\/\/www.katlanabilirtentefiyatlari.com\/index.php\/wp-json\/wp\/v2\/product_brand?post=1170"},{"taxonomy":"product_cat","embeddable":true,"href":"http:\/\/www.katlanabilirtentefiyatlari.com\/index.php\/wp-json\/wp\/v2\/product_cat?post=1170"},{"taxonomy":"product_tag","embeddable":true,"href":"http:\/\/www.katlanabilirtentefiyatlari.com\/index.php\/wp-json\/wp\/v2\/product_tag?post=1170"}],"curies":[{"name":"wp","href":"https:\/\/api.w.org\/{rel}","templated":true}]}}