{"id":1081,"date":"2023-03-12T16:35:36","date_gmt":"2023-03-12T16:35:36","guid":{"rendered":"http:\/\/www.katlanabilirtentefiyatlari.com\/?post_type=product&#038;p=1081"},"modified":"2023-03-12T16:38:50","modified_gmt":"2023-03-12T16:38:50","slug":"clk-4x4-metre-manuel-teleskopik-semsiye-antrasit-bahce-cafe-ve-plaj-semsiyeleri-imalati-satisi","status":"publish","type":"product","link":"http:\/\/www.katlanabilirtentefiyatlari.com\/index.php\/urun\/clk-4x4-metre-manuel-teleskopik-semsiye-antrasit-bahce-cafe-ve-plaj-semsiyeleri-imalati-satisi\/","title":{"rendered":"CLK 4&#215;4 Metre Manuel Teleskopik \u015eemsiye Antrasit Bah\u00e7e Cafe ve Plaj \u015eemsiyeleri \u0130malat\u0131 Sat\u0131\u015f\u0131"},"content":{"rendered":"<h2 style=\"text-align: center;\">CLK MANUEL TELESKOP\u0130K \u015eEMS\u0130YE ANTRAS\u0130T<\/h2>\n<div><strong>\u0130malat\u00e7\u0131 Firma CLK \u015eemsiye G\u00fcvencesi ve Garantisi<\/strong><\/div>\n<div>\n<p>CLK Manuel Teleskopik 4&#215;4 metre \u015eemsiye,\u00a060Q mm ana boru \u00fczerine 18&#215;28 mm kollardan imal edilen MANUEL TELESKOP\u0130K \u015femsiye, geni\u015f alan kaplayabilen teleskopik \u00e7al\u0131\u015fma sistemi ve pratik push-up \u00f6zelli\u011fi ile g\u00fcne\u015f ve ya\u011fmura kar\u015f\u0131 koruyarak mekanlar\u0131n\u0131z\u0131 konfor merkezine d\u00f6n\u00fc\u015ft\u00fcr\u00fcr.<\/p>\n<p>Kuma\u015f Rengi : Antrasit : Di\u011fer renk se\u00e7imleri size \u00f6zel istekler i\u00e7in whatsapp ileti\u015fim hatt\u0131ndan bize ula\u015fabilirsiniz.<\/p>\n<div>\n<h3>CLK 4&#215;4 Metre Manuel Teleskopik \u015eemsiye \u0130leti\u015fim Bilgileri:<\/h3>\n<p>Ankara: 0 312 429 02 09<\/p>\n<p>\u0130stanbul: 0 216 599 03 53<\/p>\n<p>\u0130zmir: 0 850 885 13 65<\/p>\n<p>Antalya: 0 850 885 09 05<\/p>\n<p>Bursa: 0 850 885 20 19<\/p>\n<p>Adana: 0 850 885 20 29<\/p>\n<p>T\u00fcrkiye Geneli Sipari\u015f Hatt\u0131: 0 535 661 97 22<\/p>\n<p>E-Mail:<a href=\"mailto:info@clksemsiye.com.tr\"> info@clksemsiye.com.tr<\/a><\/p>\n<\/div>\n<div class=\"mceTemp\"><\/div>\n<div id=\"attachment_2207\" style=\"width: 422px\" class=\"wp-caption aligncenter\"><a href=\"http:\/\/www.bahcebalkonmobilyalari.com.tr\/?attachment_id=2207\" rel=\"attachment wp-att-2207\"><img loading=\"lazy\" decoding=\"async\" aria-describedby=\"caption-attachment-2207\" class=\" wp-image-2207\" src=\"http:\/\/www.bahcebalkonmobilyalari.com.tr\/wp-content\/uploads\/2022\/04\/clk-4x4-metre-bahce-cafe-plaj-otel-cafe-manuel-teleskopik-semsiye.png\" alt=\"clk manuel teleskoik bah\u00e7e cafe otel plaj 4x4 \u015femsiye\" width=\"412\" height=\"317\" \/><\/a><p id=\"caption-attachment-2207\" class=\"wp-caption-text\">clk manuel teleskopik bah\u00e7e cafe otel plaj 4&#215;4 \u015femsiye<\/p><\/div>\n<\/div>\n","protected":false},"excerpt":{"rendered":"<p>CLK MANUEL TELESKOP\u0130K \u015eEMS\u0130YE ANTRAS\u0130T \u0130malat\u00e7\u0131 Firma CLK \u015eemsiye G\u00fcvencesi ve Garantisi CLK Manuel Teleskopik 4&#215;4 metre \u015eemsiye,\u00a060Q mm ana boru \u00fczerine 18&#215;28 mm kollardan&#8230;<\/p>\n","protected":false},"featured_media":1333,"comment_status":"open","ping_status":"closed","template":"","meta":{"om_disable_all_campaigns":false,"_monsterinsights_skip_tracking":false,"_monsterinsights_sitenote_active":false,"_monsterinsights_sitenote_note":"","_monsterinsights_sitenote_category":0},"product_brand":[],"product_cat":[617,618,619,620],"product_tag":[621,622,623,624,625,626,627,628,629,610,611,630,631],"class_list":{"0":"post-1081","1":"product","2":"type-product","3":"status-publish","4":"has-post-thumbnail","6":"product_cat-clk-4x4-bahce-semsiyeleri","7":"product_cat-clk-4x4-manuel-teleskopik-semsiye","8":"product_cat-clk-semsiye-fiyatlari","9":"product_cat-manuel-teleskopik-semsiye","10":"product_tag-4x4-manuel-teleskopik-semsiye","11":"product_tag-cafe-semsiyeleri","12":"product_tag-clk-4x4-semsiye","13":"product_tag-clk-semsiye-imalati-fiyatlari","14":"product_tag-clk-semsiye-modelleri","15":"product_tag-manuel-telekopik-semsiye","16":"product_tag-otel-semsiyeleri","17":"product_tag-parasol-manufacturer","18":"product_tag-plaj-semsiyeleri","19":"product_tag-semsiye-fiyatlari","20":"product_tag-semsiye-imalati","21":"product_tag-telescopic-parasol","22":"product_tag-teras-semsiyeleri","24":"first","25":"instock","26":"shipping-taxable","27":"product-type-simple"},"aioseo_notices":[],"_links":{"self":[{"href":"http:\/\/www.katlanabilirtentefiyatlari.com\/index.php\/wp-json\/wp\/v2\/product\/1081","targetHints":{"allow":["GET"]}}],"collection":[{"href":"http:\/\/www.katlanabilirtentefiyatlari.com\/index.php\/wp-json\/wp\/v2\/product"}],"about":[{"href":"http:\/\/www.katlanabilirtentefiyatlari.com\/index.php\/wp-json\/wp\/v2\/types\/product"}],"replies":[{"embeddable":true,"href":"http:\/\/www.katlanabilirtentefiyatlari.com\/index.php\/wp-json\/wp\/v2\/comments?post=1081"}],"wp:featuredmedia":[{"embeddable":true,"href":"http:\/\/www.katlanabilirtentefiyatlari.com\/index.php\/wp-json\/wp\/v2\/media\/1333"}],"wp:attachment":[{"href":"http:\/\/www.katlanabilirtentefiyatlari.com\/index.php\/wp-json\/wp\/v2\/media?parent=1081"}],"wp:term":[{"taxonomy":"product_brand","embeddable":true,"href":"http:\/\/www.katlanabilirtentefiyatlari.com\/index.php\/wp-json\/wp\/v2\/product_brand?post=1081"},{"taxonomy":"product_cat","embeddable":true,"href":"http:\/\/www.katlanabilirtentefiyatlari.com\/index.php\/wp-json\/wp\/v2\/product_cat?post=1081"},{"taxonomy":"product_tag","embeddable":true,"href":"http:\/\/www.katlanabilirtentefiyatlari.com\/index.php\/wp-json\/wp\/v2\/product_tag?post=1081"}],"curies":[{"name":"wp","href":"https:\/\/api.w.org\/{rel}","templated":true}]}}