{"id":1078,"date":"2023-03-12T16:35:35","date_gmt":"2023-03-12T16:35:35","guid":{"rendered":"http:\/\/www.katlanabilirtentefiyatlari.com\/?post_type=product&#038;p=1078"},"modified":"2023-03-12T16:38:39","modified_gmt":"2023-03-12T16:38:39","slug":"clk-garden-3-mt-yandan-kollu-bahce-semsiyesi-krem","status":"publish","type":"product","link":"http:\/\/www.katlanabilirtentefiyatlari.com\/index.php\/urun\/clk-garden-3-mt-yandan-kollu-bahce-semsiyesi-krem\/","title":{"rendered":"CLK Garden 3 mt Yandan Kollu Bah\u00e7e \u015eemsiyesi Krem"},"content":{"rendered":"<h2 style=\"text-align: center;\">CLK GARDEN BAH\u00c7E \u015eEMS\u0130YELER\u0130<br \/>\n3 MT YANDAN KOLLU MODEL \u015eEMS\u0130YE &#8211; Krem<\/h2>\n<ul>\n<li>Son derece zarif ve \u015f\u0131k g\u00f6r\u00fcn\u00fcml\u00fc CLK Garden Yandan Kollu Model \u015eemsiye, yer kaplamayan tasar\u0131m\u0131yla teras ve bah\u00e7elerinizde sizi g\u00fcne\u015ften koruyacak.<\/li>\n<li>Metal B\u00f6l\u00fcm\u00fcn \u015femsiyenin ortas\u0131ndan de\u011fil de yan taraf\u0131ndan y\u00fckselecek \u015fekilde tasarlanm\u0131\u015f olmas\u0131 kullan\u0131m\u0131n\u0131 kolayla\u015ft\u0131racak, yerden tasarruf ederek masa veya oturma grubunuzu da daha rahat kullanman\u0131za imkan verir<\/li>\n<li>E\u011filebilme \u00f6zelli\u011fi ve dengeli ayaklar\u0131yla kullan\u0131m\u0131 rahatt\u0131r.<\/li>\n<\/ul>\n<ul>\n<li>\u00dcr\u00fcn Rengi: Kahverengi<\/li>\n<li>Malzeme: Kaliteli polyester \u00f6rt\u00fc, al\u00fcminyum ba\u011flant\u0131 par\u00e7alar\u0131<\/li>\n<li>\u00c7ap: 300 cm &#8211; 3 Metre<\/li>\n<li>A\u011f\u0131rl\u0131k: 14 kg<\/li>\n<li>\u00dcr\u00fcn g\u00fcne\u015ften korunma i\u00e7in uygundur. Olumsuz hava \u015fartlar\u0131nda \u00fcr\u00fcn\u00fc kapatmal\u0131s\u0131n\u0131z.<\/li>\n<li>Kuma\u015f Su Ge\u00e7irmezdir.<\/li>\n<li>4 Kau\u00e7uk a\u011f\u0131rl\u0131k ile kullan\u0131m\u0131 daha uygundur, kau\u00e7uk tabanlar fiyata dahil de\u011fildir<\/li>\n<\/ul>\n<div><\/div>\n<div><strong>Teknik \u00d6l\u00e7\u00fcler<\/strong><\/div>\n<div>Geni\u015flik: 3 mt<\/div>\n<div>Y\u00fckseklik: 190 cm<\/div>\n<div><\/div>\n<div>\n<div>\n<h3>CLK 3 Metre Yandan Kollu Bah\u00e7e \u015eemsiye \u0130leti\u015fim Bilgileri:<\/h3>\n<\/div>\n<div>\n<p>Ankara: 0 312 429 02 09<\/p>\n<p>\u0130stanbul: 0 216 599 03 53<\/p>\n<p>\u0130zmir: 0 850 885 13 65<\/p>\n<p>Antalya: 0 850 885 09 05<\/p>\n<p>Bursa: 0 850 885 20 19<\/p>\n<p>Adana: 0 850 885 20 29<\/p>\n<p>T\u00fcrkiye Geneli Sipari\u015f Hatt\u0131: 0 535 661 97 22<\/p>\n<p>E-Mail:<a href=\"mailto:info@clksemsiye.com.tr\"> info@clksemsiye.com.tr<\/a><\/p>\n<\/div>\n<\/div>\n<div><\/div>\n<div><a href=\"http:\/\/www.bahcebalkonmobilyalari.com.tr\/?attachment_id=2184\" rel=\"attachment wp-att-2184\"><img loading=\"lazy\" decoding=\"async\" class=\"aligncenter wp-image-2184\" src=\"http:\/\/www.bahcebalkonmobilyalari.com.tr\/wp-content\/uploads\/2022\/04\/clk-garden-3-mt-bahce-semsiyesi-krem-894-jpg.jpeg\" alt=\"\" width=\"310\" height=\"310\" \/><\/a><\/div>\n","protected":false},"excerpt":{"rendered":"<p>CLK GARDEN BAH\u00c7E \u015eEMS\u0130YELER\u0130 3 MT YANDAN KOLLU MODEL \u015eEMS\u0130YE &#8211; Krem Son derece zarif ve \u015f\u0131k g\u00f6r\u00fcn\u00fcml\u00fc CLK Garden Yandan Kollu Model \u015eemsiye, yer&#8230;<\/p>\n","protected":false},"featured_media":1324,"comment_status":"open","ping_status":"closed","template":"","meta":{"om_disable_all_campaigns":false,"_monsterinsights_skip_tracking":false,"_monsterinsights_sitenote_active":false,"_monsterinsights_sitenote_note":"","_monsterinsights_sitenote_category":0},"product_brand":[],"product_cat":[601,602,603,604,605],"product_tag":[568,606,607,524,608,609,610,611],"class_list":{"0":"post-1078","1":"product","2":"type-product","3":"status-publish","4":"has-post-thumbnail","6":"product_cat-3-metre-yandan-kollu-bahce-semsiye-fiyatlari","7":"product_cat-3-metre-yuvarlak-semsiye","8":"product_cat-clk-3-metre-bahce-balkon-semsiyeleri","9":"product_cat-clk-3-metre-semsiye-fiyat","10":"product_cat-clk-garden-bahce-semsiyeleri","11":"product_tag-3-metre-semsiye","12":"product_tag-clk-3-metre-semsiye","13":"product_tag-clk-bahce-semsiyeleri","14":"product_tag-clk-semsiye","15":"product_tag-clk-semsiye-fiyatlari","16":"product_tag-clkgarden-semsiye","17":"product_tag-semsiye-fiyatlari","18":"product_tag-semsiye-imalati","20":"first","21":"instock","22":"shipping-taxable","23":"product-type-simple"},"aioseo_notices":[],"_links":{"self":[{"href":"http:\/\/www.katlanabilirtentefiyatlari.com\/index.php\/wp-json\/wp\/v2\/product\/1078","targetHints":{"allow":["GET"]}}],"collection":[{"href":"http:\/\/www.katlanabilirtentefiyatlari.com\/index.php\/wp-json\/wp\/v2\/product"}],"about":[{"href":"http:\/\/www.katlanabilirtentefiyatlari.com\/index.php\/wp-json\/wp\/v2\/types\/product"}],"replies":[{"embeddable":true,"href":"http:\/\/www.katlanabilirtentefiyatlari.com\/index.php\/wp-json\/wp\/v2\/comments?post=1078"}],"wp:featuredmedia":[{"embeddable":true,"href":"http:\/\/www.katlanabilirtentefiyatlari.com\/index.php\/wp-json\/wp\/v2\/media\/1324"}],"wp:attachment":[{"href":"http:\/\/www.katlanabilirtentefiyatlari.com\/index.php\/wp-json\/wp\/v2\/media?parent=1078"}],"wp:term":[{"taxonomy":"product_brand","embeddable":true,"href":"http:\/\/www.katlanabilirtentefiyatlari.com\/index.php\/wp-json\/wp\/v2\/product_brand?post=1078"},{"taxonomy":"product_cat","embeddable":true,"href":"http:\/\/www.katlanabilirtentefiyatlari.com\/index.php\/wp-json\/wp\/v2\/product_cat?post=1078"},{"taxonomy":"product_tag","embeddable":true,"href":"http:\/\/www.katlanabilirtentefiyatlari.com\/index.php\/wp-json\/wp\/v2\/product_tag?post=1078"}],"curies":[{"name":"wp","href":"https:\/\/api.w.org\/{rel}","templated":true}]}}