{"id":1038,"date":"2023-03-12T16:35:11","date_gmt":"2023-03-12T16:35:11","guid":{"rendered":"http:\/\/www.katlanabilirtentefiyatlari.com\/?post_type=product&#038;p=1038"},"modified":"2023-03-12T16:37:58","modified_gmt":"2023-03-12T16:37:58","slug":"clk-mykonos-semsiye-3x3-metre-aluminyum-antrasit-yandan-kollu-dirsekli-bahce-cafe-semsiyesi","status":"publish","type":"product","link":"http:\/\/www.katlanabilirtentefiyatlari.com\/index.php\/urun\/clk-mykonos-semsiye-3x3-metre-aluminyum-antrasit-yandan-kollu-dirsekli-bahce-cafe-semsiyesi\/","title":{"rendered":"CLK Mykonos \u015eemsiye 3&#215;3 Metre Al\u00fcminyum Antrasit Yandan Kollu Dirsekli Bah\u00e7e Cafe \u015eemsiyesi"},"content":{"rendered":"<h2 style=\"text-align: center;\">CLK GARDEN MYKONOS 3X3 BAH\u00c7E \u015eEMS\u0130YES\u0130<\/h2>\n<h3 style=\"text-align: center;\">YANDAN D\u0130RSEKL\u0130 ANTRAS\u0130T AL\u00dcM\u0130NYUM \u015eEMS\u0130YE<\/h3>\n<div><\/div>\n<div>\n<p>CLK Garden Mykonos \u015eemsiye 55 X 80 mm ana ta\u015f\u0131y\u0131c\u0131 direk ve 17 X 25 mm kollardan olu\u015fan CLK yandan kollu \u015femsiyemiz , yandan direkli olmas\u0131 sayesinde g\u00fcne\u015ften ve olas\u0131 ya\u011fmurlardan korudu\u011fu 9 m2 alan\u0131 en konforlu bi\u00e7imde kullan\u0131lmas\u0131n\u0131 sa\u011flamaktad\u0131r.<\/p>\n<p>Kolayl\u0131kla yukar\u0131-a\u015fa\u011f\u0131 kullan\u0131labilen kolu , g\u00fcne\u015fin a\u00e7\u0131s\u0131na g\u00f6re 6 farkl\u0131 kademede kullan\u0131labilmektedir. Kendi ekseni etraf\u0131nda 360 derece d\u00f6nebilen yap\u0131s\u0131 ile de , \u015femsiyenizi yerinden oynatmadan farkl\u0131 farkl\u0131 mekanlar\u0131 g\u00f6lgelendirebilmenizi sa\u011flamaktad\u0131r.<\/p>\n<p>Kutusunda standart olarak sunulan k\u0131l\u0131f\u0131 ile de kullan\u0131lmad\u0131\u011f\u0131 vakitlerde \u015femsiyeniz , toplanm\u0131\u015f hali ile kolayl\u0131kla muhafaza edilebilmektedir.<\/p>\n<p>Hareketli tespit ayak ve 4 adet mermer fiyata dahildir. G\u00f6rselde bulunan ah\u015fap kapak fiyata dahil de\u011fildir opsiyoneldir.\u00a0 Kuma\u015f rengi kahverengidir.<\/p>\n<p>Kullan\u0131m Alanlar\u0131: Bah\u00e7e \u015femsiyesi, Havuz \u015eemsiyesi, Cafe ve restoran \u015femsiyesi, Teras \u015femsiyesi<\/p>\n<\/div>\n<h3>CLK 3&#215;3 Metre Mykonos Yandan Kollu Bah\u00e7e \u015eemsiye \u0130leti\u015fim Bilgileri:<\/h3>\n<p>Ankara: 0 312 429 02 09<\/p>\n<p>\u0130stanbul: 0 216 599 03 53<\/p>\n<p>\u0130zmir: 0 850 885 13 65<\/p>\n<p>Antalya: 0 850 885 09 05<\/p>\n<p>Bursa: 0 850 885 20 19<\/p>\n<p>Adana: 0 850 885 20 29<\/p>\n<p>T\u00fcrkiye Geneli Sipari\u015f Hatt\u0131: 0 535 661 97 22<\/p>\n<p>E-Mail:<a href=\"mailto:info@clksemsiye.com.tr\"> info@clksemsiye.com.tr<\/a><\/p>\n<div>\n<p><a href=\"http:\/\/www.bahcebalkonmobilyalari.com.tr\/?attachment_id=2121\" rel=\"attachment wp-att-2121\"><img loading=\"lazy\" decoding=\"async\" class=\"aligncenter wp-image-2121\" src=\"http:\/\/www.bahcebalkonmobilyalari.com.tr\/wp-content\/uploads\/2022\/04\/clk-garden-bahce-balkon-semsiyeleri-yandan-kollu-antrasit-makarali-3x3-metre.jpg\" alt=\"\" width=\"622\" height=\"451\" \/><\/a><\/p>\n<\/div>\n","protected":false},"excerpt":{"rendered":"<p>CLK GARDEN MYKONOS 3X3 BAH\u00c7E \u015eEMS\u0130YES\u0130 YANDAN D\u0130RSEKL\u0130 ANTRAS\u0130T AL\u00dcM\u0130NYUM \u015eEMS\u0130YE CLK Garden Mykonos \u015eemsiye 55 X 80 mm ana ta\u015f\u0131y\u0131c\u0131 direk ve 17 X&#8230;<\/p>\n","protected":false},"featured_media":1252,"comment_status":"open","ping_status":"closed","template":"","meta":{"om_disable_all_campaigns":false,"_monsterinsights_skip_tracking":false,"_monsterinsights_sitenote_active":false,"_monsterinsights_sitenote_note":"","_monsterinsights_sitenote_category":0},"product_brand":[],"product_cat":[548,549,550,551,552,553,554,555,556],"product_tag":[557,558,559,560,561,562,563,564],"class_list":{"0":"post-1038","1":"product","2":"type-product","3":"status-publish","4":"has-post-thumbnail","6":"product_cat-bahce-semsiye-modelleri-fiyatlari","7":"product_cat-bahce-semsiyesi","8":"product_cat-clk-3x3-bahce-semsiyesi","9":"product_cat-clk-mykonos-semsiye","10":"product_cat-clk-yandan-kollu-bahce-semsiyeleri","11":"product_cat-mykonos-3x3-semsiye","12":"product_cat-mykonos-semsiye","13":"product_cat-yandan-kollu-bahce-semsiye-fiyatlari","14":"product_cat-yandan-kollu-semsiye","15":"product_tag-3-metre-yandan-kollu-semsiye","16":"product_tag-3x3-bahce-semsiyeleri","17":"product_tag-3x3-yandan-kollu-semsiye","18":"product_tag-clk-mykonos-semsiye","19":"product_tag-clk-mykonos-yandan-kollu-semsiye-fiyatlari","20":"product_tag-clk-yandan-kollu-semsiye","21":"product_tag-mykono-semsiye-fiyat","22":"product_tag-mykonos-semsiye-imalati-satisi","24":"first","25":"instock","26":"shipping-taxable","27":"product-type-simple"},"aioseo_notices":[],"_links":{"self":[{"href":"http:\/\/www.katlanabilirtentefiyatlari.com\/index.php\/wp-json\/wp\/v2\/product\/1038","targetHints":{"allow":["GET"]}}],"collection":[{"href":"http:\/\/www.katlanabilirtentefiyatlari.com\/index.php\/wp-json\/wp\/v2\/product"}],"about":[{"href":"http:\/\/www.katlanabilirtentefiyatlari.com\/index.php\/wp-json\/wp\/v2\/types\/product"}],"replies":[{"embeddable":true,"href":"http:\/\/www.katlanabilirtentefiyatlari.com\/index.php\/wp-json\/wp\/v2\/comments?post=1038"}],"wp:featuredmedia":[{"embeddable":true,"href":"http:\/\/www.katlanabilirtentefiyatlari.com\/index.php\/wp-json\/wp\/v2\/media\/1252"}],"wp:attachment":[{"href":"http:\/\/www.katlanabilirtentefiyatlari.com\/index.php\/wp-json\/wp\/v2\/media?parent=1038"}],"wp:term":[{"taxonomy":"product_brand","embeddable":true,"href":"http:\/\/www.katlanabilirtentefiyatlari.com\/index.php\/wp-json\/wp\/v2\/product_brand?post=1038"},{"taxonomy":"product_cat","embeddable":true,"href":"http:\/\/www.katlanabilirtentefiyatlari.com\/index.php\/wp-json\/wp\/v2\/product_cat?post=1038"},{"taxonomy":"product_tag","embeddable":true,"href":"http:\/\/www.katlanabilirtentefiyatlari.com\/index.php\/wp-json\/wp\/v2\/product_tag?post=1038"}],"curies":[{"name":"wp","href":"https:\/\/api.w.org\/{rel}","templated":true}]}}