{"id":1033,"date":"2023-03-12T16:35:08","date_gmt":"2023-03-12T16:35:08","guid":{"rendered":"http:\/\/www.katlanabilirtentefiyatlari.com\/?post_type=product&#038;p=1033"},"modified":"2023-03-12T16:37:00","modified_gmt":"2023-03-12T16:37:00","slug":"clk-6x6-metre-cap-100-ortadan-direkli-aluminyum-teleskopik-semsiye-imalati-satisi","status":"publish","type":"product","link":"http:\/\/www.katlanabilirtentefiyatlari.com\/index.php\/urun\/clk-6x6-metre-cap-100-ortadan-direkli-aluminyum-teleskopik-semsiye-imalati-satisi\/","title":{"rendered":"CLK 6&#215;6 Metre \u00c7ap 100 Ortadan Direkli Al\u00fcminyum Teleskopik \u015eemsiye \u0130malat\u0131 Sat\u0131\u015f\u0131"},"content":{"rendered":"<h2 style=\"text-align: center;\">CLK 6&#215;6 Metre Ortadan Direkli Al\u00fcminyum Teleskopik \u015eemsiye \u0130malat\u0131 Sat\u0131\u015f\u0131<\/h2>\n<h2>CLK \u015eemsiye \u0130malat\u0131 ve Sat\u0131\u015f\u0131<\/h2>\n<h3>\u00c7ap 100 Al\u00fcminyum G\u00f6vde Bask\u0131l\u0131 ve Bask\u0131s\u0131z \u015eemsiye \u0130malat\u0131 ve Sat\u0131\u015f\u0131: 0 535 661 97 22<\/h3>\n<p>CLK \u015eemsiye \u0130malat\u0131 ve Sat\u0131\u015f\u0131 Yapan Lider Firmad\u0131r. Hemen sizde ihtiyac\u0131n\u0131z olan 6&#215;6 metre \u015femsiye g\u00fcncel fiyatlar\u0131n\u0131 \u00f6\u011frenmek ve sat\u0131n almak i\u00e7in bize <strong>0 535 661 97 22<\/strong> numaral\u0131 telefon ile ula\u015fabilirsiniz.<\/p>\n<p>CLK 6&#215;6 metre online sat\u0131n almak i\u00e7in www.clksemsiye.com.tr web sitemizi ziyaret edebilirsiniz. Toptan \u015femsiye sat\u0131n almak i\u00e7in bize ula\u015f\u0131n.<\/p>\n<div>6&#215;6 mt \u00c7ap 100 Al\u00fcminyum G\u00f6vde<\/div>\n<div>\u0130malat\u00e7\u0131 Firma CLK \u015eemsiye G\u00fcvencesi ve Garantisi<\/div>\n<div>6&#215;6 mt Al\u00fcminyum G\u00f6vde \u00c7ap 100 mm Krank\u015faft \u015eemsiye, zamak d\u00f6k\u00fcm birle\u015ftiriciler ile olu\u015fan al\u00fcminyum iskeleti ve r\u00fczgara kar\u015f\u0131 diren\u00e7li yap\u0131s\u0131 sayesinde, tek direkte azami alan\u0131 g\u00f6lgelemek i\u00e7in \u00fcretilmi\u015ftir. \u0130\u00e7inde bulunan teleskopik krank \u015faft mekanizmas\u0131yla sorunsuz bir a\u00e7ma kapama sistemine sahiptir. D\u0131\u015f mekana uyumlu iroko ah\u015fap ve kompakt dekoratif kapak se\u00e7enekleri ile, \u015femsiyeniz bulundu\u011fu mekan ile b\u00fct\u00fcnl\u00fck sa\u011flar.<\/div>\n<div>\u0130skelet rengi ve akrilik kuma\u015f rengi i\u00e7in sipari\u015f sonras\u0131 bize ula\u015fabilirsiniz.<\/div>\n<div>Bask\u0131l\u0131 \u015femsiye tasar\u0131m\u0131 ve fiyat teklifi i\u00e7in bize ula\u015f\u0131n.<\/div>\n<div><\/div>\n<div>\n<p>*Opsiyonel led \u0131\u015f\u0131k se\u00e7ene\u011fi ile, ak\u015famlar\u0131 da \u015femsiye alt\u0131nda keyifle oturulmas\u0131n\u0131 sa\u011flar.<br \/>\n*Opsiyonel 220 W kumandal\u0131 motor se\u00e7ene\u011fi ile \u015femsiyeniz tek tu\u015fla kendisi a\u00e7\u0131l\u0131p kapanabilir. (Olas\u0131 elektrik kesintilerinde krank sistemi manuel \u015fekilde \u00e7al\u0131\u015fmaya devam etmektedir.)<br \/>\n*Ah\u015fap ve Compact dekoratif kapaklar opsiyoneldir.<\/p>\n<p>*\u00dcr\u00fcn fiyat\u0131na tespit ayak ve mermer dahil, dekoratif kapak hari\u00e7tir.<\/p>\n<p>90&#215;90 Tekerlekli Tespit Aya\u011f\u0131 Mermer Dahil:<\/p>\n<p>Mermer \u00d6l\u00e7\u00fc ve A\u011f\u0131rl\u0131k 40x40x8 &#8211; 128,5 kg<\/p>\n<h3>CLK 6&#215;6 Metre Teleskopik \u015eemsiye \u0130leti\u015fim Bilgileri:<\/h3>\n<p>Ankara: 0 312 429 02 09<\/p>\n<p>\u0130stanbul: 0 216 599 03 53<\/p>\n<p>\u0130zmir: 0 850 885 13 65<\/p>\n<p>Antalya: 0 850 885 09 05<\/p>\n<p>Bursa: 0 850 885 20 19<\/p>\n<p>Adana: 0 850 885 20 29<\/p>\n<p>T\u00fcrkiye Geneli Sipari\u015f Hatt\u0131: 0 535 661 97 22<\/p>\n<p>E-Mail:<a href=\"mailto:info@clksemsiye.com.tr\"> info@clksemsiye.com.tr<\/a><\/p>\n<\/div>\n<div id=\"attachment_2069\" style=\"width: 505px\" class=\"wp-caption aligncenter\"><a href=\"http:\/\/www.bahcebalkonmobilyalari.com.tr\/?attachment_id=2069\" rel=\"attachment wp-att-2069\"><img loading=\"lazy\" decoding=\"async\" aria-describedby=\"caption-attachment-2069\" class=\"size-full wp-image-2069\" src=\"http:\/\/www.bahcebalkonmobilyalari.com.tr\/wp-content\/uploads\/2022\/04\/clk-semsiye-6x6-semsiye-akrilik-kumas-cap-100-govde-aluminyum-otel-cafe-restoran-semsiyeleri-2.png\" alt=\"clk 6x6 \u015femsiye imalat\u0131 sat\u0131\u015f\u0131\" width=\"495\" height=\"392\" \/><\/a><p id=\"caption-attachment-2069\" class=\"wp-caption-text\">clk 6&#215;6 \u015femsiye imalat\u0131 sat\u0131\u015f\u0131<\/p><\/div>\n","protected":false},"excerpt":{"rendered":"<p>CLK 6&#215;6 Metre Ortadan Direkli Al\u00fcminyum Teleskopik \u015eemsiye \u0130malat\u0131 Sat\u0131\u015f\u0131 CLK \u015eemsiye \u0130malat\u0131 ve Sat\u0131\u015f\u0131 \u00c7ap 100 Al\u00fcminyum G\u00f6vde Bask\u0131l\u0131 ve Bask\u0131s\u0131z \u015eemsiye \u0130malat\u0131 ve&#8230;<\/p>\n","protected":false},"featured_media":1198,"comment_status":"open","ping_status":"closed","template":"","meta":{"om_disable_all_campaigns":false,"_monsterinsights_skip_tracking":false,"_monsterinsights_sitenote_active":false,"_monsterinsights_sitenote_note":"","_monsterinsights_sitenote_category":0},"product_brand":[],"product_cat":[506,507,508,509,510,511,512,513,514,515],"product_tag":[516,517,518,519,520,521,522,523,524,525,526,527,528],"class_list":{"0":"post-1033","1":"product","2":"type-product","3":"status-publish","4":"has-post-thumbnail","6":"product_cat-6x6-metre-semsiye","7":"product_cat-cafe-semsiyesi","8":"product_cat-clk-6x6-metre-cap-100-aluminyum-semsiye-imalati-satisi","9":"product_cat-clk-aluminyum-semsiye-6x6-metre","10":"product_cat-clk-semsiye","11":"product_cat-clk-semsiye-imalati-ve-satisi","12":"product_cat-clk-teleskopik-semsiye","13":"product_cat-logo-baskili-semsiye","14":"product_cat-otel-semsiyeleri","15":"product_cat-restoran-semsiyesi","16":"product_tag-6x6-metre-semsiye-fiyat","17":"product_tag-6x6-semsiye-fiyatlari","18":"product_tag-cafe-semsiye-fiyatlari","19":"product_tag-cafe-semsiye-modelleri","20":"product_tag-clk-6x6-semsiye-fiyat","21":"product_tag-clk-6x6-teleskopik-semsiye","22":"product_tag-clk-baskili-semsiye","23":"product_tag-clk-cafe-semsiye","24":"product_tag-clk-semsiye","25":"product_tag-clk-semsiye-imalati","26":"product_tag-clk-teleskopik-semsiye","27":"product_tag-restoran-semsiyesi","28":"product_tag-teleskopik-semsiye","30":"first","31":"instock","32":"shipping-taxable","33":"product-type-simple"},"aioseo_notices":[],"_links":{"self":[{"href":"http:\/\/www.katlanabilirtentefiyatlari.com\/index.php\/wp-json\/wp\/v2\/product\/1033","targetHints":{"allow":["GET"]}}],"collection":[{"href":"http:\/\/www.katlanabilirtentefiyatlari.com\/index.php\/wp-json\/wp\/v2\/product"}],"about":[{"href":"http:\/\/www.katlanabilirtentefiyatlari.com\/index.php\/wp-json\/wp\/v2\/types\/product"}],"replies":[{"embeddable":true,"href":"http:\/\/www.katlanabilirtentefiyatlari.com\/index.php\/wp-json\/wp\/v2\/comments?post=1033"}],"wp:featuredmedia":[{"embeddable":true,"href":"http:\/\/www.katlanabilirtentefiyatlari.com\/index.php\/wp-json\/wp\/v2\/media\/1198"}],"wp:attachment":[{"href":"http:\/\/www.katlanabilirtentefiyatlari.com\/index.php\/wp-json\/wp\/v2\/media?parent=1033"}],"wp:term":[{"taxonomy":"product_brand","embeddable":true,"href":"http:\/\/www.katlanabilirtentefiyatlari.com\/index.php\/wp-json\/wp\/v2\/product_brand?post=1033"},{"taxonomy":"product_cat","embeddable":true,"href":"http:\/\/www.katlanabilirtentefiyatlari.com\/index.php\/wp-json\/wp\/v2\/product_cat?post=1033"},{"taxonomy":"product_tag","embeddable":true,"href":"http:\/\/www.katlanabilirtentefiyatlari.com\/index.php\/wp-json\/wp\/v2\/product_tag?post=1033"}],"curies":[{"name":"wp","href":"https:\/\/api.w.org\/{rel}","templated":true}]}}