{"id":1030,"date":"2023-03-12T16:35:07","date_gmt":"2023-03-12T16:35:07","guid":{"rendered":"http:\/\/www.katlanabilirtentefiyatlari.com\/?post_type=product&#038;p=1030"},"modified":"2023-03-12T16:36:52","modified_gmt":"2023-03-12T16:36:52","slug":"clk-3x4-tavan-logo-baskili-katlanabilir-tente-gazebo-stand-cadir-imalati-satisi","status":"publish","type":"product","link":"http:\/\/www.katlanabilirtentefiyatlari.com\/index.php\/urun\/clk-3x4-tavan-logo-baskili-katlanabilir-tente-gazebo-stand-cadir-imalati-satisi\/","title":{"rendered":"CLK 3&#215;4 Tavan Logo Bask\u0131l\u0131 Katlanabilir Tente Gazebo Stand \u00c7ad\u0131r \u0130malat\u0131 Sat\u0131\u015f\u0131"},"content":{"rendered":"<h2 style=\"text-align: center;\">CLK 3&#215;4 Tavan Logo Bask\u0131l\u0131 Katlanabilir Tente Gazebo Stand \u00c7ad\u0131r \u0130malat\u0131 Sat\u0131\u015f\u0131<\/h2>\n<h2><\/h2>\n<h3>CLK GARDEN &#8211; GAZEBO \u00c7ADIR<\/h3>\n<p><strong>T\u00fcrkiye&#8217;de Tek \u0130malat\u00e7\u0131 Firma CLK Ticaret Garantisi<\/strong><\/p>\n<h3>CLK 3&#215;4 Metre Gazebo Katlanabilir Tente \u00c7ad\u0131r<\/h3>\n<p><strong>30 mm \u00e7elik profil, 40 mm \u00e7elik profil, 40 mm al\u00fcminyum profil, 52 mm al\u00fcminyum profil<\/strong><\/p>\n<div>\u0130malat\u00e7\u0131 firma\u00a0CLK T\u0130CARET\u00a0g\u00fcvencesi ile %100 su ge\u00e7irmez Oxford kuma\u015f ile \u00fcretilmi\u015f, branda ve iskelet garantili katlanabilir gazebo \u00e7ad\u0131rlar\u0131.<\/div>\n<div><\/div>\n<div>Logonuzu payla\u015farak sa\u00e7aklara logo bask\u0131l\u0131 \u00e7ad\u0131r sipari\u015fi verebilirsiniz. Etekler logo bask\u0131l\u0131 gazebo \u00e7ad\u0131rlar\u0131 imalat\u0131 ve sat\u0131\u015f\u0131 yapan lider firma CLK garantili.<\/div>\n<div><\/div>\n<div><strong>3&#215;4 tavan logo dijital bask\u0131l\u0131<\/strong> \u00e7ad\u0131r sipari\u015fi vermek i\u00e7in<strong> 0 533 925 36 78<\/strong> numaral\u0131 telefon ile bize ula\u015f\u0131n.<\/div>\n<ul>\n<li>17 Farkl\u0131 Branda (Kuma\u015f) Renk Se\u00e7ene\u011fi<\/li>\n<li>%100 Su Ge\u00e7irmez Tavan<\/li>\n<li>Ayaklar\u0131nda yere sabitlemek i\u00e7in delikler bulunmaktad\u0131r,<\/li>\n<\/ul>\n<div><\/div>\n<h3>CLK Tavan Kuma\u015f Logo Bask\u0131l\u0131 \u00c7ad\u0131r Sipari\u015f Hatt\u0131:<\/h3>\n<div>Ankara: 0 312 429 02 09<\/div>\n<div><\/div>\n<div>\u0130stanbul: 0 216 599 03 53<\/div>\n<div><\/div>\n<div>\u0130zmir: 0 850 885 13 65<\/div>\n<div><\/div>\n<div>Bursa: 0 850 885 20 19<\/div>\n<div><\/div>\n<div>Antalya: 0 850 885 20 29<\/div>\n<div><\/div>\n<div>Adana: 0 850 885 19 89<\/div>\n<div><\/div>\n<div>\u0130zmit-Kocaeli: 0 850 885 13 65<\/div>\n<div><\/div>\n<div><strong>T\u00fcrkiye geneli sipari\u015f hatt\u0131: 0 533 925 36 78<\/strong><\/div>\n<div><\/div>\n<div>E-mail: <a href=\"mailto:info@clkticaret.com\"><strong>info@clkticaret.com<\/strong><\/a><\/div>\n<div><\/div>\n<div><\/div>\n<div><\/div>\n<div>\n<div id=\"attachment_2032\" style=\"width: 575px\" class=\"wp-caption aligncenter\"><a href=\"http:\/\/www.bahcebalkonmobilyalari.com.tr\/?attachment_id=2032\" rel=\"attachment wp-att-2032\"><img loading=\"lazy\" decoding=\"async\" aria-describedby=\"caption-attachment-2032\" class=\" wp-image-2032\" src=\"http:\/\/www.bahcebalkonmobilyalari.com.tr\/wp-content\/uploads\/2022\/04\/clk_ticaret_baski_acik_cadir_komple_baski_2.jpg\" alt=\"clk 3x4 logo bask\u0131l\u0131 gazebo tente katlan\u0131r \u00e7ad\u0131r \" width=\"565\" height=\"565\" \/><\/a><p id=\"caption-attachment-2032\" class=\"wp-caption-text\">clk 3&#215;4 logo bask\u0131l\u0131 gazebo tente katlan\u0131r \u00e7ad\u0131r<\/p><\/div>\n<\/div>\n","protected":false},"excerpt":{"rendered":"<p>CLK 3&#215;4 Tavan Logo Bask\u0131l\u0131 Katlanabilir Tente Gazebo Stand \u00c7ad\u0131r \u0130malat\u0131 Sat\u0131\u015f\u0131 CLK GARDEN &#8211; GAZEBO \u00c7ADIR T\u00fcrkiye&#8217;de Tek \u0130malat\u00e7\u0131 Firma CLK Ticaret Garantisi CLK&#8230;<\/p>\n","protected":false},"featured_media":1195,"comment_status":"open","ping_status":"closed","template":"","meta":{"om_disable_all_campaigns":false,"_monsterinsights_skip_tracking":false,"_monsterinsights_sitenote_active":false,"_monsterinsights_sitenote_note":"","_monsterinsights_sitenote_category":0},"product_brand":[],"product_cat":[482,426,275,276,477,459,435,483,484,485],"product_tag":[486,487,488,489,490,121,122,126,272,130,284],"class_list":{"0":"post-1030","1":"product","2":"type-product","3":"status-publish","4":"has-post-thumbnail","6":"product_cat-clk-3x4-baskili-gazebo-cadir","7":"product_cat-clk-3x4-logo-baskili-tente","8":"product_cat-clk-3x4-logo-dijital-kumas-baskili-gazebo-tente-katlanir-cadir","9":"product_cat-clk-3x4-tavan-baskili-gazebo-katlanir-cadir","10":"product_cat-clk-baskili-gazebo-tente","11":"product_cat-clk-baskili-stand-cadiri-imalati-satisi","12":"product_cat-clk-gazebo-baskili-cadir-gazebo-stand-cadiri-tente-imalati","13":"product_cat-clk-katlanir-gazebo-cadir","14":"product_cat-clk-katlanir-tente","15":"product_cat-clk-promosyon-cadiri","16":"product_tag-clk-3x4-baskili-gazebo-tente","17":"product_tag-clk-3x4-baskili-stand-cadiri","18":"product_tag-clk-3x4-kumas-baskili-cadir","19":"product_tag-clk-3x4-logo-baskili-cadir","20":"product_tag-clk-3x4-metre-baskili-cadir","21":"product_tag-etkinlik-cadiri","22":"product_tag-fuar-cadiri","23":"product_tag-organizasyon-cadiri","24":"product_tag-promosyon-cadiri","25":"product_tag-stand-cadiri","26":"product_tag-tanitim-cadiri","28":"first","29":"instock","30":"shipping-taxable","31":"product-type-simple"},"aioseo_notices":[],"_links":{"self":[{"href":"http:\/\/www.katlanabilirtentefiyatlari.com\/index.php\/wp-json\/wp\/v2\/product\/1030","targetHints":{"allow":["GET"]}}],"collection":[{"href":"http:\/\/www.katlanabilirtentefiyatlari.com\/index.php\/wp-json\/wp\/v2\/product"}],"about":[{"href":"http:\/\/www.katlanabilirtentefiyatlari.com\/index.php\/wp-json\/wp\/v2\/types\/product"}],"replies":[{"embeddable":true,"href":"http:\/\/www.katlanabilirtentefiyatlari.com\/index.php\/wp-json\/wp\/v2\/comments?post=1030"}],"wp:featuredmedia":[{"embeddable":true,"href":"http:\/\/www.katlanabilirtentefiyatlari.com\/index.php\/wp-json\/wp\/v2\/media\/1195"}],"wp:attachment":[{"href":"http:\/\/www.katlanabilirtentefiyatlari.com\/index.php\/wp-json\/wp\/v2\/media?parent=1030"}],"wp:term":[{"taxonomy":"product_brand","embeddable":true,"href":"http:\/\/www.katlanabilirtentefiyatlari.com\/index.php\/wp-json\/wp\/v2\/product_brand?post=1030"},{"taxonomy":"product_cat","embeddable":true,"href":"http:\/\/www.katlanabilirtentefiyatlari.com\/index.php\/wp-json\/wp\/v2\/product_cat?post=1030"},{"taxonomy":"product_tag","embeddable":true,"href":"http:\/\/www.katlanabilirtentefiyatlari.com\/index.php\/wp-json\/wp\/v2\/product_tag?post=1030"}],"curies":[{"name":"wp","href":"https:\/\/api.w.org\/{rel}","templated":true}]}}