{"id":1026,"date":"2023-03-12T16:35:05","date_gmt":"2023-03-12T16:35:05","guid":{"rendered":"http:\/\/www.katlanabilirtentefiyatlari.com\/?post_type=product&#038;p=1026"},"modified":"2023-03-12T16:36:47","modified_gmt":"2023-03-12T16:36:47","slug":"clk-4x4-sacak-logo-baskili-katlanabilir-tente-gazebo-cadir-imalati-satisi","status":"publish","type":"product","link":"http:\/\/www.katlanabilirtentefiyatlari.com\/index.php\/urun\/clk-4x4-sacak-logo-baskili-katlanabilir-tente-gazebo-cadir-imalati-satisi\/","title":{"rendered":"CLK 4&#215;4 Sa\u00e7ak Logo Bask\u0131l\u0131 Katlanabilir Tente Gazebo \u00c7ad\u0131r \u0130malat\u0131 Sat\u0131\u015f\u0131"},"content":{"rendered":"<h2 style=\"text-align: center;\">CLK 4&#215;4 SA\u00c7AK LOGO BASKILI KATLANIR GAZEBO TENTE \u0130MALATI SATI\u015eI<\/h2>\n<h2><\/h2>\n<h3>CLK GARDEN &#8211; GAZEBO \u00c7ADIR<\/h3>\n<p><strong>T\u00fcrkiye&#8217;de Tek \u0130malat\u00e7\u0131 Firma CLK Ticaret Garantisi<\/strong><\/p>\n<h3>CLK 4&#215;4 Metre Gazebo Katlanabilir Tente \u00c7ad\u0131r<\/h3>\n<p><strong>40 mm \u00e7elik profil, 40 mm al\u00fcminyum ve 52 mm al\u00fcminyum profil ile imalat se\u00e7enekleri<\/strong><\/p>\n<div>\u0130malat\u00e7\u0131 firma\u00a0CLK T\u0130CARET\u00a0g\u00fcvencesi ile %100 su ge\u00e7irmez Oxford kuma\u015f ile \u00fcretilmi\u015f, branda ve iskelet garantili katlanabilir gazebo \u00e7ad\u0131rlar\u0131.<\/div>\n<div><\/div>\n<div>Logonuzu payla\u015farak sa\u00e7aklara logo bask\u0131l\u0131 \u00e7ad\u0131r sipari\u015fi verebilirsiniz. Etekler logo bask\u0131l\u0131 gazebo \u00e7ad\u0131rlar\u0131 imalat\u0131 ve sat\u0131\u015f\u0131 yapan lider firma CLK garantili.<\/div>\n<div><\/div>\n<div>4&#215;4 sa\u00e7ak bask\u0131l\u0131 \u00e7ad\u0131r sipari\u015fi vermek i\u00e7in<strong> 0 533 925 36 78<\/strong> numaral\u0131 telefon ile bize ula\u015f\u0131n.<\/div>\n<ul>\n<li>17 Farkl\u0131 Branda (Kuma\u015f) Renk Se\u00e7ene\u011fi<\/li>\n<li>%100 Su Ge\u00e7irmez Tavan<\/li>\n<li>Ayaklar\u0131nda yere sabitlemek i\u00e7in delikler bulunmaktad\u0131r,<\/li>\n<\/ul>\n<div><\/div>\n<h3>CLK Sa\u00e7ak &#8211; Etek Logo Bask\u0131l\u0131 \u00c7ad\u0131r Sipari\u015f Hatt\u0131:<\/h3>\n<div>Ankara: 0 312 429 02 09<\/div>\n<div><\/div>\n<div>\u0130stanbul: 0 216 599 03 53<\/div>\n<div><\/div>\n<div>\u0130zmir: 0 850 885 13 65<\/div>\n<div><\/div>\n<div>Bursa: 0 850 885 20 19<\/div>\n<div><\/div>\n<div>Antalya: 0 850 885 20 29<\/div>\n<div><\/div>\n<div>Adana: 0 850 885 19 89<\/div>\n<div><\/div>\n<div>\u0130zmit-Kocaeli: 0 850 885 13 65<\/div>\n<div><\/div>\n<div><strong>T\u00fcrkiye geneli sipari\u015f hatt\u0131: 0 533 925 36 78<\/strong><\/div>\n<div><\/div>\n<div>E-mail: <a href=\"mailto:info@clkticaret.com\"><strong>info@clkticaret.com<\/strong><\/a><\/div>\n<div><\/div>\n<div>\n<div id=\"attachment_1989\" style=\"width: 438px\" class=\"wp-caption aligncenter\"><a href=\"http:\/\/www.bahcebalkonmobilyalari.com.tr\/?attachment_id=1989\" rel=\"attachment wp-att-1989\"><img loading=\"lazy\" decoding=\"async\" aria-describedby=\"caption-attachment-1989\" class=\" wp-image-1989\" src=\"http:\/\/www.bahcebalkonmobilyalari.com.tr\/wp-content\/uploads\/2022\/04\/clk_ticaret_4x4_cadir_beyaz.jpg\" alt=\"CLK 4x4 Logo Sa\u00e7ak Etek Bask\u0131l\u0131 Gazebo Tente Stand \u00c7ad\u0131r\u0131\" width=\"428\" height=\"428\" \/><\/a><p id=\"caption-attachment-1989\" class=\"wp-caption-text\">CLK 4&#215;4 Logo Sa\u00e7ak Etek Bask\u0131l\u0131 Gazebo Tente Stand \u00c7ad\u0131r\u0131<\/p><\/div>\n<\/div>\n<div><\/div>\n<div><\/div>\n","protected":false},"excerpt":{"rendered":"<p>CLK 4&#215;4 SA\u00c7AK LOGO BASKILI KATLANIR GAZEBO TENTE \u0130MALATI SATI\u015eI CLK GARDEN &#8211; GAZEBO \u00c7ADIR T\u00fcrkiye&#8217;de Tek \u0130malat\u00e7\u0131 Firma CLK Ticaret Garantisi CLK 4&#215;4 Metre&#8230;<\/p>\n","protected":false},"featured_media":1172,"comment_status":"open","ping_status":"closed","template":"","meta":{"om_disable_all_campaigns":false,"_monsterinsights_skip_tracking":false,"_monsterinsights_sitenote_active":false,"_monsterinsights_sitenote_note":"","_monsterinsights_sitenote_category":0},"product_brand":[],"product_cat":[441,442,443,444,445,446,435,447,448],"product_tag":[449,450,451,452,453,454,455],"class_list":{"0":"post-1026","1":"product","2":"type-product","3":"status-publish","4":"has-post-thumbnail","6":"product_cat-clk-4x4-logo-etek-baskili-tente-imalati-satisi","7":"product_cat-clk-4x4-logo-sacak-baskili-cadir","8":"product_cat-clk-4x4-logo-sacak-baskili-gazebo-tente","9":"product_cat-clk-4x4-logo-sacak-baskili-gazebo-tente-cadir","10":"product_cat-clk-4x4-sacak-baskili-tente","11":"product_cat-clk-etek-logo-baskili-stand-cadiri","12":"product_cat-clk-gazebo-baskili-cadir-gazebo-stand-cadiri-tente-imalati","13":"product_cat-clk-gazebo-sacak-baskili-tente","14":"product_cat-clk-sacak-baskili-tente","15":"product_tag-4x4-logo-baskili-tente","16":"product_tag-clk-4x4-baskili-tente","17":"product_tag-clk-4x4-metre-gazebo-cadir","18":"product_tag-clk-4x4-sacak-baskili-gazebo-cadir","19":"product_tag-clk-4x4-tente-imalati","20":"product_tag-clk-baskili-gazebo-cadir","21":"product_tag-clk-sacak-etek-baskili-katlanir-gazebo-tente-imalati-satisi","23":"first","24":"instock","25":"shipping-taxable","26":"product-type-simple"},"aioseo_notices":[],"_links":{"self":[{"href":"http:\/\/www.katlanabilirtentefiyatlari.com\/index.php\/wp-json\/wp\/v2\/product\/1026","targetHints":{"allow":["GET"]}}],"collection":[{"href":"http:\/\/www.katlanabilirtentefiyatlari.com\/index.php\/wp-json\/wp\/v2\/product"}],"about":[{"href":"http:\/\/www.katlanabilirtentefiyatlari.com\/index.php\/wp-json\/wp\/v2\/types\/product"}],"replies":[{"embeddable":true,"href":"http:\/\/www.katlanabilirtentefiyatlari.com\/index.php\/wp-json\/wp\/v2\/comments?post=1026"}],"wp:featuredmedia":[{"embeddable":true,"href":"http:\/\/www.katlanabilirtentefiyatlari.com\/index.php\/wp-json\/wp\/v2\/media\/1172"}],"wp:attachment":[{"href":"http:\/\/www.katlanabilirtentefiyatlari.com\/index.php\/wp-json\/wp\/v2\/media?parent=1026"}],"wp:term":[{"taxonomy":"product_brand","embeddable":true,"href":"http:\/\/www.katlanabilirtentefiyatlari.com\/index.php\/wp-json\/wp\/v2\/product_brand?post=1026"},{"taxonomy":"product_cat","embeddable":true,"href":"http:\/\/www.katlanabilirtentefiyatlari.com\/index.php\/wp-json\/wp\/v2\/product_cat?post=1026"},{"taxonomy":"product_tag","embeddable":true,"href":"http:\/\/www.katlanabilirtentefiyatlari.com\/index.php\/wp-json\/wp\/v2\/product_tag?post=1026"}],"curies":[{"name":"wp","href":"https:\/\/api.w.org\/{rel}","templated":true}]}}